{"id":3,"date":"2024-09-30T06:51:04","date_gmt":"2024-09-30T06:51:04","guid":{"rendered":"https:\/\/en.adanaorganize.org.tr\/?page_id=3"},"modified":"2024-10-08T16:02:07","modified_gmt":"2024-10-08T13:02:07","slug":"privacy-policy","status":"publish","type":"page","link":"https:\/\/en.adanaorganize.org.tr\/zh\/%e5%85%ac%e5%8f%b8\/%e9%9a%90%e7%a7%81%e6%94%bf%e7%ad%96\/","title":{"rendered":"\u9690\u79c1\u653f\u7b56"},"content":{"rendered":"<p><strong><u>\u5173\u4e8e\u4fdd\u62a4\u4e2a\u4eba\u6570\u636e\u7684\u6f84\u6e05\u6587\u672c<\/u><\/strong><\/p>\n<ol>\n<li><strong><u>\u6570\u636e\u63a7\u5236\u5458<\/u><\/strong><\/li>\n<\/ol>\n<p>\u4f5c\u4e3a\u7b2c 6698 \u53f7\u300a\u4e2a\u4eba\u6570\u636e\u4fdd\u62a4\u6cd5\u300b\u7b2c 10 \u6761\u548c\u300a\u5173\u4e8e\u5c65\u884c\u62ab\u9732\u4e49\u52a1\u5e94\u9075\u5faa\u7684\u7a0b\u5e8f\u548c\u539f\u5219\u7684\u516c\u62a5\u300b\u8303\u56f4\u5185\u7684\u6570\u636e\u63a7\u5236\u8005\uff0c\u672c\u62ab\u9732\u6587\u672c\u00a0<strong>\u963f\u8fbe\u7eb3\u54c8\u5947-\u8428\u73ed\u5947\u6709\u7ec4\u7ec7\u5de5\u4e1a\u533a\u7ba1\u7406\u5c40\uff08\"AOSB\uff09<\/strong>\u00a0(\u5730\u5740\uff1aAdana Hac\u0131 Sabanc\u0131 Organized Industrial Zone \u00c7ukurova Cd No\uff1aAdana Hac\u0131 Sabanc\u0131 Organized Industrial Zone \u00c7ukurova Cd No. 4 Sar\u0131\u00e7am ADANA\uff0c\u7535\u8bdd\uff1a90 322 394 54 54\uff0c\u7535\u5b50\u90ae\u4ef6\uff1aik@adanaorganize.org.tr\uff09\uff0c\u4e3a\u60a8\uff0c\u6211\u4eec\u5b9d\u8d35\u7684\u8bbf\u5ba2\u3001\u5de5\u4e1a\u5bb6\u3001\u4f9b\u5e94\u5546\u3001\u4e1a\u52a1\u8054\u7cfb\u4eba\u3001\u5546\u4e1a\u8054\u7cfb\u4eba\u4ee5\u53ca\u4e0e\u6211\u4eec\u6709\u4e1a\u52a1\u5173\u7cfb\u7684\u76f8\u5173\u4eba\u5458\u63d0\u4f9b\u670d\u52a1\u3002<\/p>\n<p>\u4e0e\u6211\u4eec\u7ec4\u7ec7\u5171\u4eab\u7684\u6240\u6709\u4e2a\u4eba\u6570\u636e\u5747\u53ef\u6839\u636e\u6cd5\u5f8b\u89c4\u5b9a\u3001\u4e0e\u6211\u4eec\u7684\u6d3b\u52a8\u548c\u670d\u52a1\u5b97\u65e8\u76f8\u5173\u8054\u5e76\u4ee5\u6709\u5206\u5bf8\u7684\u65b9\u5f0f\u8fdb\u884c\u5904\u7406\u3002\u6f84\u6e05\u6587\u672c\u8303\u56f4\u5185\u7684\u8be6\u7ec6\u95ee\u9898\u53ef\u4ece\u6211\u4eec\u7f51\u7ad9\u4e0a\u7684 \"\u4e2a\u4eba\u6570\u636e\u4fdd\u62a4\u548c\u5904\u7406\u653f\u7b56 \"\u4e2d\u83b7\u53d6\u3002<\/p>\n<ol start=\"2\">\n<li><strong><u>\u5b9a\u4e49<\/u><\/strong><\/li>\n<\/ol>\n<table>\n<tbody>\n<tr>\n<td width=\"179\"><strong>\u4e2a\u4eba\u8d44\u6599\u00a0<\/strong><\/td>\n<td width=\"425\">\u4e0e\u5df2\u8bc6\u522b\u6216\u53ef\u8bc6\u522b\u7684\u81ea\u7136\u4eba\u6709\u5173\u7684\u4efb\u4f55\u4fe1\u606f<\/td>\n<\/tr>\n<tr>\n<td width=\"179\"><strong>\u4e2a\u4eba\u8d44\u6599<\/strong><\/p>\n<p>&nbsp;<\/p>\n<p><strong>\u52a0\u5de5<\/strong><\/p>\n<\/td>\n<td width=\"425\">\u5bf9\u4e2a\u4eba\u6570\u636e\u8fdb\u884c\u7684\u5404\u79cd\u64cd\u4f5c\uff0c\u5982\u83b7\u53d6\u3001\u8bb0\u5f55\u3001\u5b58\u50a8\u3001\u4fdd\u5b58\u3001\u66f4\u6539\u3001\u91cd\u65b0\u5b89\u6392\u3001\u62ab\u9732\u3001 \u8f6c\u79fb\u3001\u63a5\u7ba1\u3001\u63d0\u4f9b\u3001\u5206\u7c7b\u6216\u963b\u6b62\u4f7f\u7528\u4e2a\u4eba\u6570\u636e\uff0c\u8fd9\u4e9b\u64cd\u4f5c\u53ef\u4ee5\u662f\u5b8c\u5168\u81ea\u52a8\u6216\u90e8\u5206\u81ea \u52a8\u7684\uff0c\u4e5f\u53ef\u4ee5\u662f\u975e\u81ea\u52a8\u7684\uff0c\u6761\u4ef6\u662f\u8fd9\u4e9b\u64cd\u4f5c\u662f\u4efb\u4f55\u6570\u636e\u8bb0\u5f55\u7cfb\u7edf\u7684\u4e00\u90e8\u5206\u3002<\/td>\n<\/tr>\n<tr>\n<td width=\"179\"><strong>\u4e70\u5bb6\u56e2<\/strong><\/td>\n<td width=\"425\">\u6570\u636e\u63a7\u5236\u8005\u5411\u5176\u4f20\u8f93\u4e2a\u4eba\u6570\u636e\u7684\u81ea\u7136\u4eba\u6216\u6cd5\u4eba\u7c7b\u522b<\/td>\n<\/tr>\n<tr>\n<td width=\"179\"><strong>\u8054\u7cfb\u4eba<\/strong><\/td>\n<td width=\"425\">\u4e2a\u4eba\u6570\u636e\u88ab\u5904\u7406\u7684\u81ea\u7136\u4eba<\/td>\n<\/tr>\n<tr>\n<td width=\"179\"><strong>\u6570\u636e\u8bb0\u5f55\u7cfb\u7edf<\/strong><\/td>\n<td width=\"425\">\u4efb\u4f55\u5305\u542b\u5b8c\u5168\u6216\u90e8\u5206\u81ea\u52a8\u5316\u6216\u901a\u8fc7\u975e\u81ea\u52a8\u5316\u624b\u6bb5\u5904\u7406\u7684\u4e2a\u4eba\u6570\u636e\u7684\u4ecb\u8d28\uff0c\u53ea\u8981\u5b83\u662f\u4efb\u4f55\u6570\u636e\u8bb0\u5f55\u7cfb\u7edf\u7684\u4e00\u90e8\u5206\u3001<\/td>\n<\/tr>\n<tr>\n<td width=\"179\"><strong>\u6570\u636e\u63a7\u5236\u5458<\/strong><\/td>\n<td width=\"425\">\u786e\u5b9a\u4e2a\u4eba\u6570\u636e\u5904\u7406\u76ee\u7684\u548c\u65b9\u5f0f\u5e76\u8d1f\u8d23\u5efa\u7acb\u548c\u7ba1\u7406\u6570\u636e\u8bb0\u5f55\u7cfb\u7edf\u7684\u81ea\u7136\u4eba\u6216\u6cd5\u4eba\u3001\u00a0<u>\u662f\u6307<\/u><\/td>\n<\/tr>\n<\/tbody>\n<\/table>\n<p>&nbsp;<\/p>\n<ol start=\"3\">\n<li><strong><u>\u4e2a\u4eba\u8d44\u6599\u548c\u5904\u7406\u4e2a\u4eba\u8d44\u6599\u7684\u76ee\u7684<\/u><\/strong><\/li>\n<\/ol>\n<p>\u5982\u679c\u60a8\u4e0e\u6211\u4eec\u5171\u4eab\u60a8\u7684\u4e2a\u4eba\u6570\u636e\uff0c\u6216\u5728\u5fc5\u8981\u65f6\uff0c\u6211\u4eec\u53ef\u80fd\u4f1a\u5904\u7406\u60a8\u7684\u4ee5\u4e0b\u4e2a\u4eba\u6570\u636e\uff1a<\/p>\n<table>\n<tbody>\n<tr>\n<td width=\"179\"><strong>\u6570\u636e\u7c7b\u522b<\/strong><\/td>\n<td width=\"425\"><strong>\u4e2a\u4eba\u8d44\u6599<\/strong><\/td>\n<\/tr>\n<tr>\n<td width=\"179\"><strong>\u8eab\u4efd\u6570\u636e<\/strong><\/td>\n<td width=\"425\">\u60a8\u7684\u59d3\u540d\u3001\u8eab\u4efd\u8bc1\u53f7\u7801\u3001\u7b7e\u540d\u7b49\u3002<\/td>\n<\/tr>\n<tr>\n<td width=\"179\"><strong>\u8054\u7cfb\u6570\u636e<\/strong><\/td>\n<td width=\"425\">\u5730\u5740\u3001\u7535\u5b50\u90ae\u4ef6\u5730\u5740\u3001\u7535\u8bdd\u53f7\u7801\u7b49\u3002<\/td>\n<\/tr>\n<tr>\n<td width=\"179\"><strong>\u5ba2\u6237\u4ea4\u6613<\/strong><\/td>\n<td width=\"425\">\u53d1\u7968\u3001\u671f\u7968\u3001\u652f\u7968\u4fe1\u606f\u3001\u7533\u8bf7\u4fe1\u606f\u7b49\u3002<\/td>\n<\/tr>\n<tr>\n<td width=\"179\"><strong>\u7269\u7406\u7a7a\u95f4\u5b89\u5168<\/strong><\/td>\n<td width=\"425\">\u51fa\u5165\u5883\u767b\u8bb0\u4fe1\u606f\u3001\u76f8\u673a\u8bb0\u5f55\u7b49\u3002<\/td>\n<\/tr>\n<tr>\n<td width=\"179\"><strong>\u6d41\u7a0b\u5b89\u5168<\/strong><\/td>\n<td width=\"425\">IP \u5730\u5740\u4fe1\u606f\u3001\u7f51\u7ad9\u767b\u5f55\u548c\u9000\u51fa\u4fe1\u606f\u3001\u5bc6\u7801\u548c\u53e3\u4ee4\u4fe1\u606f\u7b49\u3002<\/td>\n<\/tr>\n<tr>\n<td width=\"179\"><strong>\u8d22\u52a1<\/strong><\/td>\n<td width=\"425\">\u94f6\u884c\u8d26\u6237\u4fe1\u606f\u7b49<\/td>\n<\/tr>\n<tr>\n<td width=\"179\"><strong>\u4e13\u4e1a\u7ecf\u5386<\/strong><\/td>\n<td width=\"425\">\u804c\u79f0\u3001\u6587\u51ed\u4fe1\u606f\u3001\u53c2\u52a0\u8fc7\u7684\u8bfe\u7a0b\u3001\u5728\u804c\u57f9\u8bad\u4fe1\u606f\u3001\u8bc1\u4e66\u7b49\u3002<\/td>\n<\/tr>\n<tr>\n<td width=\"179\"><strong>\u4eba\u5458<\/strong><\/td>\n<td width=\"425\">\u516c\u53f8\u4fe1\u606f\u3001\u804c\u79f0\u4fe1\u606f\u7b49<\/td>\n<\/tr>\n<tr>\n<td width=\"179\"><strong>\u6cd5\u5f8b\u884c\u52a8<\/strong><\/td>\n<td width=\"425\">\u4e0e\u53f8\u6cd5\u5f53\u5c40\u7684\u901a\u4fe1\u4fe1\u606f\u3001\u6848\u4ef6\u5377\u5b97\u4fe1\u606f\u7b49\u3002<\/td>\n<\/tr>\n<tr>\n<td width=\"179\"><strong>\u4e13\u4e1a\u7ecf\u5386<\/strong><\/td>\n<td width=\"425\">\u6587\u51ed\u4fe1\u606f\u3001\u53c2\u52a0\u8fc7\u7684\u8bfe\u7a0b\u3001\u5728\u804c\u57f9\u8bad\u4fe1\u606f\u3001\u8bc1\u4e66\u3001\u6210\u7ee9\u5355\u4fe1\u606f\u7b49\u3002<\/td>\n<\/tr>\n<tr>\n<td width=\"179\"><strong>\u97f3\u50cf\u8bb0\u5f55<\/strong><\/td>\n<td width=\"425\">\u56fe\u50cf\u3001\u89c6\u9891\u7b49<\/td>\n<\/tr>\n<\/tbody>\n<\/table>\n<p>&nbsp;<\/p>\n<p>\u672c\u7ec4\u7ec7\u5904\u7406\u60a8\u7684\u4e2a\u4eba\u6570\u636e\u7684\u76ee\u7684\u5982\u4e0b\uff1a<\/p>\n<p><strong><u>\u60a8\u7684\u4e2a\u4eba\u6570\u636e\uff1b<\/u><\/strong>\u00a0\u5904\u7406\u60a8\u4e2a\u4eba\u6570\u636e\u7684\u76ee\u7684\u4e0d\u53d7\u9650\u5236\uff1a\u672c\u5c40\u5f00\u5c55\u5fc5\u8981\u7684\u4e1a\u52a1\u6d3b\u52a8\uff0c\u672c\u5c40\u5404\u4e1a\u52a1\u90e8\u95e8\u548c\u529e\u4e8b\u5904\u5f00\u5c55\u5fc5\u8981\u7684\u5de5\u4f5c\uff0c\u4ee5\u5c65\u884c\u7b2c 4562 \u53f7\u300aOIZ \u6cd5\u300b\u53ca\u5176\u4ed6\u76f8\u5173\u6cd5\u5f8b\u89c4\u5b9a\u7684\u6d3b\u52a8\u548c\u670d\u52a1\uff0c\u5e76\u5f00\u5c55\u8fd9\u65b9\u9762\u7684\u6d3b\u52a8\u548c\u670d\u52a1\u3002\u6839\u636e\u7acb\u6cd5\u548c\u6211\u5c40\u653f\u7b56\uff0c\u5f00\u5c55\u6d3b\u52a8\u548c\u670d\u52a1\uff1b\u4e3a\u6211\u5c40\u6210\u5458\u6216\u975e\u6210\u5458\u7684\u53c2\u4e0e\u8005\u3001\u7a7a\u95f4\u6240\u6709\u8005\u548c\/\u6216\u79df\u6237\u63d0\u4f9b\u5404\u79cd\u670d\u52a1\uff1b\u786e\u5b9a\u3001\u89c4\u5212\u548c\u5b9e\u65bd\u4e2d\u957f\u671f\u670d\u52a1\u653f\u7b56\uff1b\u8bbe\u8ba1\u548c\u6267\u884c\u6211\u5c40\u7684\u4eba\u529b\u8d44\u6e90\u6d3b\u52a8\u3001\u786e\u4fdd AOSB \u7ba1\u7406\u5c40\u4ee5\u53ca\u4e0e AOSB \u6709\u4e1a\u52a1\u5173\u7cfb\u7684\u771f\u5b9e\u4eba\u5458\u7684\u5546\u4e1a\u548c\u6cd5\u5f8b\u5b89\u5168\uff0c\u786e\u4fdd\u6211\u4eec\u7ba1\u7406\u5c40\u7684\u4e1a\u52a1\u548c\u5458\u5de5\u5b89\u5168\uff0c\u4fdd\u62a4 AOSB \u53ca\u5176\u9644\u5c5e\u673a\u6784\u7684\u58f0\u8a89\u548c\u4fe1\u4efb\uff0c\u521b\u5efa\u548c\u8ddf\u8e2a\u8bbf\u5ba2\u8bb0\u5f55\uff0c\u786e\u4fdd\u7269\u7406\u7a7a\u95f4\u5b89\u5168\uff0c\u6267\u884c\u5e94\u6025\u7ba1\u7406\u6d41\u7a0b\uff0c\u6267\u884c\u4fe1\u606f\u5b89\u5168\u6d41\u7a0b\uff0c\u6267\u884c\u98ce\u9669\u7ba1\u7406\u7a0b\u5e8f\uff0c\u786e\u4fdd\u53ef\u79fb\u52a8\u8d27\u7269\u548c\u8d44\u6e90\u7684\u5b89\u5168\u3001\u786e\u4fdd\u6570\u636e\u63a7\u5236\u64cd\u4f5c\u7684\u5b89\u5168\u6027\uff0c\u6267\u884c\u5ba1\u8ba1\/\u9053\u5fb7\u6d3b\u52a8\uff0c\u6267\u884c\u5185\u90e8\u5ba1\u8ba1\/\u8c03\u67e5\/\u60c5\u62a5\u6d3b\u52a8\uff0c\u5411\u6388\u6743\u4eba\u5458\u3001\u673a\u6784\u548c\u7ec4\u7ec7\u63d0\u4f9b\u4fe1\u606f\uff0c\u6267\u884c\u5408\u540c\u6d41\u7a0b\uff0c\u6267\u884c\u4ea4\u6d41\u6d3b\u52a8\uff0c\u6267\u884c\/\u76d1\u7763\u4e1a\u52a1\u6d3b\u52a8\uff0c\u6267\u884c\u7269\u6d41\u6d3b\u52a8\uff0c\u6267\u884c\u6218\u7565\u89c4\u5212\u6d3b\u52a8\uff0c\u8ddf\u8fdb\u4f9b\u5e94\u94fe\u7ba1\u7406\u6d41\u7a0b\uff0c\u6267\u884c\u6295\u8d44\u6d41\u7a0b\u3001\u7ba1\u7406\u6d3b\u52a8\u7684\u6267\u884c\u3001\u52b3\u8d44\u5173\u7cfb\u7ba1\u7406\u6d41\u7a0b\u7684\u6267\u884c\u3001\u52b3\u8d44\u6ee1\u610f\u5ea6\u6d3b\u52a8\u7684\u6267\u884c\u3001\u7ec4\u7ec7\u548c\u6d3b\u52a8\u7ba1\u7406\u3001\u6cd5\u5f8b\u89c4\u5b9a\u6d3b\u52a8\u7684\u6267\u884c\u3001\u8bbf\u95ee\u6388\u6743\u7684\u6267\u884c\u3001\u6cd5\u5f8b\u4e8b\u52a1\u7684\u8ddf\u8e2a\u548c\u6267\u884c\u3001\u5b58\u50a8\u548c\u5b58\u6863\u6d3b\u52a8\u7684\u6267\u884c\u3001\u8d22\u52a1\u548c\u4f1a\u8ba1\u4e8b\u52a1\u7684\u6267\u884c\u3001\u4e1a\u52a1\u8fde\u7eed\u6027\u6d3b\u52a8\u7684\u6267\u884c\u3001\u8d27\u7269\/\u670d\u52a1\u91c7\u8d2d\u6d41\u7a0b\u7684\u6267\u884c\u7b49\u3002\u51fa\u4e8e\u4e0a\u8ff0\u76ee\u7684\uff0c\u4e2a\u4eba\u6570\u636e\u5c06\u6839\u636e KVKK \u7b2c 5 \u6761\u548c\u7b2c 6 \u6761\u89c4\u5b9a\u7684\u4e2a\u4eba\u6570\u636e\u5904\u7406\u6761\u4ef6\u8fdb\u884c\u5904\u7406\u3002<\/p>\n<ol start=\"4\">\n<li><strong><u>\u4e2a\u4eba\u8d44\u6599\u7684\u8f6c\u79fb<\/u><\/strong><\/li>\n<\/ol>\n<p>\u672c\u7ec4\u7ec7\u6839\u636e KVKK \u4e2d\u6709\u5173\u4e2a\u4eba\u6570\u636e\u4f20\u8f93\u7684\u89c4\u5b9a\u884c\u4e8b\u3002\u60a8\u7684\u4e2a\u4eba\u6570\u636e\uff1b\u300aOIZ \u6cd5\u300b\uff08\u7b2c 4562 \u53f7\uff09\u3001\u300a\u4e92\u8054\u7f51\u51fa\u7248\u7269\u76d1\u7ba1\u548c\u6253\u51fb\u901a\u8fc7\u8fd9\u4e9b\u51fa\u7248\u7269\u5b9e\u65bd\u72af\u7f6a\u7684\u6cd5\u5f8b\u300b\u3001\u300a\u571f\u8033\u5176\u5546\u6cd5\u5178\u300b\u3001\u300a\u7a0e\u52a1\u7a0b\u5e8f\u6cd5\u300b\u3001\u300a\u4e2a\u4eba\u6570\u636e\u4fdd\u62a4\u6cd5\u300b\uff08\u7b2c 6698 \u53f7\uff09\u53ca\u5176\u4ed6\u6cd5\u5f8b\u89c4\u5b9a\u5141\u8bb8\u7684\u673a\u6784\u6216\u7ec4\u7ec7\uff1b\u4e2a\u4eba\u6570\u636e\u4fdd\u62a4\u5c40\u3001\u8d22\u653f\u90e8\u3001\u6d77\u5173\u548c\u8d38\u6613\u90e8\u3001\u52b3\u52a8\u548c\u793e\u4f1a\u4fdd\u969c\u90e8\u30026698\u53f7\u6cd5\u5f8b\u53ca\u5176\u4ed6\u6cd5\u5f8b\uff1b\u4e2a\u4eba\u6570\u636e\u4fdd\u62a4\u5c40\u3001\u8d22\u653f\u90e8\u3001\u6d77\u5173\u548c\u8d38\u6613\u90e8\u3001\u52b3\u52a8\u548c\u793e\u4f1a\u4fdd\u969c\u90e8\u3001\u4fe1\u606f\u6280\u672f\u548c\u901a\u4fe1\u7ba1\u7406\u5c40\u3001OIZ\u4e0a\u7ea7\u7ec4\u7ec7\u53ca\u5176\u5b98\u5458\u3001\u4e0eAOSB\u5408\u4f5c\u6216\u4e0eAOSB\u6709\u4e1a\u52a1\u5f80\u6765\u7684\u516c\u5171\u6cd5\u5f8b\u5b9e\u4f53\uff1b\u4e0e\u6211\u4eec\u7b7e\u8ba2\u5408\u540c\uff0c\u63a5\u53d7\u6211\u4eec\u7684\u670d\u52a1\u4ee5\u5f00\u5c55\u6211\u4eec\u4f5c\u4e3a\u4e00\u4e2a\u673a\u6784\u7684\u6d3b\u52a8\uff0c\u5e76\u4e0e\u6211\u4eec\u5408\u4f5c\uff0c\u4e0e\u6211\u4eec\u4e00\u8d77\u8d1f\u8d23\u91c7\u53d6\u6570\u636e\u5b89\u5168\u63aa\u65bd\uff0c\u5982\u4fdd\u62a4\u60a8\u7684\u5404\u79cd\u4e2a\u4eba\u6570\u636e\uff0c\u9632\u6b62\u672a\u7ecf\u6388\u6743\u7684\u8bbf\u95ee\u548c\u9632\u6b62\u975e\u6cd5\u5904\u7406\u7684\u5b9e\u4f53\u6216\u79c1\u4eba\u6cd5\u5f8b\u5b9e\u4f53\uff1b\u6cd5\u5f8b\u3001\u7a0e\u52a1\u3001\u8d22\u52a1\u987e\u95ee\u3001\u94f6\u884c\u7b49\u3002\u672c\u673a\u6784\u63a5\u53d7\u5176\u63d0\u4f9b\u7684\u670d\u52a1\u3002\u5728\u5ba3\u4f20\u6d3b\u52a8\u3001\u793e\u4ea4\u5a92\u4f53\u5e73\u53f0\u3001\u672c\u673a\u6784\u7f51\u7ad9\u7b49\u8303\u56f4\u5185\u3002\u5728\u5ba3\u4f20\u6d3b\u52a8\u3001\u793e\u4ea4\u5a92\u4f53\u5e73\u53f0\u3001\u672c\u673a\u6784\u7f51\u7ad9\u7b49\u8303\u56f4\u5185\u3002\u901a\u8fc7\u5728\u7f51\u7edc\u6e20\u9053\u516c\u5f00\u53d1\u5e03\/\u5171\u4eab\u56fe\u7247\u3001\u89c6\u9891\u7b49\u89c6\u542c\u6570\u636e\uff1b\u53ef\u5728\u76f8\u5173\u6cd5\u5f8b\u89c4\u5b9a\u7684\u7a0b\u5e8f\u548c\u539f\u5219\u6846\u67b6\u5185\uff0c\u6839\u636e KVKK \u7b2c 8 \u6761\u548c\u7b2c 9 \u6761\u89c4\u5b9a\u7684\u4e2a\u4eba\u6570\u636e\u4f20\u8f93\u6761\u4ef6\u548c\u76ee\u7684\u8fdb\u884c\u4f20\u8f93\u3002<\/p>\n<p>\u5982\u679c\u4e3a\u5c65\u884c\u670d\u52a1\u6240\u5fc5\u9700\uff0c\u4ee5\u53ca\u5728\u6cd5\u5f8b\u89c4\u5b9a\u7684\u5176\u4ed6\u60c5\u51b5\u4e0b\uff0c\u4e2a\u4eba\u6570\u636e\u53ef\u80fd\u4f1a\u88ab\u8f6c\u79fb\u5230\u56fd\u5916\uff0c\u524d\u63d0\u662f\u5728\u88ab\u8f6c\u79fb\u7684\u56fd\u5916\u6709\u8db3\u591f\u7684\u4fdd\u62a4\uff0c\u5982\u679c\u6ca1\u6709\u8db3\u591f\u7684\u4fdd\u62a4\uff0c\u571f\u8033\u5176\u548c\u76f8\u5173\u56fd\u5916\u7684\u6570\u636e\u63a7\u5236\u8005\u4f1a\u4ee5\u4e66\u9762\u5f62\u5f0f\u6216\u5728\u60a8\u660e\u786e\u540c\u610f\u7684\u60c5\u51b5\u4e0b\u627f\u8bfa\u63d0\u4f9b\u8db3\u591f\u7684\u4fdd\u62a4\uff0c\u524d\u63d0\u662f\u7b26\u5408\u7b2c6698\u53f7\u6cd5\u5f8b\u548c\u76f8\u5173\u7acb\u6cd5\u3002<\/p>\n<ol start=\"5\">\n<li><strong><u>\u6536\u96c6\u4e2a\u4eba\u6570\u636e\u7684\u65b9\u6cd5\u548c\u6cd5\u5f8b\u4f9d\u636e<\/u><\/strong><\/li>\n<\/ol>\n<p>\u60a8\u7684\u4e2a\u4eba\u6570\u636e\u53ef\u4ee5\u901a\u8fc7\u4f5c\u4e3a\u6570\u636e\u4e3b\u4f53\u4f20\u9001\u7ed9\u6211\u4eec\u7684\u5404\u79cd\u6587\u4ef6\u3001\u8868\u683c\u3001\u62a5\u544a\u7b49\u65b9\u5f0f\u83b7\u5f97\uff0c\u4e5f\u53ef\u4ee5\u901a\u8fc7\u975e\u81ea\u52a8\u65b9\u5f0f\u83b7\u5f97\uff0c\u524d\u63d0\u662f\u8fd9\u4e9b\u6587\u4ef6\u3001\u8868\u683c\u3001\u62a5\u544a\u7b49\u5c5e\u4e8e\u6570\u636e\u8bb0\u5f55\u7cfb\u7edf\u7684\u4e00\u90e8\u5206\u3002\u540c\u65f6\uff0c\u60a8\u7684\u4e2a\u4eba\u6570\u636e\u4e5f\u53ef\u901a\u8fc7\u81ea\u52a8\u6216\u90e8\u5206\u81ea\u52a8\u7cfb\u7edf\u83b7\u53d6\u6216\u6536\u96c6\u3002<\/p>\n<p>\u672c\u7ec4\u7ec7\u5904\u7406\u60a8\u7684\u4e2a\u4eba\u6570\u636e\u7684\u6cd5\u5f8b\u539f\u56e0\uff1b<\/p>\n<p>\u672c\u673a\u6784\u57fa\u4e8e\u6cd5\u5f8b\u660e\u786e\u89c4\u5b9a\u7684\u5408\u6cd5\u7406\u7531\uff0c\u4e3a\u672c\u8bf4\u660e\u4e2d\u89c4\u5b9a\u7684\u76ee\u7684\u800c\u6536\u96c6\u548c\u5904\u7406\u5c5e\u4e8e\u5408\u540c\u5f53\u4e8b\u4eba\u7684\u4e2a\u4eba\u6570\u636e\uff0c\u53ea\u8981\u8be5\u6570\u636e\u4e0e\u5408\u540c\u7684\u5efa\u7acb\u6216\u5c65\u884c\u76f4\u63a5\u76f8\u5173\u3001\u672c\u673a\u6784\u5fc5\u987b\u5c65\u884c\u5176\u6cd5\u5f8b\u4e49\u52a1\uff1b\u5904\u7406\u6570\u636e\u662f\u4e3a\u4e86\u786e\u7acb\u3001\u4f7f\u7528\u6216\u4fdd\u62a4\u67d0\u9879\u6743\u5229\uff1b\u5904\u7406\u6570\u636e\u662f\u4e3a\u4e86\u672c\u673a\u6784\u7684\u5408\u6cd5\u5229\u76ca\uff0c\u4f46\u4e0d\u5f97\u635f\u5bb3\u60a8\u7684\u57fa\u672c\u6743\u5229\u548c\u81ea\u7531\uff1b\u5728\u4e0a\u8ff0\u6cd5\u5f8b\u539f\u56e0\u4e4b\u5916\u7684\u60c5\u51b5\u4e0b\uff0c\u5fc5\u987b\u5f81\u5f97\u60a8\u7684\u660e\u786e\u540c\u610f\u3002<\/p>\n<ol start=\"6\">\n<li><strong>\u76f8\u5173\u4eba\u5458\u7684\u6743\u5229<\/strong><\/li>\n<\/ol>\n<p>\u4f5c\u4e3a\u6570\u636e\u5f53\u4e8b\u4eba\uff0c\u6211\u4eec\u5728\u6b64\u544a\u77e5\u60a8\uff0c\u6839\u636e\u6cd5\u5f8b\u7b2c 11 \u6761\uff0c\u60a8\u4eab\u6709\u4ee5\u4e0b\u6743\u5229\uff1a\u4e86\u89e3\u60a8\u7684\u4e2a\u4eba\u6570\u636e\u662f\u5426\u5df2\u88ab\u5904\u7406\uff1b\u5982\u679c\u60a8\u7684\u4e2a\u4eba\u6570\u636e\u5df2\u88ab\u5904\u7406\uff0c\u8981\u6c42\u63d0\u4f9b\u76f8\u5173\u4fe1\u606f\uff1b\u4e86\u89e3\u5904\u7406\u60a8\u7684\u4e2a\u4eba\u6570\u636e\u7684\u76ee\u7684\uff0c\u4ee5\u53ca\u60a8\u7684\u4e2a\u4eba\u6570\u636e\u662f\u5426\u6309\u7167\u5904\u7406\u76ee\u7684\u4f7f\u7528\uff1b\u4e86\u89e3\u60a8\u7684\u4e2a\u4eba\u6570\u636e\u5728\u56fd\u5185\u6216\u56fd\u5916\u7684\u4f20\u8f93\u5bf9\u8c61\uff1b\u5728\u5904\u7406\u4e0d\u5b8c\u6574\u6216\u4e0d\u6b63\u786e\u7684\u60c5\u51b5\u4e0b\uff0c\u8981\u6c42\u66f4\u6b63\u60a8\u7684\u4e2a\u4eba\u6570\u636e\uff1b\u5728\u76f8\u5173\u6cd5\u5f8b\u89c4\u5b9a\u7684\u6761\u4ef6\u4e0b\uff0c\u8981\u6c42\u5220\u9664\u6216\u9500\u6bc1\u60a8\u7684\u4e2a\u4eba\u6570\u636e\u3001\u60a8\u6709\u6743\u8981\u6c42\u5c06\u6839\u636e\u76f8\u5173\u6cd5\u5f8b\u8fdb\u884c\u7684\u66f4\u6b63\u3001\u5220\u9664\u548c\u9500\u6bc1\u901a\u77e5\u4e0e\u60a8\u5171\u4eab\u4e2a\u4eba\u6570\u636e\u7684\u7b2c\u4e09\u65b9\uff0c\u6709\u6743\u53cd\u5bf9\u5b8c\u5168\u901a\u8fc7\u81ea\u52a8\u5316\u7cfb\u7edf\u5206\u6790\u60a8\u5904\u7406\u8fc7\u7684\u4e2a\u4eba\u6570\u636e\u800c\u5bfc\u81f4\u5bf9\u60a8\u4e0d\u5229\u7684\u7ed3\u679c\uff0c\u6709\u6743\u5728\u60a8\u56e0\u4e2a\u4eba\u6570\u636e\u88ab\u975e\u6cd5\u5904\u7406\u800c\u906d\u53d7\u635f\u5931\u65f6\u8981\u6c42\u635f\u5bb3\u8d54\u507f\u3002<\/p>\n<p>\u60a8\u53ef\u4ee5\u901a\u8fc7\u586b\u5199\u672c\u673a\u6784\u7f51\u7ad9\u4e0a\u7684\u76f8\u5173\u4eba\u5458\u7533\u8bf7\u8868\uff0c\u5411\u672c\u673a\u6784\u63d0\u4ea4\u4e0a\u8ff0\u6743\u5229\u7533\u8bf7\u3002\u60a8\u53ef\u4ee5\u4ee5\u76f8\u5173\u4eba\u5458\u7684\u8eab\u4efd\u5411\u672c\u673a\u6784\u7684 Adana Hac\u0131 Sabanc\u0131 Organized Industrial Zone \u00c7ukurova Cd No\u3001\u00a0<a href=\"mailto:adanahacisabanciosb@hs02.kep.tr\">adanahacisabanciosb@hs02.kep.tr<\/a>\u00a0\u5982\u679c\u60a8\u901a\u8fc7\u5b89\u5168\u7535\u5b50\u7b7e\u540d\u3001\u624b\u673a\u7b7e\u540d\u6216\uff08\u5982\u6709\uff09\u60a8\u4e4b\u524d\u901a\u77e5\u672c\u673a\u6784\u5e76\u5728\u672c\u673a\u6784\u7cfb\u7edf\u4e2d\u6ce8\u518c\u7684\u7535\u5b50 \u90ae\u4ef6\u5730\u5740\u5411 ik@adanaorganize.org.tr \u63d0\u4ea4\u7533\u8bf7\uff0c\u8be5\u7533\u8bf7\u5c06\u5728 30\uff08\u4e09\u5341\uff09\u5929\u5185\u5f97\u5230\u8bc4\u4f30\u548c\u6700\u7ec8\u786e\u5b9a\u3002\u5728\u76f8\u5173\u4eba\u5458\u63d0\u4ea4\u7684\u7533\u8bf7\u4e2d\uff0c\u5fc5\u987b\u5305\u62ec\u59d3\u540d\u3001\u7b7e\u540d\uff08\u5982\u679c\u662f\u4e66\u9762\u7533\u8bf7\uff09\u3001\u571f\u8033\u5176\u8eab\u4efd\u8bc1\u53f7\u7801\u6216\u56fd \u7c4d\uff08\u5982\u679c\u662f\u5916\u56fd\u56fd\u7c4d\uff09\u3001\u62a4\u7167\u53f7\u7801\u6216\u8eab\u4efd\u8bc1\u53f7\u7801\uff08\u5982\u679c\u6709\uff09\u3001\u4f4f\u5b85\u6216\u529e\u516c\u5730\u5740\uff08\u5982\u679c\u6709\uff09\u3001\u7535\u5b50 \u90ae\u4ef6\u5730\u5740\uff08\u5982\u679c\u6709\uff09\u3001\u7535\u8bdd\u548c\u4f20\u771f\u53f7\u7801\u4ee5\u53ca\u7533\u8bf7\u4e3b\u9898\u3002<\/p>\n<p>\u5728\u5bf9\u7533\u8bf7\u4f5c\u51fa\u4e66\u9762\u7b54\u590d\u7684\u60c5\u51b5\u4e0b\uff0c\u4fdd\u7559\u5bf9\u7b54\u590d\u6536\u53d6\u9ad8\u4e8e\u6cd5\u5f8b\u89c4\u5b9a\u7684\u8d39\u7528\u7684\u6743\u5229\u3002\u5982\u679c\u5bf9\u7533\u8bf7\u7684\u7b54\u590d\u662f\u4ee5\u5149\u76d8\u3001\u95ea\u5b58\u7b49\u8bb0\u5f55\u4ecb\u8d28\u5f62\u5f0f\u63d0\u4f9b\uff0c\u672c\u673a\u6784\u53ef\u5411\u7533\u8bf7\u6570\u636e\u7684\u6240\u6709\u8005\u6536\u53d6\u8bb0\u5f55\u4ecb\u8d28\u7684\u8d39\u7528\u3002<\/p>\n<p><strong>\u6587\u672c\u53d8\u5316<\/strong><\/p>\n<p>\u672c\u673a\u6784\u53ef\u968f\u65f6\u4fee\u6539\u672c\u6587\u672c\u7684\u89c4\u5b9a\u3002\u7ecf\u672c\u673a\u6784\u4fee\u8ba2\u7684\u6761\u6b3e\u81ea\u516c\u5e03\u4e4b\u65e5\u8d77\u751f\u6548\u3002<\/p>","protected":false},"excerpt":{"rendered":"<p>\u5173\u4e8e\u4e2a\u4eba\u6570\u636e\u4fdd\u62a4\u7684\u8bf4\u660e\u6027\u6587\u672c \u6570\u636e\u63a7\u5236\u8005 \u4f5c\u4e3a\u7b2c 6698 \u53f7\u300a\u4e2a\u4eba\u6570\u636e\u4fdd\u62a4\u6cd5\u300b\u7b2c 10 \u6761\u4ee5\u53ca\u300a\u5173\u4e8e\u5c65\u884c\u62ab\u9732\u4e49\u52a1\u65f6\u5e94\u9075\u5faa\u7684\u7a0b\u5e8f\u548c\u539f\u5219\u7684\u516c\u62a5\u300b\u8303\u56f4\u5185\u7684\u6570\u636e\u63a7\u5236\u8005\uff0c\u672c\u62ab\u9732\u6587\u672c Adana Hac\u0131 Sabanc\u0131 Organized Industrial Zone Directorate (\"AOSB\") \uff08\u5730\u5740\uff1a[.....\uff1a[...]<\/p>","protected":false},"author":1,"featured_media":0,"parent":24988,"menu_order":21,"comment_status":"closed","ping_status":"open","template":"","meta":{"_acf_changed":false,"footnotes":""},"class_list":["post-3","page","type-page","status-publish","format-standard","hentry"],"acf":[],"_links":{"self":[{"href":"https:\/\/en.adanaorganize.org.tr\/zh\/wp-json\/wp\/v2\/pages\/3","targetHints":{"allow":["GET"]}}],"collection":[{"href":"https:\/\/en.adanaorganize.org.tr\/zh\/wp-json\/wp\/v2\/pages"}],"about":[{"href":"https:\/\/en.adanaorganize.org.tr\/zh\/wp-json\/wp\/v2\/types\/page"}],"author":[{"embeddable":true,"href":"https:\/\/en.adanaorganize.org.tr\/zh\/wp-json\/wp\/v2\/users\/1"}],"replies":[{"embeddable":true,"href":"https:\/\/en.adanaorganize.org.tr\/zh\/wp-json\/wp\/v2\/comments?post=3"}],"version-history":[{"count":0,"href":"https:\/\/en.adanaorganize.org.tr\/zh\/wp-json\/wp\/v2\/pages\/3\/revisions"}],"up":[{"embeddable":true,"href":"https:\/\/en.adanaorganize.org.tr\/zh\/wp-json\/wp\/v2\/pages\/24988"}],"wp:attachment":[{"href":"https:\/\/en.adanaorganize.org.tr\/zh\/wp-json\/wp\/v2\/media?parent=3"}],"curies":[{"name":"wp","href":"https:\/\/api.w.org\/{rel}","templated":true}]}}