{"id":25113,"date":"2024-10-18T17:21:25","date_gmt":"2024-10-18T14:21:25","guid":{"rendered":"https:\/\/en.adanaorganize.org.tr\/why-aosb\/aosb-private-technical-vocational-high-school\/"},"modified":"2024-11-26T10:40:47","modified_gmt":"2024-11-26T07:40:47","slug":"our-educational-institutions","status":"publish","type":"page","link":"https:\/\/en.adanaorganize.org.tr\/zh\/%e4%b8%ba%e4%bb%80%e4%b9%88%e9%80%89%e6%8b%a9-aosb\/%e6%88%91%e4%bb%ac%e7%9a%84%e6%95%99%e8%82%b2%e6%9c%ba%e6%9e%84\/","title":{"rendered":"\u6211\u4eec\u7684\u6559\u80b2\u673a\u6784"},"content":{"rendered":"<h3><img loading=\"lazy\" decoding=\"async\" class=\"alignnone size-full wp-image-25208\" src=\"https:\/\/en.adanaorganize.org.tr\/wp-content\/uploads\/2024\/10\/yuksekokul.jpg\" alt=\"\" width=\"1059\" height=\"706\" srcset=\"https:\/\/en.adanaorganize.org.tr\/wp-content\/uploads\/2024\/10\/yuksekokul.jpg 1059w, https:\/\/en.adanaorganize.org.tr\/wp-content\/uploads\/2024\/10\/yuksekokul-300x200.jpg 300w, https:\/\/en.adanaorganize.org.tr\/wp-content\/uploads\/2024\/10\/yuksekokul-1024x683.jpg 1024w, https:\/\/en.adanaorganize.org.tr\/wp-content\/uploads\/2024\/10\/yuksekokul-768x512.jpg 768w\" sizes=\"auto, (max-width: 1059px) 100vw, 1059px\" \/><\/h3>\n<h3 style=\"text-align: left;\">\u00c7ukurova\u5927\u5b66 \u963f\u8fbe\u7eb3\u54c8\u5947\u8428\u73ed\u5947\u6709\u7ec4\u7ec7\u5de5\u4e1a\u533a\u804c\u4e1a\u9ad8\u4e2d<\/h3>\n<p>\u00c7ukurova\u5927\u5b66AOSB\u804c\u4e1a\u9ad8\u4e2d\u57282010-2011\u6559\u80b2\u548c\u57f9\u8bad\u5e74\u5f00\u59cb\u62db\u751f\uff0c\u5171\u6709120\u540d\u5b66\u751f\uff0c\u5f00\u8bbe\u4e865\u4e2a\u4e13\u4e1a\uff08\u7535\u6c14\u3001\u7535\u5b50\u3001\u673a\u68b0\u5de5\u7a0b\u3001\u7eba\u7ec7\u548c\u5730\u7406\u4fe1\u606f\u7cfb\u7edf\uff09\uff0c\u76ee\u524d\u7ea6\u6709350\u540d\u5b66\u751f\u3002<\/p>\n<h3><img loading=\"lazy\" decoding=\"async\" class=\"alignnone size-full wp-image-25390\" src=\"https:\/\/en.adanaorganize.org.tr\/wp-content\/uploads\/2024\/10\/teknoloji-koleji-2.jpg\" alt=\"\" width=\"1919\" height=\"1079\" srcset=\"https:\/\/en.adanaorganize.org.tr\/wp-content\/uploads\/2024\/10\/teknoloji-koleji-2.jpg 1919w, https:\/\/en.adanaorganize.org.tr\/wp-content\/uploads\/2024\/10\/teknoloji-koleji-2-300x169.jpg 300w, https:\/\/en.adanaorganize.org.tr\/wp-content\/uploads\/2024\/10\/teknoloji-koleji-2-1024x576.jpg 1024w, https:\/\/en.adanaorganize.org.tr\/wp-content\/uploads\/2024\/10\/teknoloji-koleji-2-768x432.jpg 768w, https:\/\/en.adanaorganize.org.tr\/wp-content\/uploads\/2024\/10\/teknoloji-koleji-2-1536x864.jpg 1536w\" sizes=\"auto, (max-width: 1919px) 100vw, 1919px\" \/><\/h3>\n<h3 style=\"text-align: left;\">\u79c1\u7acb\u57c3\u5c14\u574e-\u963f\u8fbe\u7eb3\u54c8\u5947-\u8428\u73ed\u54f2\u673a\u5173\u5de5\u4e1a\u533a\u6280\u672f\u4e2d\u5b66<\/h3>\n<p>\u5b89\u7eb3\u6258\u5229\u4e9a\u79c1\u7acb\u804c\u4e1a\u6280\u672f\u4e2d\u5b66\u4e8e 2013-2014 \u5b66\u5e74\u5f00\u59cb\u62db\u751f\uff0c\u5f53\u65f6\u6709 750 \u540d\u5b66\u751f\uff0c\u76ee\u524d\u6709 1125 \u540d\u5b66\u751f\u3002<\/p>\n<p><img loading=\"lazy\" decoding=\"async\" class=\"alignnone size-full wp-image-25461\" src=\"https:\/\/en.adanaorganize.org.tr\/wp-content\/uploads\/2024\/11\/ANAOKULU.jpg\" alt=\"\" width=\"1439\" height=\"800\" srcset=\"https:\/\/en.adanaorganize.org.tr\/wp-content\/uploads\/2024\/11\/ANAOKULU.jpg 1439w, https:\/\/en.adanaorganize.org.tr\/wp-content\/uploads\/2024\/11\/ANAOKULU-300x167.jpg 300w, https:\/\/en.adanaorganize.org.tr\/wp-content\/uploads\/2024\/11\/ANAOKULU-1024x569.jpg 1024w, https:\/\/en.adanaorganize.org.tr\/wp-content\/uploads\/2024\/11\/ANAOKULU-768x427.jpg 768w\" sizes=\"auto, (max-width: 1439px) 100vw, 1439px\" \/><\/p>\n<h3 style=\"text-align: left;\">\u963f\u8fbe\u7eb3 Hac\u0131 Sabanc\u0131 \u6709\u7ec4\u7ec7\u5de5\u4e1a\u533a\u5e7c\u513f\u56ed<\/h3>\n<p>AOSB \u5e7c\u513f\u56ed\u5171\u6709 8 \u95f4\u6559\u5ba4\uff0c\u53ef\u5bb9\u7eb3 200 \u540d\u5b66\u751f\u3002<\/p>","protected":false},"excerpt":{"rendered":"<p>\u00c7ukurova University Adana Hac\u0131 Sabanc\u0131 Organized Industrial Zone Vacational High School \u00c7ukurova University AOSB Vocational High School\uff08\u963f\u8fbe\u7eb3\u54c8\u5947\u8428\u73ed\u54f2\u673a\u5173\u5de5\u4e1a\u533a\u804c\u4e1a\u9ad8\u4e2d\uff09\u4e8e 2010 - 2011 \u6559\u80b2\u548c\u57f9\u8bad\u5e74\u5ea6\u5f00\u59cb\u62db\u751f\uff0c\u5f53\u65f6\u5171\u6709 120 \u540d\u5b66\u751f\uff0c\u5f00\u8bbe\u4e86 5 \u4e2a\u4e13\u4e1a\uff08\u7535\u6c14\u3001\u7535\u5b50\u3001\u673a\u68b0\u5de5\u7a0b\u3001\u7eba\u7ec7\u548c\u5730\u7406\u4fe1\u606f\u7cfb\u7edf\uff09\u3002\u79c1\u7acb [...]<\/p>","protected":false},"author":1,"featured_media":0,"parent":25064,"menu_order":19,"comment_status":"closed","ping_status":"closed","template":"","meta":{"_acf_changed":false,"footnotes":""},"class_list":["post-25113","page","type-page","status-publish","format-standard","hentry"],"acf":[],"_links":{"self":[{"href":"https:\/\/en.adanaorganize.org.tr\/zh\/wp-json\/wp\/v2\/pages\/25113","targetHints":{"allow":["GET"]}}],"collection":[{"href":"https:\/\/en.adanaorganize.org.tr\/zh\/wp-json\/wp\/v2\/pages"}],"about":[{"href":"https:\/\/en.adanaorganize.org.tr\/zh\/wp-json\/wp\/v2\/types\/page"}],"author":[{"embeddable":true,"href":"https:\/\/en.adanaorganize.org.tr\/zh\/wp-json\/wp\/v2\/users\/1"}],"replies":[{"embeddable":true,"href":"https:\/\/en.adanaorganize.org.tr\/zh\/wp-json\/wp\/v2\/comments?post=25113"}],"version-history":[{"count":0,"href":"https:\/\/en.adanaorganize.org.tr\/zh\/wp-json\/wp\/v2\/pages\/25113\/revisions"}],"up":[{"embeddable":true,"href":"https:\/\/en.adanaorganize.org.tr\/zh\/wp-json\/wp\/v2\/pages\/25064"}],"wp:attachment":[{"href":"https:\/\/en.adanaorganize.org.tr\/zh\/wp-json\/wp\/v2\/media?parent=25113"}],"curies":[{"name":"wp","href":"https:\/\/api.w.org\/{rel}","templated":true}]}}