{"id":25116,"date":"2024-10-18T17:21:25","date_gmt":"2024-10-18T14:21:25","guid":{"rendered":"https:\/\/en.adanaorganize.org.tr\/why-aosb\/aosb-trade-centre\/"},"modified":"2024-10-23T13:20:05","modified_gmt":"2024-10-23T10:20:05","slug":"aosb-trade-centre","status":"publish","type":"page","link":"https:\/\/en.adanaorganize.org.tr\/ru\/%d0%bf%d0%be%d1%87%d0%b5%d0%bc%d1%83-%d0%b0%d0%be%d1%81%d0%b1\/%d1%82%d0%be%d1%80%d0%b3%d0%be%d0%b2%d1%8b%d0%b9-%d1%86%d0%b5%d0%bd%d1%82%d1%80-%d0%b0%d0%be%d1%81%d0%b1\/","title":{"rendered":"\u0422\u043e\u0440\u0433\u043e\u0432\u044b\u0439 \u0446\u0435\u043d\u0442\u0440 AOSB"},"content":{"rendered":"<p>&nbsp;<\/p>\n<p><img loading=\"lazy\" decoding=\"async\" class=\"alignnone size-full wp-image-25392\" src=\"https:\/\/en.adanaorganize.org.tr\/wp-content\/uploads\/2024\/10\/ticaret-merkezi-2.jpg\" alt=\"\" width=\"1689\" height=\"811\" srcset=\"https:\/\/en.adanaorganize.org.tr\/wp-content\/uploads\/2024\/10\/ticaret-merkezi-2.jpg 1689w, https:\/\/en.adanaorganize.org.tr\/wp-content\/uploads\/2024\/10\/ticaret-merkezi-2-300x144.jpg 300w, https:\/\/en.adanaorganize.org.tr\/wp-content\/uploads\/2024\/10\/ticaret-merkezi-2-1024x492.jpg 1024w, https:\/\/en.adanaorganize.org.tr\/wp-content\/uploads\/2024\/10\/ticaret-merkezi-2-768x369.jpg 768w, https:\/\/en.adanaorganize.org.tr\/wp-content\/uploads\/2024\/10\/ticaret-merkezi-2-1536x738.jpg 1536w\" sizes=\"auto, (max-width: 1689px) 100vw, 1689px\" \/>\u0417\u0430\u0432\u0435\u0440\u0448\u0435\u043d\u043d\u044b\u0439 \u0432 2015 \u0433\u043e\u0434\u0443, \u043d\u0430\u0448 \u0431\u0430\u0437\u0430\u0440\u043d\u044b\u0439 \u0446\u0435\u043d\u0442\u0440 \u043f\u0440\u0435\u0434\u043b\u0430\u0433\u0430\u0435\u0442 \u0432\u044b\u0441\u043e\u043a\u0438\u0435 \u0441\u0442\u0430\u043d\u0434\u0430\u0440\u0442\u044b \u043e\u0431\u0441\u043b\u0443\u0436\u0438\u0432\u0430\u043d\u0438\u044f \u043f\u0440\u043e\u043c\u044b\u0448\u043b\u0435\u043d\u043d\u0438\u043a\u0430\u043c \u0432 \u0437\u043e\u043d\u0435 Adana Hac\u0131 Sabanc\u0131 OIZ \u0434\u043b\u044f \u043e\u0431\u043b\u0435\u0433\u0447\u0435\u043d\u0438\u044f \u0438\u0445 \u0434\u0435\u043b\u043e\u0432\u043e\u0439 \u0436\u0438\u0437\u043d\u0438. \u0422\u043e\u0440\u0433\u043e\u0432\u044b\u0439 \u0446\u0435\u043d\u0442\u0440 Adana Hac\u0131 Sabanc\u0131 OIZ, \u0432\u043a\u043b\u044e\u0447\u0430\u044e\u0449\u0438\u0439 \u0432 \u0441\u0435\u0431\u044f 39 \u043e\u0442\u0434\u0435\u043b\u044c\u043d\u044b\u0445 \u0441\u0435\u043a\u0446\u0438\u0439, \u043d\u043e\u0442\u0430\u0440\u0438\u0430\u043b\u044c\u043d\u044b\u0435 \u0443\u0441\u043b\u0443\u0433\u0438, \u0443\u0441\u043b\u0443\u0433\u0438 \u043f\u043e \u0433\u0440\u0443\u0437\u043e\u043f\u0435\u0440\u0435\u0432\u043e\u0437\u043a\u0430\u043c \u0438 \u0442\u043e\u0440\u0433\u043e\u0432\u044b\u0435 \u0432\u043e\u0437\u043c\u043e\u0436\u043d\u043e\u0441\u0442\u0438, \u043f\u043e\u0437\u0432\u043e\u043b\u044f\u0435\u0442 \u043d\u0430\u0448\u0438\u043c \u043f\u0440\u043e\u043c\u044b\u0448\u043b\u0435\u043d\u043d\u0438\u043a\u0430\u043c \u0432\u0435\u0441\u0442\u0438 \u0441\u0432\u043e\u0439 \u0435\u0436\u0435\u0434\u043d\u0435\u0432\u043d\u044b\u0439 \u0431\u0438\u0437\u043d\u0435\u0441 \u0432 \u043f\u0440\u0435\u0434\u0435\u043b\u0430\u0445 \u0437\u043e\u043d\u044b, \u0432 \u0442\u043e \u0436\u0435 \u0432\u0440\u0435\u043c\u044f \u043f\u0440\u0435\u0434\u043e\u0441\u0442\u0430\u0432\u043b\u044f\u044f \u043f\u0440\u0435\u0434\u043f\u0440\u0438\u043d\u0438\u043c\u0430\u0442\u0435\u043b\u044f\u043c \u0432\u043e\u0437\u043c\u043e\u0436\u043d\u043e\u0441\u0442\u044c \u0440\u0430\u0437\u0432\u0438\u0432\u0430\u0442\u044c \u0441\u0432\u043e\u0438 \u0431\u0438\u0437\u043d\u0435\u0441-\u0438\u0434\u0435\u0438 \u0441 \u043f\u043e\u043c\u043e\u0449\u044c\u044e \u0426\u0435\u043d\u0442\u0440\u0430 \u043f\u0440\u0435\u0434\u043f\u0440\u0438\u043d\u0438\u043c\u0430\u0442\u0435\u043b\u044c\u0441\u0442\u0432\u0430 Cube.<\/p>","protected":false},"excerpt":{"rendered":"<p>&nbsp; Completed in 2015, our bazaar center offers high standards of service to industrialists within Adana Hac\u0131 Sabanc\u0131 OIZ to facilitate their business life. The Adana Hac\u0131 Sabanc\u0131 OIZ Trade Center, which includes 39 separate sections; notary services, cargo services and shopping opportunities, enables our industrialists to carry out their daily business within the zone, [&hellip;]<\/p>","protected":false},"author":1,"featured_media":0,"parent":25064,"menu_order":3,"comment_status":"closed","ping_status":"closed","template":"","meta":{"_acf_changed":false,"footnotes":""},"class_list":["post-25116","page","type-page","status-publish","format-standard","hentry"],"acf":[],"_links":{"self":[{"href":"https:\/\/en.adanaorganize.org.tr\/ru\/wp-json\/wp\/v2\/pages\/25116","targetHints":{"allow":["GET"]}}],"collection":[{"href":"https:\/\/en.adanaorganize.org.tr\/ru\/wp-json\/wp\/v2\/pages"}],"about":[{"href":"https:\/\/en.adanaorganize.org.tr\/ru\/wp-json\/wp\/v2\/types\/page"}],"author":[{"embeddable":true,"href":"https:\/\/en.adanaorganize.org.tr\/ru\/wp-json\/wp\/v2\/users\/1"}],"replies":[{"embeddable":true,"href":"https:\/\/en.adanaorganize.org.tr\/ru\/wp-json\/wp\/v2\/comments?post=25116"}],"version-history":[{"count":0,"href":"https:\/\/en.adanaorganize.org.tr\/ru\/wp-json\/wp\/v2\/pages\/25116\/revisions"}],"up":[{"embeddable":true,"href":"https:\/\/en.adanaorganize.org.tr\/ru\/wp-json\/wp\/v2\/pages\/25064"}],"wp:attachment":[{"href":"https:\/\/en.adanaorganize.org.tr\/ru\/wp-json\/wp\/v2\/media?parent=25116"}],"curies":[{"name":"wp","href":"https:\/\/api.w.org\/{rel}","templated":true}]}}