{"id":25113,"date":"2024-10-18T17:21:25","date_gmt":"2024-10-18T14:21:25","guid":{"rendered":"https:\/\/en.adanaorganize.org.tr\/why-aosb\/aosb-private-technical-vocational-high-school\/"},"modified":"2024-11-26T10:40:47","modified_gmt":"2024-11-26T07:40:47","slug":"our-educational-institutions","status":"publish","type":"page","link":"https:\/\/en.adanaorganize.org.tr\/ru\/%d0%bf%d0%be%d1%87%d0%b5%d0%bc%d1%83-%d0%b0%d0%be%d1%81%d0%b1\/%d0%bd%d0%b0%d1%88%d0%b8-%d1%83%d1%87%d0%b5%d0%b1%d0%bd%d1%8b%d0%b5-%d0%b7%d0%b0%d0%b2%d0%b5%d0%b4%d0%b5%d0%bd%d0%b8%d1%8f\/","title":{"rendered":"\u041d\u0430\u0448\u0438 \u0443\u0447\u0435\u0431\u043d\u044b\u0435 \u0437\u0430\u0432\u0435\u0434\u0435\u043d\u0438\u044f"},"content":{"rendered":"<h3><img loading=\"lazy\" decoding=\"async\" class=\"alignnone size-full wp-image-25208\" src=\"https:\/\/en.adanaorganize.org.tr\/wp-content\/uploads\/2024\/10\/yuksekokul.jpg\" alt=\"\" width=\"1059\" height=\"706\" srcset=\"https:\/\/en.adanaorganize.org.tr\/wp-content\/uploads\/2024\/10\/yuksekokul.jpg 1059w, https:\/\/en.adanaorganize.org.tr\/wp-content\/uploads\/2024\/10\/yuksekokul-300x200.jpg 300w, https:\/\/en.adanaorganize.org.tr\/wp-content\/uploads\/2024\/10\/yuksekokul-1024x683.jpg 1024w, https:\/\/en.adanaorganize.org.tr\/wp-content\/uploads\/2024\/10\/yuksekokul-768x512.jpg 768w\" sizes=\"auto, (max-width: 1059px) 100vw, 1059px\" \/><\/h3>\n<h3 style=\"text-align: left;\">\u0423\u043d\u0438\u0432\u0435\u0440\u0441\u0438\u0442\u0435\u0442 \u0427\u0443\u043a\u0443\u0440\u043e\u0432\u0430 \u0410\u0434\u0430\u043d\u0430 \u0425\u0430\u0447\u0438 \u0421\u0430\u0431\u0430\u043d\u0447\u0438 \u041e\u0440\u0433\u0430\u043d\u0438\u0437\u043e\u0432\u0430\u043d\u043d\u0430\u044f \u043f\u0440\u043e\u043c\u044b\u0448\u043b\u0435\u043d\u043d\u0430\u044f \u0437\u043e\u043d\u0430 \u0412\u0430\u043a\u0430\u043d\u0442\u043d\u0430\u044f \u0441\u0440\u0435\u0434\u043d\u044f\u044f \u0448\u043a\u043e\u043b\u0430<\/h3>\n<p>\u041f\u0440\u043e\u0444\u0435\u0441\u0441\u0438\u043e\u043d\u0430\u043b\u044c\u043d\u0430\u044f \u0441\u0440\u0435\u0434\u043d\u044f\u044f \u0448\u043a\u043e\u043b\u0430 AOSB \u0423\u043d\u0438\u0432\u0435\u0440\u0441\u0438\u0442\u0435\u0442\u0430 \u0427\u0443\u043a\u0443\u0440\u043e\u0432\u0430, \u043d\u0430\u0447\u0430\u0432\u0448\u0430\u044f \u0441\u0432\u043e\u044e \u043e\u0431\u0440\u0430\u0437\u043e\u0432\u0430\u0442\u0435\u043b\u044c\u043d\u0443\u044e \u0436\u0438\u0437\u043d\u044c \u0441\u043e 120 \u0441\u0442\u0443\u0434\u0435\u043d\u0442\u0430\u043c\u0438 \u043f\u043e 5 \u043f\u0440\u043e\u0433\u0440\u0430\u043c\u043c\u0430\u043c (\u044d\u043b\u0435\u043a\u0442\u0440\u0438\u0447\u0435\u0441\u0442\u0432\u043e, \u044d\u043b\u0435\u043a\u0442\u0440\u043e\u043d\u0438\u043a\u0430, \u043c\u0430\u0448\u0438\u043d\u043e\u0441\u0442\u0440\u043e\u0435\u043d\u0438\u0435, \u0442\u0435\u043a\u0441\u0442\u0438\u043b\u044c \u0438 \u0433\u0435\u043e\u0433\u0440\u0430\u0444\u0438\u0447\u0435\u0441\u043a\u0438\u0435 \u0438\u043d\u0444\u043e\u0440\u043c\u0430\u0446\u0438\u043e\u043d\u043d\u044b\u0435 \u0441\u0438\u0441\u0442\u0435\u043c\u044b) \u0432 2010-2011 \u0443\u0447\u0435\u0431\u043d\u043e\u043c \u0433\u043e\u0434\u0443, \u0441\u0435\u0433\u043e\u0434\u043d\u044f \u043f\u0440\u043e\u0434\u043e\u043b\u0436\u0430\u0435\u0442 \u0441\u0432\u043e\u0439 \u043e\u0431\u0440\u0430\u0437\u043e\u0432\u0430\u0442\u0435\u043b\u044c\u043d\u044b\u0439 \u043f\u0435\u0440\u0438\u043e\u0434 \u0441 \u043f\u0440\u0438\u043c\u0435\u0440\u043d\u043e 350 \u0441\u0442\u0443\u0434\u0435\u043d\u0442\u0430\u043c\u0438.<\/p>\n<h3><img loading=\"lazy\" decoding=\"async\" class=\"alignnone size-full wp-image-25390\" src=\"https:\/\/en.adanaorganize.org.tr\/wp-content\/uploads\/2024\/10\/teknoloji-koleji-2.jpg\" alt=\"\" width=\"1919\" height=\"1079\" srcset=\"https:\/\/en.adanaorganize.org.tr\/wp-content\/uploads\/2024\/10\/teknoloji-koleji-2.jpg 1919w, https:\/\/en.adanaorganize.org.tr\/wp-content\/uploads\/2024\/10\/teknoloji-koleji-2-300x169.jpg 300w, https:\/\/en.adanaorganize.org.tr\/wp-content\/uploads\/2024\/10\/teknoloji-koleji-2-1024x576.jpg 1024w, https:\/\/en.adanaorganize.org.tr\/wp-content\/uploads\/2024\/10\/teknoloji-koleji-2-768x432.jpg 768w, https:\/\/en.adanaorganize.org.tr\/wp-content\/uploads\/2024\/10\/teknoloji-koleji-2-1536x864.jpg 1536w\" sizes=\"auto, (max-width: 1919px) 100vw, 1919px\" \/><\/h3>\n<h3 style=\"text-align: left;\">\u0427\u0430\u0441\u0442\u043d\u044b\u0439 \u0442\u0435\u0445\u043d\u0438\u043a\u0443\u043c \u043e\u0440\u0433\u0430\u043d\u0438\u0437\u043e\u0432\u0430\u043d\u043d\u043e\u0439 \u043f\u0440\u043e\u043c\u044b\u0448\u043b\u0435\u043d\u043d\u043e\u0439 \u0437\u043e\u043d\u044b Erkan Adana Hac\u0131 Sabanc\u0131<\/h3>\n<p>\u0427\u0430\u0441\u0442\u043d\u0430\u044f \u043f\u0440\u043e\u0444\u0435\u0441\u0441\u0438\u043e\u043d\u0430\u043b\u044c\u043d\u043e-\u0442\u0435\u0445\u043d\u0438\u0447\u0435\u0441\u043a\u0430\u044f \u0430\u043d\u0430\u0442\u043e\u043b\u0438\u0439\u0441\u043a\u0430\u044f \u0441\u0440\u0435\u0434\u043d\u044f\u044f \u0448\u043a\u043e\u043b\u0430, \u043a\u043e\u0442\u043e\u0440\u0430\u044f \u043d\u0430\u0447\u0430\u043b\u0430 \u0441\u0432\u043e\u044e \u0440\u0430\u0431\u043e\u0442\u0443 \u0441 750 \u0443\u0447\u0435\u043d\u0438\u043a\u0430\u043c\u0438 \u0432 2013-2014 \u0443\u0447\u0435\u0431\u043d\u043e\u043c \u0433\u043e\u0434\u0443, \u0432 \u043d\u0430\u0441\u0442\u043e\u044f\u0449\u0435\u0435 \u0432\u0440\u0435\u043c\u044f \u043f\u0440\u043e\u0434\u043e\u043b\u0436\u0430\u0435\u0442 \u043e\u0431\u0443\u0447\u0435\u043d\u0438\u0435 \u0441 1125 \u0443\u0447\u0435\u043d\u0438\u043a\u0430\u043c\u0438.<\/p>\n<p><img loading=\"lazy\" decoding=\"async\" class=\"alignnone size-full wp-image-25461\" src=\"https:\/\/en.adanaorganize.org.tr\/wp-content\/uploads\/2024\/11\/ANAOKULU.jpg\" alt=\"\" width=\"1439\" height=\"800\" srcset=\"https:\/\/en.adanaorganize.org.tr\/wp-content\/uploads\/2024\/11\/ANAOKULU.jpg 1439w, https:\/\/en.adanaorganize.org.tr\/wp-content\/uploads\/2024\/11\/ANAOKULU-300x167.jpg 300w, https:\/\/en.adanaorganize.org.tr\/wp-content\/uploads\/2024\/11\/ANAOKULU-1024x569.jpg 1024w, https:\/\/en.adanaorganize.org.tr\/wp-content\/uploads\/2024\/11\/ANAOKULU-768x427.jpg 768w\" sizes=\"auto, (max-width: 1439px) 100vw, 1439px\" \/><\/p>\n<h3 style=\"text-align: left;\">\u0414\u0435\u0442\u0441\u043a\u0438\u0439 \u0441\u0430\u0434 \u043e\u0440\u0433\u0430\u043d\u0438\u0437\u043e\u0432\u0430\u043d\u043d\u043e\u0439 \u043f\u0440\u043e\u043c\u044b\u0448\u043b\u0435\u043d\u043d\u043e\u0439 \u0437\u043e\u043d\u044b \u0410\u0434\u0430\u043d\u0430 \u0425\u0430\u0447\u0438 \u0421\u0430\u0431\u0430\u043d\u0447\u0438<\/h3>\n<p>\u0414\u0435\u0442\u0441\u043a\u0438\u0439 \u0441\u0430\u0434 AOSB \u0440\u0430\u0441\u043f\u043e\u043b\u0430\u0433\u0430\u0435\u0442 8 \u043a\u043b\u0430\u0441\u0441\u043d\u044b\u043c\u0438 \u043a\u043e\u043c\u043d\u0430\u0442\u0430\u043c\u0438, \u0440\u0430\u0441\u0441\u0447\u0438\u0442\u0430\u043d\u043d\u044b\u043c\u0438 \u043d\u0430 200 \u0443\u0447\u0435\u043d\u0438\u043a\u043e\u0432.<\/p>","protected":false},"excerpt":{"rendered":"<p>\u00c7ukurova University Adana Hac\u0131 Sabanc\u0131 Organized Industrial Zone Vacational High School \u00c7ukurova University AOSB Vocational High School, which started its educational life with 120 students in 5 programmes (Electricity, Electronics, Mechanical Engineering, Textile and Geographical Information Systems) in 2010 - 2011 education and training year, continues its educational period with approximately 350 students today. Private [&hellip;]<\/p>","protected":false},"author":1,"featured_media":0,"parent":25064,"menu_order":19,"comment_status":"closed","ping_status":"closed","template":"","meta":{"_acf_changed":false,"footnotes":""},"class_list":["post-25113","page","type-page","status-publish","format-standard","hentry"],"acf":[],"_links":{"self":[{"href":"https:\/\/en.adanaorganize.org.tr\/ru\/wp-json\/wp\/v2\/pages\/25113","targetHints":{"allow":["GET"]}}],"collection":[{"href":"https:\/\/en.adanaorganize.org.tr\/ru\/wp-json\/wp\/v2\/pages"}],"about":[{"href":"https:\/\/en.adanaorganize.org.tr\/ru\/wp-json\/wp\/v2\/types\/page"}],"author":[{"embeddable":true,"href":"https:\/\/en.adanaorganize.org.tr\/ru\/wp-json\/wp\/v2\/users\/1"}],"replies":[{"embeddable":true,"href":"https:\/\/en.adanaorganize.org.tr\/ru\/wp-json\/wp\/v2\/comments?post=25113"}],"version-history":[{"count":0,"href":"https:\/\/en.adanaorganize.org.tr\/ru\/wp-json\/wp\/v2\/pages\/25113\/revisions"}],"up":[{"embeddable":true,"href":"https:\/\/en.adanaorganize.org.tr\/ru\/wp-json\/wp\/v2\/pages\/25064"}],"wp:attachment":[{"href":"https:\/\/en.adanaorganize.org.tr\/ru\/wp-json\/wp\/v2\/media?parent=25113"}],"curies":[{"name":"wp","href":"https:\/\/api.w.org\/{rel}","templated":true}]}}