{"id":25083,"date":"2024-10-11T15:08:55","date_gmt":"2024-10-11T12:08:55","guid":{"rendered":"https:\/\/en.adanaorganize.org.tr\/?page_id=25083"},"modified":"2025-04-25T14:44:27","modified_gmt":"2025-04-25T11:44:27","slug":"contact","status":"publish","type":"page","link":"https:\/\/en.adanaorganize.org.tr\/ru\/%d1%81%d0%b2%d1%8f%d0%b7%d0%b0%d1%82%d1%8c%d1%81%d1%8f-%d1%81\/","title":{"rendered":"\u0421\u0432\u044f\u0437\u0430\u0442\u044c\u0441\u044f \u0441"},"content":{"rendered":"<h3>\u041a\u041e\u041d\u0422\u0410\u041a\u0422\u041d\u0410\u042f \u0418\u041d\u0424\u041e\u0420\u041c\u0410\u0426\u0418\u042f \u0421\u0415\u0420\u0412\u0418\u0421\u041d\u042b\u0425 \u041f\u041e\u0414\u0420\u0410\u0417\u0414\u0415\u041b\u0415\u041d\u0418\u0419 AOSB<\/h3>\n<table>\n<tbody>\n<tr>\n<th>\u0421\u0435\u0440\u0432\u0438\u0441\u043d\u0430\u044f \u0435\u0434\u0438\u043d\u0438\u0446\u0430<\/th>\n<th>\u041a\u043e\u043d\u0442\u0430\u043a\u0442\u043d\u043e\u0435 \u043b\u0438\u0446\u043e<\/th>\n<th>\u041d\u0430\u0437\u0432\u0430\u043d\u0438\u0435<\/th>\n<th>\u0422\u0435\u043b\u0435\u0444\u043e\u043d<\/th>\n<th>\u042d\u043b\u0435\u043a\u0442\u0440\u043e\u043d\u043d\u0430\u044f \u043f\u043e\u0447\u0442\u0430<\/th>\n<\/tr>\n<tr>\n<td>\u0420\u0435\u0433\u0438\u043e\u043d\u0430\u043b\u044c\u043d\u044b\u0439 \u0434\u0438\u0440\u0435\u043a\u0442\u043e\u0440<\/td>\n<td>\u042d\u0440\u0441\u0438\u043d \u0410\u041a\u041f\u0418\u041d\u0410\u0420<\/td>\n<td>\u0420\u0435\u0433\u0438\u043e\u043d\u0430\u043b\u044c\u043d\u044b\u0439 \u0434\u0438\u0440\u0435\u043a\u0442\u043e\u0440<\/td>\n<td>+90 322 394 54 54<\/td>\n<td>e.akpinar@adanaorganize.org.tr<\/td>\n<\/tr>\n<tr>\n<td>\u041f\u0440\u0435\u0434\u0441\u0435\u0434\u0430\u0442\u0435\u043b\u044c \u0441\u043e\u0432\u0435\u0442\u0430 \u0434\u0438\u0440\u0435\u043a\u0442\u043e\u0440\u043e\u0432 \u0410\u0441\u0441\u0438\u0441\u0442\u0435\u043d\u0442<\/td>\n<td>\u042f\u0441\u0435\u043c\u0438\u043d \u0421\u0410\u0422\u041c\u0410\u0417\u0415\u0420<\/td>\n<td>\u041f\u0440\u0435\u0434\u0441\u0435\u0434\u0430\u0442\u0435\u043b\u044c \u0441\u043e\u0432\u0435\u0442\u0430 \u0434\u0438\u0440\u0435\u043a\u0442\u043e\u0440\u043e\u0432 \u0410\u0441\u0441\u0438\u0441\u0442\u0435\u043d\u0442<\/td>\n<td>+90 322 394 54 54 (126)<\/td>\n<td>y.satmazer@adanaorganize.org.tr<\/td>\n<\/tr>\n<tr>\n<td>\u0414\u0438\u0440\u0435\u043a\u0442\u043e\u0440\u0430\u0442 \u043f\u043e \u043f\u043b\u0430\u043d\u0438\u0440\u043e\u0432\u0430\u043d\u0438\u044e \u0438 \u043f\u043b\u0430\u043d\u0438\u0440\u043e\u0432\u0430\u043d\u0438\u044e \u043f\u0440\u043e\u0435\u043a\u0442\u043e\u0432<\/td>\n<td>\u0411\u0430\u043d\u0443 \u0422\u0410\u041d\u0420\u0418\u041a\u0423\u041b\u0423<\/td>\n<td>\u00a0\u0414\u0438\u0440\u0435\u043a\u0442\u043e\u0440<\/td>\n<td>+90322394 54 54 (\u0434\u043e\u0431\u0430\u0432\u043e\u0447\u043d\u044b\u0439 \u043d\u043e\u043c\u0435\u0440 205)<\/td>\n<td>b.tanrikulu@adanaorganize.org.tr<\/td>\n<\/tr>\n<tr>\n<td>\u0423\u043f\u0440\u0430\u0432\u043b\u0435\u043d\u0438\u0435 \u0442\u0435\u0445\u043d\u0438\u0447\u0435\u0441\u043a\u043e\u0433\u043e \u043e\u0431\u0441\u043b\u0443\u0436\u0438\u0432\u0430\u043d\u0438\u044f<\/td>\n<td>\u042d\u043c\u0440\u0435 \u041e\u041a\u0410\u041a<\/td>\n<td>\u00a0\u0414\u0438\u0440\u0435\u043a\u0442\u043e\u0440<\/td>\n<td>+90322393 49 43 -393 40 42<\/td>\n<td>e.ocak@adanaorganize.org.tr<\/td>\n<\/tr>\n<tr>\n<td>\u042d\u043a\u043e\u043b\u043e\u0433\u0438\u0447\u0435\u0441\u043a\u043e\u0435 \u043f\u043e\u0434\u0440\u0430\u0437\u0434\u0435\u043b\u0435\u043d\u0438\u0435<\/td>\n<td>\u041a\u0430\u043d\u0435\u0440 \u0421\u0451\u0437\u0442\u0430\u043d\u0430\u0447\u0438<\/td>\n<td>\u0418\u0441\u043f\u043e\u043b\u043d\u044f\u044e\u0449\u0438\u0439 \u043e\u0431\u044f\u0437\u0430\u043d\u043d\u043e\u0441\u0442\u0438 \u043c\u0435\u043d\u0435\u0434\u0436\u0435\u0440\u0430<\/td>\n<td>0 531 938 71 48<\/td>\n<td>c.soztanaci@adanaorganize.org.tr<\/td>\n<\/tr>\n<tr>\n<td>\u042d\u043a\u043e\u043b\u043e\u0433\u0438\u0447\u0435\u0441\u043a\u043e\u0435 \u043f\u043e\u0434\u0440\u0430\u0437\u0434\u0435\u043b\u0435\u043d\u0438\u0435<\/td>\n<td>\u0414\u0443\u0440\u043c\u0443\u0448 \u0410\u043b\u0438 \u041f\u041e\u041b\u0410\u0422<\/td>\n<td>\u00a0\u0422\u0435\u0445\u043d\u0438\u0447\u0435\u0441\u043a\u0438\u0439 \u0440\u0443\u043a\u043e\u0432\u043e\u0434\u0438\u0442\u0435\u043b\u044c<\/td>\n<td>+90322393 49 43 -\u00a0393 40 42<\/td>\n<td>d.polat@adanaorganize.org.tr<\/td>\n<\/tr>\n<tr>\n<td>\u0413\u0440\u0443\u043f\u043f\u0430 \u0432\u0441\u043f\u043e\u043c\u043e\u0433\u0430\u0442\u0435\u043b\u044c\u043d\u044b\u0445 \u0443\u0441\u043b\u0443\u0433<\/td>\n<td>\u0424\u0435\u0440\u0438\u0434\u0443\u043d \u041a\u0410\u0420\u0410<\/td>\n<td>\u0420\u0443\u043a\u043e\u0432\u043e\u0434\u0438\u0442\u0435\u043b\u044c \u0433\u0440\u0443\u043f\u043f\u044b \u0432\u0441\u043f\u043e\u043c\u043e\u0433\u0430\u0442\u0435\u043b\u044c\u043d\u044b\u0445 \u0443\u0441\u043b\u0443\u0433<\/td>\n<td>+90322394 54 54 (333) +90 533 150 13 82<\/td>\n<td>f.kara@adanaorganize.org.tr<\/td>\n<\/tr>\n<tr>\n<td>\u0413\u0440\u0443\u043f\u043f\u0430 \u0432\u0441\u043f\u043e\u043c\u043e\u0433\u0430\u0442\u0435\u043b\u044c\u043d\u044b\u0445 \u0443\u0441\u043b\u0443\u0433<\/td>\n<td>\u042d\u043c\u0440\u0435 \u041a\u0423\u0420\u0414\u0410\u041a<\/td>\n<td>\u041f\u043e\u043c\u043e\u0449\u043d\u0438\u043a \u0441\u043f\u0435\u0446\u0438\u0430\u043b\u0438\u0441\u0442\u0430 \u043f\u043e \u043a\u043e\u0440\u043f\u043e\u0440\u0430\u0442\u0438\u0432\u043d\u044b\u043c \u043a\u043e\u043c\u043c\u0443\u043d\u0438\u043a\u0430\u0446\u0438\u044f\u043c<\/td>\n<td>+90322394 54 54 (\u0434\u043e\u0431\u0430\u0432\u043e\u0447\u043d\u044b\u0439 \u043d\u043e\u043c\u0435\u0440 323)<\/td>\n<td>e.kurdak@adanaorganize.org.tr<\/td>\n<\/tr>\n<tr>\n<td>\u0413\u0440\u0443\u043f\u043f\u0430 \u0432\u0441\u043f\u043e\u043c\u043e\u0433\u0430\u0442\u0435\u043b\u044c\u043d\u044b\u0445 \u0443\u0441\u043b\u0443\u0433<\/td>\n<td>\u0414\u043e\u0433\u0443\u0441 \u041a\u0438\u0440\u0435\u043a\u0435\u0440<\/td>\n<td>\u0421\u043f\u0435\u0446\u0438\u0430\u043b\u0438\u0441\u0442 \u043f\u043e \u0430\u0434\u043c\u0438\u043d\u0438\u0441\u0442\u0440\u0430\u0442\u0438\u0432\u043d\u044b\u043c \u0432\u043e\u043f\u0440\u043e\u0441\u0430\u043c<\/td>\n<td>+90322394 54 54 (\u0434\u043e\u0431\u0430\u0432\u043e\u0447\u043d\u044b\u0439 \u043d\u043e\u043c\u0435\u0440 211)<\/td>\n<td>d.kireker@adanaorganize.org.tr<\/td>\n<\/tr>\n<tr>\n<td>\u0413\u0440\u0443\u043f\u043f\u0430 \u0432\u0441\u043f\u043e\u043c\u043e\u0433\u0430\u0442\u0435\u043b\u044c\u043d\u044b\u0445 \u0443\u0441\u043b\u0443\u0433<\/td>\n<td>\u0410\u043b\u0438 \u0414\u0436\u0435\u043c \u041e\u0417\u041a\u0410\u041d<\/td>\n<td>\u041f\u043e\u043b\u0435\u0432\u043e\u0439 \u043a\u043e\u043c\u0430\u043d\u0434\u0438\u0440 \u043f\u043e\u0436\u0430\u0440\u043d\u043e\u0439 \u0431\u0440\u0438\u0433\u0430\u0434\u044b<\/td>\n<td>+90322394 54 54 (306) +90 552 776 58 83 +90 552 776 58 84<\/td>\n<td>a.ozkan@adanaorganize.org.tr<\/td>\n<\/tr>\n<tr>\n<td>\u0413\u0440\u0443\u043f\u043f\u0430 \u0432\u0441\u043f\u043e\u043c\u043e\u0433\u0430\u0442\u0435\u043b\u044c\u043d\u044b\u0445 \u0443\u0441\u043b\u0443\u0433<\/td>\n<td>\u0423\u0441\u043b\u0443\u0433\u0438 \u043f\u043e\u0436\u0430\u0440\u043d\u043e\u0439 \u043e\u0445\u0440\u0430\u043d\u044b<\/td>\n<td>\u0413\u043e\u0440\u044f\u0447\u0430\u044f \u043b\u0438\u043d\u0438\u044f \u043f\u043e \u043f\u043e\u0436\u0430\u0440\u043d\u043e\u0439 \u0431\u0435\u0437\u043e\u043f\u0430\u0441\u043d\u043e\u0441\u0442\u0438<\/td>\n<td>394 394 6<\/td>\n<td><\/td>\n<\/tr>\n<tr>\n<td>\u042d\u043d\u0435\u0440\u0433\u0435\u0442\u0438\u0447\u0435\u0441\u043a\u0430\u044f \u0443\u0441\u0442\u0430\u043d\u043e\u0432\u043a\u0430<\/td>\n<td>\u041a\u0430\u0437\u044b\u043c \u0417\u041e\u0420\u041b\u0423<\/td>\n<td>\u0410\u0434\u043c\u0438\u043d\u0438\u0441\u0442\u0440\u0430\u0442\u043e\u0440<\/td>\n<td>+90322394 54 54 (\u0434\u043e\u0431. 226)<\/td>\n<td>k.zorlu@adanaorganize.org.tr<\/td>\n<\/tr>\n<tr>\n<td>\u0423\u0441\u0442\u0440\u043e\u0439\u0441\u0442\u0432\u043e \u0434\u043b\u044f \u0440\u0430\u0431\u043e\u0442\u044b \u043d\u0430 \u043f\u0440\u0438\u0440\u043e\u0434\u043d\u043e\u043c \u0433\u0430\u0437\u0435<\/td>\n<td>\u0418\u0440\u0444\u0430\u043d \u041e\u0437\u0430\u0439\u0434\u0438\u043d<\/td>\n<td>\u0422\u0435\u0445\u043d\u0438\u0447\u0435\u0441\u043a\u0438\u0439 \u0440\u0443\u043a\u043e\u0432\u043e\u0434\u0438\u0442\u0435\u043b\u044c<\/td>\n<td>+90322394 54 54 (\u0434\u043e\u0431\u0430\u0432\u043e\u0447\u043d\u044b\u0439 \u043d\u043e\u043c\u0435\u0440 212)<\/td>\n<td>i.ozaydin@adanaorganize.org.tr<\/td>\n<\/tr>\n<tr>\n<td>\u0424\u0438\u043d\u0430\u043d\u0441\u043e\u0432\u043e\u0435 \u043f\u043e\u0434\u0440\u0430\u0437\u0434\u0435\u043b\u0435\u043d\u0438\u0435<\/td>\n<td>\u041c\u0435\u043b\u044c\u0442\u0435\u043c \u041e\u043b\u0447\u0435\u0440<\/td>\n<td>\u041d\u0430\u0447\u0430\u043b\u044c\u043d\u0438\u043a \u0430\u0434\u043c\u0438\u043d\u0438\u0441\u0442\u0440\u0430\u0442\u0438\u0432\u043d\u043e\u0433\u043e \u043e\u0442\u0434\u0435\u043b\u0430<\/td>\n<td>+90322394 54 54 (\u0434\u043e\u0431\u0430\u0432\u043e\u0447\u043d\u044b\u0439 \u043d\u043e\u043c\u0435\u0440 114)<\/td>\n<td>m.olcer@adanaorganize.org.tr<\/td>\n<\/tr>\n<tr>\n<td>\u041e\u0442\u0434\u0435\u043b \u0437\u043e\u043d\u0438\u0440\u043e\u0432\u0430\u043d\u0438\u044f \u0438 \u043b\u0438\u0446\u0435\u043d\u0437\u0438\u0440\u043e\u0432\u0430\u043d\u0438\u044f<\/td>\n<td>\u041c\u0435\u0445\u043c\u0435\u0442 \u0410\u043b\u0438 \u0419\u044b\u043b\u043c\u0430\u0437<\/td>\n<td>\u0420\u0443\u043a\u043e\u0432\u043e\u0434\u0438\u0442\u0435\u043b\u044c \u043e\u0442\u0434\u0435\u043b\u0430 \u0437\u043e\u043d\u0438\u0440\u043e\u0432\u0430\u043d\u0438\u044f \u0438 \u043b\u0438\u0446\u0435\u043d\u0437\u0438\u0440\u043e\u0432\u0430\u043d\u0438\u044f V.<\/td>\n<td>+90322394 54 54 (\u0434\u043e\u0431. 123)<\/td>\n<td>m.yilmaz@adanaorganize.org.tr<\/td>\n<\/tr>\n<tr>\n<td>\u041e\u0442\u0434\u0435\u043b \u0437\u043e\u043d\u0438\u0440\u043e\u0432\u0430\u043d\u0438\u044f \u0438 \u043b\u0438\u0446\u0435\u043d\u0437\u0438\u0440\u043e\u0432\u0430\u043d\u0438\u044f<\/td>\n<td>\u041b\u0435\u0432\u0435\u043d\u0442 \u0427\u0435\u043d\u0433\u0438\u0437 \u0410\u0419\u0412\u0410\u0417\u041e\u011eLU<\/td>\n<td>\u0422\u0435\u0445\u043d\u0438\u0447\u0435\u0441\u043a\u0438\u0439 \u0440\u0443\u043a\u043e\u0432\u043e\u0434\u0438\u0442\u0435\u043b\u044c<\/td>\n<td>+90322394 54 54 (\u0434\u043e\u0431. 120)<\/td>\n<td>lca@adanaorganize.org.tr<\/td>\n<\/tr>\n<tr>\n<td>\u041e\u0442\u0434\u0435\u043b \u0437\u043e\u043d\u0438\u0440\u043e\u0432\u0430\u043d\u0438\u044f \u0438 \u043b\u0438\u0446\u0435\u043d\u0437\u0438\u0440\u043e\u0432\u0430\u043d\u0438\u044f<\/td>\n<td>\u0410\u0431\u0434\u0443\u0440\u0440\u0430\u0445\u043c\u0430\u043d \u041a\u0410\u0420\u0410\u041f\u0418\u041d\u0410\u0420<\/td>\n<td>\u0422\u0435\u0445\u043d\u0438\u043a \u043f\u043e \u0441\u0442\u0440\u043e\u0438\u0442\u0435\u043b\u044c\u0441\u0442\u0432\u0443<\/td>\n<td>+90322394 54 54 (\u0434\u043e\u0431. 218)<\/td>\n<td>a.karapinar@adanaorganize.org.tr<\/td>\n<\/tr>\n<tr>\n<td>\u041e\u0442\u0434\u0435\u043b \u0437\u043e\u043d\u0438\u0440\u043e\u0432\u0430\u043d\u0438\u044f \u0438 \u043b\u0438\u0446\u0435\u043d\u0437\u0438\u0440\u043e\u0432\u0430\u043d\u0438\u044f<\/td>\n<td>\u042d\u043c\u0438\u043d\u0435 \u0413\u044e\u0434\u0435\u0440<\/td>\n<td>\u0422\u0435\u0445\u043d\u0438\u043a \u043f\u043e \u0441\u0442\u0440\u043e\u0438\u0442\u0435\u043b\u044c\u0441\u0442\u0432\u0443<\/td>\n<td>+90322394 54 54 (\u0434\u043e\u0431\u0430\u0432\u043e\u0447\u043d\u044b\u0439 121)<\/td>\n<td>e.guder@adanaorganize.org.tr<\/td>\n<\/tr>\n<tr>\n<td>\u041e\u0442\u0434\u0435\u043b \u0437\u043e\u043d\u0438\u0440\u043e\u0432\u0430\u043d\u0438\u044f \u0438 \u043b\u0438\u0446\u0435\u043d\u0437\u0438\u0440\u043e\u0432\u0430\u043d\u0438\u044f<\/td>\n<td>\u0130smail G\u00dcM\u00dc\u015eTOP<\/td>\n<td>\u0422\u0435\u0445\u043d\u0438\u043a \u043f\u043e \u043a\u0430\u0434\u0430\u0441\u0442\u0440\u0443 \u043a\u0430\u0440\u0442<\/td>\n<td>+90322394 54 54 (\u0434\u043e\u0431. 112)<\/td>\n<td>i.gumustop@adanaorganize.org.tr<\/td>\n<\/tr>\n<tr>\n<td>\u0413\u0440\u0443\u043f\u043f\u0430 \u043f\u043e \u0444\u0438\u043d\u0430\u043d\u0441\u043e\u0432\u044b\u043c \u0432\u043e\u043f\u0440\u043e\u0441\u0430\u043c<\/td>\n<td>\u0422\u0430\u043d\u0436\u0443 \u041c\u0415\u041d\u0422\u0415\u0428<\/td>\n<td>\u0420\u0443\u043a\u043e\u0432\u043e\u0434\u0438\u0442\u0435\u043b\u044c \u0433\u0440\u0443\u043f\u043f\u044b \u043f\u043e \u0444\u0438\u043d\u0430\u043d\u0441\u043e\u0432\u044b\u043c \u0432\u043e\u043f\u0440\u043e\u0441\u0430\u043c<\/td>\n<td>+90322394 54 54 (\u0434\u043e\u0431\u0430\u0432\u043e\u0447\u043d\u044b\u0439 \u043d\u043e\u043c\u0435\u0440 111)<\/td>\n<td>t.mentes@adanaorganize.org.tr<\/td>\n<\/tr>\n<tr>\n<td>\u0413\u0440\u0443\u043f\u043f\u0430 \u043f\u043e \u0444\u0438\u043d\u0430\u043d\u0441\u043e\u0432\u044b\u043c \u0432\u043e\u043f\u0440\u043e\u0441\u0430\u043c<\/td>\n<td>Dilek D\u00f6nd\u00fc YE\u015e\u0130L<\/td>\n<td>\u0421\u0442\u0430\u0440\u0448\u0438\u0439 \u044d\u043a\u0441\u043f\u0435\u0440\u0442<\/td>\n<td>+90322394 54 54 (\u0434\u043e\u0431\u0430\u0432\u043e\u0447\u043d\u044b\u0439 \u043d\u043e\u043c\u0435\u0440 106)<\/td>\n<td>d.kadak@adanaorganize.org.tr<\/td>\n<\/tr>\n<tr>\n<td>\u0413\u0440\u0443\u043f\u043f\u0430 \u043f\u043e \u0444\u0438\u043d\u0430\u043d\u0441\u043e\u0432\u044b\u043c \u0432\u043e\u043f\u0440\u043e\u0441\u0430\u043c<\/td>\n<td>\u0130lker \u00d6ZM\u00dc\u015e<\/td>\n<td>\u041d\u0430\u0447\u0430\u043b\u044c\u043d\u0438\u043a \u0430\u0434\u043c\u0438\u043d\u0438\u0441\u0442\u0440\u0430\u0442\u0438\u0432\u043d\u043e\u0433\u043e \u043e\u0442\u0434\u0435\u043b\u0430<\/td>\n<td>+90322394 54 54 (\u0434\u043e\u0431\u0430\u0432\u043e\u0447\u043d\u044b\u0439 \u043d\u043e\u043c\u0435\u0440 115)<\/td>\n<td>i.ozmus@adanaorganize.org.tr<\/td>\n<\/tr>\n<tr>\n<td>\u0413\u0440\u0443\u043f\u043f\u0430 \u0423\u043f\u0440\u0430\u0432\u043b\u0435\u043d\u0438\u044f \u043f\u043e\u0434\u0434\u0435\u0440\u0436\u043a\u0438 \u043f\u0440\u043e\u0435\u043a\u0442\u043e\u0432<\/td>\n<td>\u041e\u0437\u043a\u0430\u043d \u041e\u0437\u0431\u0435\u043a<\/td>\n<td>\u041d\u0430\u0447\u0430\u043b\u044c\u043d\u0438\u043a \u0430\u0434\u043c\u0438\u043d\u0438\u0441\u0442\u0440\u0430\u0442\u0438\u0432\u043d\u043e\u0433\u043e \u043e\u0442\u0434\u0435\u043b\u0430<\/td>\n<td>+90322 455 00 00 (2168)<\/td>\n<td>o.ozbek@adanaorganize.org.tr<\/td>\n<\/tr>\n<tr>\n<td>\u0413\u0440\u0443\u043f\u043f\u0430 \u0441\u0442\u0440\u043e\u0438\u0442\u0435\u043b\u044c\u043d\u044b\u0445 \u0440\u0430\u0431\u043e\u0442<\/td>\n<td>\u041d\u0438\u043b\u044e\u0444\u0435\u0440 \u0411\u042e\u0420\u0413\u0410\u041d<\/td>\n<td>\u0420\u0443\u043a\u043e\u0432\u043e\u0434\u0438\u0442\u0435\u043b\u044c \u0433\u0440\u0443\u043f\u043f\u044b \u0441\u0442\u0440\u043e\u0438\u0442\u0435\u043b\u044c\u043d\u044b\u0445 \u0440\u0430\u0431\u043e\u0442<\/td>\n<td>+90322394 54 54 (\u0434\u043e\u0431\u0430\u0432\u043e\u0447\u043d\u044b\u0439 \u043d\u043e\u043c\u0435\u0440 207)<\/td>\n<td>n.buyurgan@adanaorganize.org.tr<\/td>\n<\/tr>\n<tr>\n<td>\u0413\u0440\u0443\u043f\u043f\u0430 \u0441\u0442\u0440\u043e\u0438\u0442\u0435\u043b\u044c\u043d\u044b\u0445 \u0440\u0430\u0431\u043e\u0442<\/td>\n<td>\u0422\u043e\u043b\u0433\u0430 \u0422\u043e\u0439\u0431\u0443\u043a\u043e\u011eLU<\/td>\n<td>\u0422\u0435\u0445\u043d\u0438\u0447\u0435\u0441\u043a\u0438\u0439 \u0440\u0443\u043a\u043e\u0432\u043e\u0434\u0438\u0442\u0435\u043b\u044c<\/td>\n<td>+90322394 54 54 (\u0434\u043e\u0431. 314)<\/td>\n<td>t.toybukoglu@adanaorganize.org.tr<\/td>\n<\/tr>\n<\/tbody>\n<\/table>\n<h3>\u041a\u041e\u041d\u0422\u0410\u041a\u0422\u041d\u0410\u042f \u0418\u041d\u0424\u041e\u0420\u041c\u0410\u0426\u0418\u042f \u041e\u0411\u0429\u0415\u0421\u0422\u0412\u0415\u041d\u041d\u041e\u0413\u041e \u041a\u0410\u041c\u041f\u0423\u0421\u0410 \u0410\u041e\u0421\u0411<\/h3>\n<table>\n<tbody>\n<tr>\n<th>\u0423\u0447\u0440\u0435\u0436\u0434\u0435\u043d\u0438\u0435 \/ \u043e\u0440\u0433\u0430\u043d\u0438\u0437\u0430\u0446\u0438\u044f<\/th>\n<th>\u0423\u043f\u043e\u043b\u043d\u043e\u043c\u043e\u0447\u0435\u043d\u043d\u043e\u0435 \u0438\u043c\u044f<\/th>\n<th>\u041d\u0430\u0437\u0432\u0430\u043d\u0438\u0435<\/th>\n<th>\u0422\u0435\u043b\u0435\u0444\u043e\u043d<\/th>\n<th>GSM<\/th>\n<th>\u0424\u0430\u043a\u0441<\/th>\n<\/tr>\n<tr>\n<td width=\"304\">\u041a\u043e\u043d\u0442\u0430\u043a\u0442\u043d\u044b\u0439 \u043f\u0443\u043d\u043a\u0442 \u043f\u043e\u043b\u0438\u0446\u0438\u0438 AOSB<\/td>\n<td>\u0424\u0435\u0440\u0445\u0430\u0442 \u042f\u041d\u0418\u0422<\/td>\n<td>\u0420\u0443\u043a\u043e\u0432\u043e\u0434\u0438\u0442\u0435\u043b\u044c \u043f\u0443\u043d\u043a\u0442\u0430<\/td>\n<td>(0322) 3943350-143<\/td>\n<td>(0552) 9452701<\/td>\n<td>-<\/td>\n<\/tr>\n<tr>\n<td rowspan=\"6\">AOSB \u0130\u015eKUR \u041a\u043e\u043d\u0442\u0430\u043a\u0442\u043d\u043e\u0435 \u043b\u0438\u0446\u043e<\/td>\n<td>\u0418\u0431\u0440\u0430\u0433\u0438\u043c \u0425\u0430\u043b\u0438\u043b \u0410\u0439\u0434\u044b\u043d<\/td>\n<td>\u041a\u043e\u043d\u0441\u0443\u043b\u044c\u0442\u0430\u043d\u0442 \u043f\u043e \u0442\u0440\u0443\u0434\u043e\u0443\u0441\u0442\u0440\u043e\u0439\u0441\u0442\u0432\u0443 \u0438 \u043f\u0440\u043e\u0444\u0435\u0441\u0441\u0438\u043e\u043d\u0430\u043b\u044c\u043d\u043e\u043c\u0443 \u043e\u0431\u0443\u0447\u0435\u043d\u0438\u044e<\/td>\n<td>(0322) 3943350-139<\/td>\n<td>+90 506 658 32 98<\/td>\n<\/tr>\n<tr>\n<td>\u041c\u0443\u0445\u0430\u043c\u043c\u0435\u0442 \u041a\u044b\u043b\u044b\u0447<\/td>\n<td>\u041a\u043e\u043d\u0441\u0443\u043b\u044c\u0442\u0430\u043d\u0442 \u043f\u043e \u0442\u0440\u0443\u0434\u043e\u0443\u0441\u0442\u0440\u043e\u0439\u0441\u0442\u0432\u0443 \u0438 \u043f\u0440\u043e\u0444\u0435\u0441\u0441\u0438\u043e\u043d\u0430\u043b\u044c\u043d\u043e\u043c\u0443 \u043e\u0431\u0443\u0447\u0435\u043d\u0438\u044e<\/td>\n<td><\/td>\n<td>+90 534 833 62 83<\/td>\n<td><\/td>\n<\/tr>\n<tr>\n<td>\u0418\u0441\u043c\u0430\u0438\u043b \u041a\u044e\u0447\u044e\u043a<\/td>\n<td>\u041a\u043e\u043d\u0441\u0443\u043b\u044c\u0442\u0430\u043d\u0442 \u043f\u043e \u0442\u0440\u0443\u0434\u043e\u0443\u0441\u0442\u0440\u043e\u0439\u0441\u0442\u0432\u0443 \u0438 \u043f\u0440\u043e\u0444\u0435\u0441\u0441\u0438\u043e\u043d\u0430\u043b\u044c\u043d\u043e\u043c\u0443 \u043e\u0431\u0443\u0447\u0435\u043d\u0438\u044e<\/td>\n<td><\/td>\n<td>+90 542 575 74 03<\/td>\n<td><\/td>\n<\/tr>\n<tr>\n<td>\u0421\u0430\u043b\u0438\u043c \u042f\u043c\u0430\u043d<\/td>\n<td>\u041a\u043e\u043d\u0441\u0443\u043b\u044c\u0442\u0430\u043d\u0442 \u043f\u043e \u0442\u0440\u0443\u0434\u043e\u0443\u0441\u0442\u0440\u043e\u0439\u0441\u0442\u0432\u0443 \u0438 \u043f\u0440\u043e\u0444\u0435\u0441\u0441\u0438\u043e\u043d\u0430\u043b\u044c\u043d\u043e\u043c\u0443 \u043e\u0431\u0443\u0447\u0435\u043d\u0438\u044e<\/td>\n<td><\/td>\n<td>+90 534 851 92 28<\/td>\n<td><\/td>\n<\/tr>\n<tr>\n<td>\u042d\u043c\u0438\u043d\u0435 \u0413\u043e\u043d\u0447\u0430 \u0414\u0430\u043c\u0434\u0435\u043b\u0435\u043d<\/td>\n<td>\u041a\u043e\u043d\u0441\u0443\u043b\u044c\u0442\u0430\u043d\u0442 \u043f\u043e \u0442\u0440\u0443\u0434\u043e\u0443\u0441\u0442\u0440\u043e\u0439\u0441\u0442\u0432\u0443 \u0438 \u043f\u0440\u043e\u0444\u0435\u0441\u0441\u0438\u043e\u043d\u0430\u043b\u044c\u043d\u043e\u043c\u0443 \u043e\u0431\u0443\u0447\u0435\u043d\u0438\u044e<\/td>\n<td><\/td>\n<td>+90 532 359 40 22<\/td>\n<td><\/td>\n<\/tr>\n<tr>\n<td>\u042d\u0440\u0434\u0430\u043b \u0422\u043e\u043f\u0430\u043b<\/td>\n<td>\u041a\u043e\u043d\u0441\u0443\u043b\u044c\u0442\u0430\u043d\u0442 \u043f\u043e \u0442\u0440\u0443\u0434\u043e\u0443\u0441\u0442\u0440\u043e\u0439\u0441\u0442\u0432\u0443 \u0438 \u043f\u0440\u043e\u0444\u0435\u0441\u0441\u0438\u043e\u043d\u0430\u043b\u044c\u043d\u043e\u043c\u0443 \u043e\u0431\u0443\u0447\u0435\u043d\u0438\u044e<\/td>\n<td><\/td>\n<td>+90 506 370 56 77<\/td>\n<td><\/td>\n<\/tr>\n<tr>\n<td rowspan=\"3\" width=\"304\">\u041f\u0443\u043d\u043a\u0442 \u0441\u0432\u044f\u0437\u0438 \u0422\u0430\u043c\u043e\u0436\u0435\u043d\u043d\u043e\u0433\u043e \u0443\u043f\u0440\u0430\u0432\u043b\u0435\u043d\u0438\u044f \u0410\u041e\u0421\u0411<\/td>\n<td>\u041c\u0435\u0445\u043c\u0435\u0442 \u0422\u0430\u0442\u0430\u0440<\/td>\n<td>\u0414\u0438\u0440\u0435\u043a\u0442\u043e\u0440 \u0446\u0435\u043d\u0442\u0440\u0430<\/td>\n<td>(0322) 3943350-113 (0322) 4359168<\/td>\n<td>-<\/td>\n<td>(0322) 4356504<\/td>\n<\/tr>\n<tr>\n<td>\u0425\u0430\u043a\u0430\u043d \u0421\u0410\u042f\u0420<\/td>\n<td>\u0422\u0430\u043c\u043e\u0436\u0435\u043d\u043d\u0438\u043a<\/td>\n<td><\/td>\n<td>(0542) 4169268<\/td>\n<td><\/td>\n<\/tr>\n<tr>\n<td>\u0410\u0445\u043c\u0435\u0442 \u0413\u041e\u041a<\/td>\n<td>\u0422\u0430\u043c\u043e\u0436\u0435\u043d\u043d\u0438\u043a<\/td>\n<td><\/td>\n<td>(0544) 3707484<\/td>\n<td><\/td>\n<\/tr>\n<tr>\n<td width=\"304\">AOSB TCDD \u0422\u0440\u0430\u043d\u0441\u043f\u043e\u0440\u0442\u043d\u044b\u0439 \u043a\u043e\u043d\u0442\u0430\u043a\u0442\u043d\u044b\u0439 \u043f\u0443\u043d\u043a\u0442<\/td>\n<td>\u041c\u0435\u0445\u043c\u0435\u0442 \u0410\u043b\u0438 \u0423\u041d\u0410\u041b<\/td>\n<td>\u0420\u0435\u0433\u0438\u043e\u043d\u0430\u043b\u044c\u043d\u044b\u0439 \u043a\u043e\u043e\u0440\u0434\u0438\u043d\u0430\u0442\u043e\u0440 AOSB<\/td>\n<td>(0322) 3943350-133<\/td>\n<td>(0543) 8371471<\/td>\n<td>-<\/td>\n<\/tr>\n<tr>\n<td width=\"304\">\u0411\u044e\u0440\u043e \u043f\u043e\u0434\u0434\u0435\u0440\u0436\u043a\u0438 \u043f\u0440\u043e\u0435\u043a\u0442\u043e\u0432 \u0410\u041e\u0421\u0411<\/td>\n<td>\u041e\u0437\u043a\u0430\u043d \u041e\u0437\u0431\u0435\u043a<\/td>\n<td>\u041d\u0430\u0447\u0430\u043b\u044c\u043d\u0438\u043a \u0430\u0434\u043c\u0438\u043d\u0438\u0441\u0442\u0440\u0430\u0442\u0438\u0432\u043d\u043e\u0433\u043e \u043e\u0442\u0434\u0435\u043b\u0430<\/td>\n<td>3225500781<\/td>\n<td>0552 994 4969<\/td>\n<td><\/td>\n<\/tr>\n<tr>\n<td width=\"304\">AOSB Green Osb and Sustainability Unit<\/td>\n<td>\u042d.\u042d\u0441\u0438\u043d \u0421\u0435\u0432\u0433\u0438<\/td>\n<td>\u0421\u0442\u0430\u0440\u0448\u0438\u0439 \u044d\u043a\u0441\u043f\u0435\u0440\u0442<\/td>\n<td>3225500781<\/td>\n<td>0552 994 4959<\/td>\n<td rowspan=\"5\"><\/td>\n<\/tr>\n<tr>\n<td width=\"304\">\u041f\u0440\u0435\u0434\u0441\u0442\u0430\u0432\u0438\u0442\u0435\u043b\u044c\u0441\u0442\u0432\u043e \u0410\u041e\u0421\u0411 \u041a\u043e\u0441\u0433\u0435\u0431<\/td>\n<td>\u0421\u0435\u0440\u0442\u0430\u0447 \u041a\u0443\u043b<\/td>\n<td>\u041f\u043e\u043c\u043e\u0449\u043d\u0438\u043a \u0441\u043f\u0435\u0446\u0438\u0430\u043b\u0438\u0441\u0442\u0430 \u043f\u043e \u043f\u0440\u043e\u0435\u043a\u0442\u0430\u043c<\/td>\n<td>3225500781<\/td>\n<td>0552 994 4954<\/td>\n<\/tr>\n<tr>\n<td width=\"304\">\u041a\u043b\u0430\u0441\u0442\u0435\u0440\u043d\u0430\u044f \u0433\u0440\u0443\u043f\u043f\u0430 AOSB<\/td>\n<td>\u0413\u0430\u043c\u0437\u0435 \u0413\u044e\u043b\u0435\u043d<\/td>\n<td>\u041f\u043e\u043c\u043e\u0449\u043d\u0438\u043a \u0441\u043f\u0435\u0446\u0438\u0430\u043b\u0438\u0441\u0442\u0430 \u043f\u043e \u043f\u0440\u043e\u0435\u043a\u0442\u0430\u043c<\/td>\n<td>3225500781<\/td>\n<td>0552 981 6397<\/td>\n<\/tr>\n<tr>\n<td width=\"304\">\u041e\u0442\u0434\u0435\u043b \u043f\u043e\u0434\u0434\u0435\u0440\u0436\u043a\u0438 \u041d\u0418\u041e\u041a\u0420 \u0438 \u0438\u043d\u043d\u043e\u0432\u0430\u0446\u0438\u0439 \u0410\u041e\u0421\u0411<\/td>\n<td>\u042d\u0447\u0435\u043c \u041d\u0443\u0440 \u041e\u0437\u043a\u0430\u043d<\/td>\n<td>\u041f\u043e\u043c\u043e\u0449\u043d\u0438\u043a \u0441\u043f\u0435\u0446\u0438\u0430\u043b\u0438\u0441\u0442\u0430 \u043f\u043e \u043f\u0440\u043e\u0435\u043a\u0442\u0430\u043c<\/td>\n<td>3225500781<\/td>\n<td><\/td>\n<\/tr>\n<tr>\n<td width=\"304\">\u0413\u0440\u0443\u043f\u043f\u0430 \u044d\u043d\u0435\u0440\u0433\u0435\u0442\u0438\u0447\u0435\u0441\u043a\u043e\u0433\u043e \u043c\u0435\u043d\u0435\u0434\u0436\u043c\u0435\u043d\u0442\u0430 AOSB<\/td>\n<td>\u0410\u043b\u0438 \u041a\u0430\u043d \u041e\u0437\u0434\u043e\u0433\u0430\u043d<\/td>\n<td>\u0421\u043f\u0435\u0446\u0438\u0430\u043b\u0438\u0441\u0442 \u043f\u043e \u043f\u0440\u043e\u0435\u043a\u0442\u0430\u043c<\/td>\n<td>3225500781<\/td>\n<td>0552 9816393<\/td>\n<\/tr>\n<tr>\n<td width=\"304\">\u041e\u0444\u0438\u0441 \u0441\u0432\u044f\u0437\u0438 \u0444\u0438\u043b\u0438\u0430\u043b\u0430 \u041f\u0430\u043b\u0430\u0442\u044b \u0438\u043d\u0436\u0435\u043d\u0435\u0440\u043e\u0432-\u043c\u0435\u0445\u0430\u043d\u0438\u043a\u043e\u0432 \u0432 \u0410\u0434\u0430\u043d\u0435<\/td>\n<td>\u0410\u043b\u044c\u043f\u0435\u0440 \u0419\u044b\u043b\u0434\u044b\u0437<\/td>\n<td>\u0421\u043f\u0435\u0446\u0438\u0430\u043b\u0438\u0441\u0442 \/ \u0438\u043d\u0436\u0435\u043d\u0435\u0440-\u043c\u0435\u0445\u0430\u043d\u0438\u043a<\/td>\n<td>(0322) 2326420<\/td>\n<td>(0555) 7061570<\/td>\n<td>(0322) 2326419<\/td>\n<\/tr>\n<\/tbody>\n<\/table>","protected":false},"excerpt":{"rendered":"<p>AOSB SERVICE UNITS CONTACT INFORMATION Service Unit Contact Person Title Telephone E-mail Regional Director Ersin AKPINAR Regional Director +90 322 394 54 54 e.akpinar@adanaorganize.org.tr Chairman of the Board of Directors Assistant Yasemin SATMAZER Chairman of Board of Directors Assistant +90 322 394 54 54 (126) y.satmazer@adanaorganize.org.tr Planning and Project Planning Directorate Banu TANRIKULU Director [...]...<\/p>","protected":false},"author":1,"featured_media":0,"parent":0,"menu_order":7,"comment_status":"closed","ping_status":"closed","template":"","meta":{"_acf_changed":false,"footnotes":""},"class_list":["post-25083","page","type-page","status-publish","format-standard","hentry"],"acf":[],"_links":{"self":[{"href":"https:\/\/en.adanaorganize.org.tr\/ru\/wp-json\/wp\/v2\/pages\/25083","targetHints":{"allow":["GET"]}}],"collection":[{"href":"https:\/\/en.adanaorganize.org.tr\/ru\/wp-json\/wp\/v2\/pages"}],"about":[{"href":"https:\/\/en.adanaorganize.org.tr\/ru\/wp-json\/wp\/v2\/types\/page"}],"author":[{"embeddable":true,"href":"https:\/\/en.adanaorganize.org.tr\/ru\/wp-json\/wp\/v2\/users\/1"}],"replies":[{"embeddable":true,"href":"https:\/\/en.adanaorganize.org.tr\/ru\/wp-json\/wp\/v2\/comments?post=25083"}],"version-history":[{"count":0,"href":"https:\/\/en.adanaorganize.org.tr\/ru\/wp-json\/wp\/v2\/pages\/25083\/revisions"}],"wp:attachment":[{"href":"https:\/\/en.adanaorganize.org.tr\/ru\/wp-json\/wp\/v2\/media?parent=25083"}],"curies":[{"name":"wp","href":"https:\/\/api.w.org\/{rel}","templated":true}]}}