{"id":25129,"date":"2024-10-18T17:21:25","date_gmt":"2024-10-18T14:21:25","guid":{"rendered":"https:\/\/en.adanaorganize.org.tr\/why-aosb\/yuregir-state-hospital-aosb-district-polyclinic\/"},"modified":"2024-10-30T14:56:53","modified_gmt":"2024-10-30T11:56:53","slug":"health-services","status":"publish","type":"page","link":"https:\/\/en.adanaorganize.org.tr\/de\/warum-aosb\/gesundheitsdienste\/","title":{"rendered":"Gesundheitsdienste"},"content":{"rendered":"<h3><strong>Staatliches Krankenhaus Y\u00fcre\u011fir <b>AOSB <\/b><b>Nachbarschaft<\/b> <b>Poliklinik<\/b> <\/strong><\/h3>\n<p>Das Y\u00fcre\u011fir State Hospital AOSB Neighborhood Polyclinic, das sich innerhalb unserer regionalen Grenzen befindet und einen 24\/7 Notfalldienst hat, bietet 9 verschiedene Fachbereiche an. Das Y\u00fcre\u011fir State Hospital AOSB Neighborhood Polyclinic umfasst die Polikliniken f\u00fcr Brustkrankheiten, Augenheilkunde, Innere Medizin, Urologie, Hals-Nasen-Ohren-Heilkunde, allgemeine Chirurgie, Radiologie, Orthop\u00e4die und P\u00e4diatrie.<\/p>","protected":false},"excerpt":{"rendered":"<p>Y\u00fcre\u011fir State Hospital AOSB Neighborhood Polyclinic Y\u00fcre\u011fir State Hospital AOSB Neighborhood Polyclinic, die sich innerhalb unserer regionalen Grenzen befindet und 24\/7 Notfalldienst hat, dient mit 9 verschiedenen Zweigen. Das Y\u00fcre\u011fir State Hospital AOSB Neighborhood Polyclinic umfasst die Polikliniken f\u00fcr Brustkrankheiten, Augenheilkunde, Innere Medizin, Urologie, Hals-Nasen-Ohren-Heilkunde, allgemeine Chirurgie, Radiologie, Orthop\u00e4die und P\u00e4diatrie.<\/p>","protected":false},"author":1,"featured_media":0,"parent":25064,"menu_order":12,"comment_status":"closed","ping_status":"closed","template":"","meta":{"_acf_changed":false,"footnotes":""},"class_list":["post-25129","page","type-page","status-publish","format-standard","hentry"],"acf":[],"_links":{"self":[{"href":"https:\/\/en.adanaorganize.org.tr\/de\/wp-json\/wp\/v2\/pages\/25129","targetHints":{"allow":["GET"]}}],"collection":[{"href":"https:\/\/en.adanaorganize.org.tr\/de\/wp-json\/wp\/v2\/pages"}],"about":[{"href":"https:\/\/en.adanaorganize.org.tr\/de\/wp-json\/wp\/v2\/types\/page"}],"author":[{"embeddable":true,"href":"https:\/\/en.adanaorganize.org.tr\/de\/wp-json\/wp\/v2\/users\/1"}],"replies":[{"embeddable":true,"href":"https:\/\/en.adanaorganize.org.tr\/de\/wp-json\/wp\/v2\/comments?post=25129"}],"version-history":[{"count":0,"href":"https:\/\/en.adanaorganize.org.tr\/de\/wp-json\/wp\/v2\/pages\/25129\/revisions"}],"up":[{"embeddable":true,"href":"https:\/\/en.adanaorganize.org.tr\/de\/wp-json\/wp\/v2\/pages\/25064"}],"wp:attachment":[{"href":"https:\/\/en.adanaorganize.org.tr\/de\/wp-json\/wp\/v2\/media?parent=25129"}],"curies":[{"name":"wp","href":"https:\/\/api.w.org\/{rel}","templated":true}]}}