{"id":25122,"date":"2024-10-18T17:21:25","date_gmt":"2024-10-18T14:21:25","guid":{"rendered":"https:\/\/en.adanaorganize.org.tr\/why-aosb\/fire-brigade-services\/"},"modified":"2024-10-25T09:27:53","modified_gmt":"2024-10-25T06:27:53","slug":"fire-unit","status":"publish","type":"page","link":"https:\/\/en.adanaorganize.org.tr\/de\/warum-aosb\/brandabschnitt\/","title":{"rendered":"Feuerwehreinheit"},"content":{"rendered":"<p>Unsere Feuerwehreinheit, die eingerichtet wurde, um rund um die Uhr Feuerwehrdienste zu leisten, um bei Br\u00e4nden in unserer Region als erstes eingreifen zu k\u00f6nnen, arbeitet mit dem Metropolitan Municipality Fire Department zusammen.<\/p>\n<p>Der \"Feuerwehrbericht\", der im Rahmen der Betriebser\u00f6ffnungsgenehmigung innerhalb der Grenzen des AOSB erforderlich ist, wird von unserer Regionaldirektion als Ergebnis der durchgef\u00fchrten Kontrollen erstellt.<\/p>","protected":false},"excerpt":{"rendered":"<p>Unsere Feuerwehreinheit, die f\u00fcr einen 24-Stunden-Feuerwehrdienst eingerichtet wurde, um bei Br\u00e4nden in unserer Region als erstes eingreifen zu k\u00f6nnen, arbeitet mit dem Metropolitan Municipality Fire Department zusammen. Der \"Feuerwehrbericht\", der im Rahmen der Gewerbeer\u00f6ffnungsgenehmigung innerhalb der Grenzen des AOSB erforderlich ist, wird [...]<\/p>","protected":false},"author":1,"featured_media":0,"parent":25064,"menu_order":11,"comment_status":"closed","ping_status":"closed","template":"","meta":{"_acf_changed":false,"footnotes":""},"class_list":["post-25122","page","type-page","status-publish","format-standard","hentry"],"acf":[],"_links":{"self":[{"href":"https:\/\/en.adanaorganize.org.tr\/de\/wp-json\/wp\/v2\/pages\/25122","targetHints":{"allow":["GET"]}}],"collection":[{"href":"https:\/\/en.adanaorganize.org.tr\/de\/wp-json\/wp\/v2\/pages"}],"about":[{"href":"https:\/\/en.adanaorganize.org.tr\/de\/wp-json\/wp\/v2\/types\/page"}],"author":[{"embeddable":true,"href":"https:\/\/en.adanaorganize.org.tr\/de\/wp-json\/wp\/v2\/users\/1"}],"replies":[{"embeddable":true,"href":"https:\/\/en.adanaorganize.org.tr\/de\/wp-json\/wp\/v2\/comments?post=25122"}],"version-history":[{"count":0,"href":"https:\/\/en.adanaorganize.org.tr\/de\/wp-json\/wp\/v2\/pages\/25122\/revisions"}],"up":[{"embeddable":true,"href":"https:\/\/en.adanaorganize.org.tr\/de\/wp-json\/wp\/v2\/pages\/25064"}],"wp:attachment":[{"href":"https:\/\/en.adanaorganize.org.tr\/de\/wp-json\/wp\/v2\/media?parent=25122"}],"curies":[{"name":"wp","href":"https:\/\/api.w.org\/{rel}","templated":true}]}}