{"id":25121,"date":"2024-10-18T17:21:25","date_gmt":"2024-10-18T14:21:25","guid":{"rendered":"https:\/\/en.adanaorganize.org.tr\/why-aosb\/domestic-water-treatment-services\/"},"modified":"2024-10-21T11:01:07","modified_gmt":"2024-10-21T08:01:07","slug":"environmental-services","status":"publish","type":"page","link":"https:\/\/en.adanaorganize.org.tr\/de\/warum-aosb\/umweltdienstleistungen\/","title":{"rendered":"Umweltdienste"},"content":{"rendered":"<p><b>Dienstleistungen f\u00fcr Kl\u00e4ranlagen<\/b><\/p>\n<p>Die Brauchwasseraufbereitungsanlage besteht aus zwei Anlagen mit einer Kapazit\u00e4t von <b>72.000 m\u00b3\/Tag <\/b>und <b>150.000 m\u00b3\/Tag<\/b> mit einer Gesamtkapazit\u00e4t von 222.000 m\u00b3\/Tag.<\/p>\n<p>&nbsp;<\/p>\n<div id='gallery-1' class='gallery galleryid-25121 gallery-columns-4 gallery-size-medium'><figure class='gallery-item'>\n\t\t\t<div class='gallery-icon landscape'>\n\t\t\t\t<a href='https:\/\/en.adanaorganize.org.tr\/wp-content\/uploads\/2024\/10\/wastewater-1.jpg'><img loading=\"lazy\" decoding=\"async\" width=\"300\" height=\"169\" src=\"https:\/\/en.adanaorganize.org.tr\/wp-content\/uploads\/2024\/10\/wastewater-1-300x169.jpg\" class=\"attachment-medium size-medium\" alt=\"\" srcset=\"https:\/\/en.adanaorganize.org.tr\/wp-content\/uploads\/2024\/10\/wastewater-1-300x169.jpg 300w, https:\/\/en.adanaorganize.org.tr\/wp-content\/uploads\/2024\/10\/wastewater-1-1024x576.jpg 1024w, https:\/\/en.adanaorganize.org.tr\/wp-content\/uploads\/2024\/10\/wastewater-1-768x432.jpg 768w, https:\/\/en.adanaorganize.org.tr\/wp-content\/uploads\/2024\/10\/wastewater-1.jpg 1220w\" sizes=\"auto, (max-width: 300px) 100vw, 300px\" \/><\/a>\n\t\t\t<\/div><\/figure><figure class='gallery-item'>\n\t\t\t<div class='gallery-icon landscape'>\n\t\t\t\t<a href='https:\/\/en.adanaorganize.org.tr\/wp-content\/uploads\/2024\/10\/wastewater-2.jpg'><img loading=\"lazy\" decoding=\"async\" width=\"300\" height=\"169\" src=\"https:\/\/en.adanaorganize.org.tr\/wp-content\/uploads\/2024\/10\/wastewater-2-300x169.jpg\" class=\"attachment-medium size-medium\" alt=\"\" srcset=\"https:\/\/en.adanaorganize.org.tr\/wp-content\/uploads\/2024\/10\/wastewater-2-300x169.jpg 300w, https:\/\/en.adanaorganize.org.tr\/wp-content\/uploads\/2024\/10\/wastewater-2-1024x576.jpg 1024w, https:\/\/en.adanaorganize.org.tr\/wp-content\/uploads\/2024\/10\/wastewater-2-768x432.jpg 768w, https:\/\/en.adanaorganize.org.tr\/wp-content\/uploads\/2024\/10\/wastewater-2.jpg 1220w\" sizes=\"auto, (max-width: 300px) 100vw, 300px\" \/><\/a>\n\t\t\t<\/div><\/figure><figure class='gallery-item'>\n\t\t\t<div class='gallery-icon landscape'>\n\t\t\t\t<a href='https:\/\/en.adanaorganize.org.tr\/wp-content\/uploads\/2024\/10\/wastewater-3.jpg'><img loading=\"lazy\" decoding=\"async\" width=\"300\" height=\"169\" src=\"https:\/\/en.adanaorganize.org.tr\/wp-content\/uploads\/2024\/10\/wastewater-3-300x169.jpg\" class=\"attachment-medium size-medium\" alt=\"\" srcset=\"https:\/\/en.adanaorganize.org.tr\/wp-content\/uploads\/2024\/10\/wastewater-3-300x169.jpg 300w, https:\/\/en.adanaorganize.org.tr\/wp-content\/uploads\/2024\/10\/wastewater-3-1024x576.jpg 1024w, https:\/\/en.adanaorganize.org.tr\/wp-content\/uploads\/2024\/10\/wastewater-3-768x432.jpg 768w, https:\/\/en.adanaorganize.org.tr\/wp-content\/uploads\/2024\/10\/wastewater-3.jpg 1220w\" sizes=\"auto, (max-width: 300px) 100vw, 300px\" \/><\/a>\n\t\t\t<\/div><\/figure><figure class='gallery-item'>\n\t\t\t<div class='gallery-icon landscape'>\n\t\t\t\t<a href='https:\/\/en.adanaorganize.org.tr\/wp-content\/uploads\/2024\/10\/wastewater-4.jpg'><img loading=\"lazy\" decoding=\"async\" width=\"300\" height=\"169\" src=\"https:\/\/en.adanaorganize.org.tr\/wp-content\/uploads\/2024\/10\/wastewater-4-300x169.jpg\" class=\"attachment-medium size-medium\" alt=\"\" srcset=\"https:\/\/en.adanaorganize.org.tr\/wp-content\/uploads\/2024\/10\/wastewater-4-300x169.jpg 300w, https:\/\/en.adanaorganize.org.tr\/wp-content\/uploads\/2024\/10\/wastewater-4-1024x576.jpg 1024w, https:\/\/en.adanaorganize.org.tr\/wp-content\/uploads\/2024\/10\/wastewater-4-768x432.jpg 768w, https:\/\/en.adanaorganize.org.tr\/wp-content\/uploads\/2024\/10\/wastewater-4.jpg 1220w\" sizes=\"auto, (max-width: 300px) 100vw, 300px\" \/><\/a>\n\t\t\t<\/div><\/figure>\n\t\t<\/div>","protected":false},"excerpt":{"rendered":"<p>Dienstleistungen der Kl\u00e4ranlage Die Kl\u00e4ranlage besteht aus zwei Anlagen mit einer Kapazit\u00e4t von 72.000 m\u00b3\/Tag und 150.000 m\u00b3\/Tag, was einer Gesamtkapazit\u00e4t von 222.000 m\u00b3\/Tag entspricht. &nbsp;<\/p>","protected":false},"author":1,"featured_media":25155,"parent":25064,"menu_order":10,"comment_status":"closed","ping_status":"closed","template":"","meta":{"_acf_changed":false,"footnotes":""},"class_list":["post-25121","page","type-page","status-publish","format-standard","has-post-thumbnail","hentry"],"acf":[],"_links":{"self":[{"href":"https:\/\/en.adanaorganize.org.tr\/de\/wp-json\/wp\/v2\/pages\/25121","targetHints":{"allow":["GET"]}}],"collection":[{"href":"https:\/\/en.adanaorganize.org.tr\/de\/wp-json\/wp\/v2\/pages"}],"about":[{"href":"https:\/\/en.adanaorganize.org.tr\/de\/wp-json\/wp\/v2\/types\/page"}],"author":[{"embeddable":true,"href":"https:\/\/en.adanaorganize.org.tr\/de\/wp-json\/wp\/v2\/users\/1"}],"replies":[{"embeddable":true,"href":"https:\/\/en.adanaorganize.org.tr\/de\/wp-json\/wp\/v2\/comments?post=25121"}],"version-history":[{"count":0,"href":"https:\/\/en.adanaorganize.org.tr\/de\/wp-json\/wp\/v2\/pages\/25121\/revisions"}],"up":[{"embeddable":true,"href":"https:\/\/en.adanaorganize.org.tr\/de\/wp-json\/wp\/v2\/pages\/25064"}],"wp:featuredmedia":[{"embeddable":true,"href":"https:\/\/en.adanaorganize.org.tr\/de\/wp-json\/wp\/v2\/media\/25155"}],"wp:attachment":[{"href":"https:\/\/en.adanaorganize.org.tr\/de\/wp-json\/wp\/v2\/media?parent=25121"}],"curies":[{"name":"wp","href":"https:\/\/api.w.org\/{rel}","templated":true}]}}