{"id":25116,"date":"2024-10-18T17:21:25","date_gmt":"2024-10-18T14:21:25","guid":{"rendered":"https:\/\/en.adanaorganize.org.tr\/why-aosb\/aosb-trade-centre\/"},"modified":"2024-10-23T13:20:05","modified_gmt":"2024-10-23T10:20:05","slug":"aosb-trade-centre","status":"publish","type":"page","link":"https:\/\/en.adanaorganize.org.tr\/de\/warum-aosb\/aosb-handelszentrum\/","title":{"rendered":"AOSB Handelszentrum"},"content":{"rendered":"<p>&nbsp;<\/p>\n<p><img loading=\"lazy\" decoding=\"async\" class=\"alignnone size-full wp-image-25392\" src=\"https:\/\/en.adanaorganize.org.tr\/wp-content\/uploads\/2024\/10\/ticaret-merkezi-2.jpg\" alt=\"\" width=\"1689\" height=\"811\" srcset=\"https:\/\/en.adanaorganize.org.tr\/wp-content\/uploads\/2024\/10\/ticaret-merkezi-2.jpg 1689w, https:\/\/en.adanaorganize.org.tr\/wp-content\/uploads\/2024\/10\/ticaret-merkezi-2-300x144.jpg 300w, https:\/\/en.adanaorganize.org.tr\/wp-content\/uploads\/2024\/10\/ticaret-merkezi-2-1024x492.jpg 1024w, https:\/\/en.adanaorganize.org.tr\/wp-content\/uploads\/2024\/10\/ticaret-merkezi-2-768x369.jpg 768w, https:\/\/en.adanaorganize.org.tr\/wp-content\/uploads\/2024\/10\/ticaret-merkezi-2-1536x738.jpg 1536w\" sizes=\"auto, (max-width: 1689px) 100vw, 1689px\" \/>Unser 2015 fertiggestelltes Basarzentrum bietet den Gewerbetreibenden in der Adana Hac\u0131 Sabanc\u0131 OIZ einen hohen Servicestandard, um ihr Gesch\u00e4ftsleben zu erleichtern. Das Adana Hac\u0131 Sabanc\u0131 OIZ Handelszentrum, das 39 separate Abteilungen, Notariatsdienste, Frachtdienste und Einkaufsm\u00f6glichkeiten umfasst, erm\u00f6glicht es unseren Unternehmern, ihre t\u00e4glichen Gesch\u00e4fte innerhalb der Zone zu erledigen, w\u00e4hrend es gleichzeitig Unternehmern die M\u00f6glichkeit bietet, ihre Gesch\u00e4ftsideen mit dem Cube Entrepreneurship Center zu entwickeln.<\/p>","protected":false},"excerpt":{"rendered":"<p>&nbsp; Unser 2015 fertiggestelltes Basarzentrum bietet den Unternehmern in der Adana Hac\u0131 Sabanc\u0131 OIZ einen hohen Servicestandard, um ihr Gesch\u00e4ftsleben zu erleichtern. Das Adana Hac\u0131 Sabanc\u0131 OIZ Handelszentrum, das 39 separate Abteilungen, Notariatsdienste, Frachtdienste und Einkaufsm\u00f6glichkeiten umfasst, erm\u00f6glicht es unseren Industriellen, ihre t\u00e4glichen Gesch\u00e4fte innerhalb der Zone zu erledigen, [...]<\/p>","protected":false},"author":1,"featured_media":0,"parent":25064,"menu_order":3,"comment_status":"closed","ping_status":"closed","template":"","meta":{"_acf_changed":false,"footnotes":""},"class_list":["post-25116","page","type-page","status-publish","format-standard","hentry"],"acf":[],"_links":{"self":[{"href":"https:\/\/en.adanaorganize.org.tr\/de\/wp-json\/wp\/v2\/pages\/25116","targetHints":{"allow":["GET"]}}],"collection":[{"href":"https:\/\/en.adanaorganize.org.tr\/de\/wp-json\/wp\/v2\/pages"}],"about":[{"href":"https:\/\/en.adanaorganize.org.tr\/de\/wp-json\/wp\/v2\/types\/page"}],"author":[{"embeddable":true,"href":"https:\/\/en.adanaorganize.org.tr\/de\/wp-json\/wp\/v2\/users\/1"}],"replies":[{"embeddable":true,"href":"https:\/\/en.adanaorganize.org.tr\/de\/wp-json\/wp\/v2\/comments?post=25116"}],"version-history":[{"count":0,"href":"https:\/\/en.adanaorganize.org.tr\/de\/wp-json\/wp\/v2\/pages\/25116\/revisions"}],"up":[{"embeddable":true,"href":"https:\/\/en.adanaorganize.org.tr\/de\/wp-json\/wp\/v2\/pages\/25064"}],"wp:attachment":[{"href":"https:\/\/en.adanaorganize.org.tr\/de\/wp-json\/wp\/v2\/media?parent=25116"}],"curies":[{"name":"wp","href":"https:\/\/api.w.org\/{rel}","templated":true}]}}