{"id":25115,"date":"2024-10-18T17:21:25","date_gmt":"2024-10-18T14:21:25","guid":{"rendered":"https:\/\/en.adanaorganize.org.tr\/why-aosb\/aosb-public-campus\/"},"modified":"2024-11-27T10:04:42","modified_gmt":"2024-11-27T07:04:42","slug":"aosb-public-campus","status":"publish","type":"page","link":"https:\/\/en.adanaorganize.org.tr\/de\/warum-aosb\/aosb-public-campus\/","title":{"rendered":"AOSB \u00d6ffentlicher Campus"},"content":{"rendered":"<p><img loading=\"lazy\" decoding=\"async\" class=\"alignnone size-full wp-image-25436\" src=\"https:\/\/en.adanaorganize.org.tr\/wp-content\/uploads\/2024\/10\/kamu-kampusu-1.jpg\" alt=\"\" width=\"1083\" height=\"758\" srcset=\"https:\/\/en.adanaorganize.org.tr\/wp-content\/uploads\/2024\/10\/kamu-kampusu-1.jpg 1083w, https:\/\/en.adanaorganize.org.tr\/wp-content\/uploads\/2024\/10\/kamu-kampusu-1-300x210.jpg 300w, https:\/\/en.adanaorganize.org.tr\/wp-content\/uploads\/2024\/10\/kamu-kampusu-1-1024x717.jpg 1024w, https:\/\/en.adanaorganize.org.tr\/wp-content\/uploads\/2024\/10\/kamu-kampusu-1-768x538.jpg 768w\" sizes=\"auto, (max-width: 1083px) 100vw, 1083px\" \/><\/p>\n<p>Der \u00f6ffentliche Campus der Adana Hac\u0131 Sabanc\u0131 Organized Industrial Zone (AOSB) soll die b\u00fcrokratischen Abl\u00e4ufe f\u00fcr Unternehmen vereinfachen, indem er alle wichtigen staatlichen Dienstleistungen unter einem Dach vereint. Der Campus beherbergt wichtige Einrichtungen wie Notariate, Grundbuch\u00e4mter, Gewerbe\u00e4mter und Finanz\u00e4mter und bietet einen bequemen Zugang zu wichtigen Verwaltungsdiensten. Diese Einrichtung spart nicht nur Zeit und Ressourcen f\u00fcr Unternehmen, sondern erh\u00f6ht auch die betriebliche Effizienz. Mit seiner modernen Infrastruktur und seinem zentralen Dienstleistungsangebot tr\u00e4gt der AOSB Public Campus wesentlich zum Erfolg und zur Entwicklung der Wirtschaft bei.<\/p>","protected":false},"excerpt":{"rendered":"<p>Der \u00f6ffentliche Campus der Adana Hac\u0131 Sabanc\u0131 Organized Industrial Zone (AOSB) soll die b\u00fcrokratischen Abl\u00e4ufe f\u00fcr Unternehmen vereinfachen, indem er alle wichtigen staatlichen Dienstleistungen unter einem Dach vereint. Der Campus beherbergt wichtige Einrichtungen wie Notariate, Grundbuch\u00e4mter, Gewerbe\u00e4mter und Finanz\u00e4mter und bietet einen bequemen Zugang zu wichtigen Verwaltungsdiensten. Diese Einrichtung ist nicht [...]<\/p>","protected":false},"author":1,"featured_media":0,"parent":25064,"menu_order":2,"comment_status":"closed","ping_status":"closed","template":"","meta":{"_acf_changed":false,"footnotes":""},"class_list":["post-25115","page","type-page","status-publish","format-standard","hentry"],"acf":[],"_links":{"self":[{"href":"https:\/\/en.adanaorganize.org.tr\/de\/wp-json\/wp\/v2\/pages\/25115","targetHints":{"allow":["GET"]}}],"collection":[{"href":"https:\/\/en.adanaorganize.org.tr\/de\/wp-json\/wp\/v2\/pages"}],"about":[{"href":"https:\/\/en.adanaorganize.org.tr\/de\/wp-json\/wp\/v2\/types\/page"}],"author":[{"embeddable":true,"href":"https:\/\/en.adanaorganize.org.tr\/de\/wp-json\/wp\/v2\/users\/1"}],"replies":[{"embeddable":true,"href":"https:\/\/en.adanaorganize.org.tr\/de\/wp-json\/wp\/v2\/comments?post=25115"}],"version-history":[{"count":0,"href":"https:\/\/en.adanaorganize.org.tr\/de\/wp-json\/wp\/v2\/pages\/25115\/revisions"}],"up":[{"embeddable":true,"href":"https:\/\/en.adanaorganize.org.tr\/de\/wp-json\/wp\/v2\/pages\/25064"}],"wp:attachment":[{"href":"https:\/\/en.adanaorganize.org.tr\/de\/wp-json\/wp\/v2\/media?parent=25115"}],"curies":[{"name":"wp","href":"https:\/\/api.w.org\/{rel}","templated":true}]}}