{"id":25114,"date":"2024-10-18T17:21:25","date_gmt":"2024-10-18T14:21:25","guid":{"rendered":"https:\/\/en.adanaorganize.org.tr\/why-aosb\/aosb-project-support-office\/"},"modified":"2024-11-27T10:05:12","modified_gmt":"2024-11-27T07:05:12","slug":"aosb-project-support-office","status":"publish","type":"page","link":"https:\/\/en.adanaorganize.org.tr\/de\/warum-aosb\/aosb-projektbegleitendes-buro\/","title":{"rendered":"AOSB Projektunterst\u00fctzungsb\u00fcro"},"content":{"rendered":"<p><img loading=\"lazy\" decoding=\"async\" class=\"size-full wp-image-25094 aligncenter\" src=\"https:\/\/en.adanaorganize.org.tr\/wp-content\/uploads\/2024\/10\/pdo.png\" alt=\"\" width=\"720\" height=\"300\" srcset=\"https:\/\/en.adanaorganize.org.tr\/wp-content\/uploads\/2024\/10\/pdo.png 720w, https:\/\/en.adanaorganize.org.tr\/wp-content\/uploads\/2024\/10\/pdo-300x125.png 300w\" sizes=\"auto, (max-width: 720px) 100vw, 720px\" \/><\/p>\n<p>Es handelt sich um eine Einheit, die nach dem Prinzip der Dienstleistung f\u00fcr F&amp;E- und Innovationsprojekte arbeitet, die im Rahmen von nationalen und internationalen Programmen, F&amp;E-\/Konstruktionszentren, Installations- und Wartungsdiensten, Zuschussprojekten und Unterst\u00fctzungen im Rahmen von KOSGEB und dem Ministerium durchgef\u00fchrt werden.<\/p>\n<div>Das AOSB Project Support Office Unit wurde 2019 eingerichtet, um die Zusammenarbeit zwischen Universit\u00e4t und Industrie zu gew\u00e4hrleisten. Mit ihren Untereinheiten tr\u00e4gt sie zur Entwicklung sowohl der OIZ als auch unserer Industriellen bei. Diese Untereinheiten sind;<\/div>\n<ul>\n<li>Referat f\u00fcr FuE-F\u00f6rderung und Innovation,<\/li>\n<li>Kosgeb-Vertreter,<\/li>\n<li>Einheit Qualit\u00e4t<\/li>\n<li>Referat Gr\u00fcne OIZ und Nachhaltigkeit.<\/li>\n<\/ul>\n<div>Jedes Referat bietet Dienstleistungen in verschiedenen Bereichen an und unterst\u00fctzt bei der Beantragung, Ausarbeitung von Projekten und der Weiterverfolgung von F\u00f6rderprogrammen, die von vielen Institutionen\/Organisationen wie KOSGEB, T\u00dcB\u0130TAK, Handelsministerium, \u00c7ukurova Development Agency, Weltbank, EU-Projekten usw. angeboten werden. Es werden Schulungs- und Informationsma\u00dfnahmen zur korrekten und effizienten Nutzung von Energie, zur Berechnung und Reduzierung von Kohlenstoffemissionen angeboten.<\/div>\n<div>Im Rahmen des AGTM-Beirats finden regelm\u00e4\u00dfige Treffen mit Unternehmen mit F&amp;E- und Design-Zentren statt und die Zusammenarbeit zwischen den Unternehmen wird sichergestellt. Die Ausrichtung auf Angestellte, Arbeiter und Praktikanten richtet sich nach dem Besch\u00e4ftigungsbedarf der Unternehmen und den Praktikantenquoten.<\/div>","protected":false},"excerpt":{"rendered":"<p>Es ist eine Einheit, die nach dem Prinzip der Dienstleistung f\u00fcr F&amp;E- und Innovationsprojekte arbeitet, die durch nationale und internationale Programme, F&amp;E- \/ Design Center Installations- und Wartungsdienste, Zuschussprojekte und Unterst\u00fctzung im Rahmen von KOSGEB und dem Ministerium durchgef\u00fchrt werden. AOSB Project Support Office Unit ist seit 2019 eingerichtet, um Universit\u00e4t-Industrie zu gew\u00e4hrleisten [...]<\/p>","protected":false},"author":1,"featured_media":0,"parent":25064,"menu_order":1,"comment_status":"closed","ping_status":"closed","template":"","meta":{"_acf_changed":false,"footnotes":""},"class_list":["post-25114","page","type-page","status-publish","format-standard","hentry"],"acf":[],"_links":{"self":[{"href":"https:\/\/en.adanaorganize.org.tr\/de\/wp-json\/wp\/v2\/pages\/25114","targetHints":{"allow":["GET"]}}],"collection":[{"href":"https:\/\/en.adanaorganize.org.tr\/de\/wp-json\/wp\/v2\/pages"}],"about":[{"href":"https:\/\/en.adanaorganize.org.tr\/de\/wp-json\/wp\/v2\/types\/page"}],"author":[{"embeddable":true,"href":"https:\/\/en.adanaorganize.org.tr\/de\/wp-json\/wp\/v2\/users\/1"}],"replies":[{"embeddable":true,"href":"https:\/\/en.adanaorganize.org.tr\/de\/wp-json\/wp\/v2\/comments?post=25114"}],"version-history":[{"count":0,"href":"https:\/\/en.adanaorganize.org.tr\/de\/wp-json\/wp\/v2\/pages\/25114\/revisions"}],"up":[{"embeddable":true,"href":"https:\/\/en.adanaorganize.org.tr\/de\/wp-json\/wp\/v2\/pages\/25064"}],"wp:attachment":[{"href":"https:\/\/en.adanaorganize.org.tr\/de\/wp-json\/wp\/v2\/media?parent=25114"}],"curies":[{"name":"wp","href":"https:\/\/api.w.org\/{rel}","templated":true}]}}