{"id":25113,"date":"2024-10-18T17:21:25","date_gmt":"2024-10-18T14:21:25","guid":{"rendered":"https:\/\/en.adanaorganize.org.tr\/why-aosb\/aosb-private-technical-vocational-high-school\/"},"modified":"2024-11-26T10:40:47","modified_gmt":"2024-11-26T07:40:47","slug":"our-educational-institutions","status":"publish","type":"page","link":"https:\/\/en.adanaorganize.org.tr\/de\/warum-aosb\/unsere-bildungseinrichtungen\/","title":{"rendered":"Unsere Bildungsinstitutionen"},"content":{"rendered":"<h3><img loading=\"lazy\" decoding=\"async\" class=\"alignnone size-full wp-image-25208\" src=\"https:\/\/en.adanaorganize.org.tr\/wp-content\/uploads\/2024\/10\/yuksekokul.jpg\" alt=\"\" width=\"1059\" height=\"706\" srcset=\"https:\/\/en.adanaorganize.org.tr\/wp-content\/uploads\/2024\/10\/yuksekokul.jpg 1059w, https:\/\/en.adanaorganize.org.tr\/wp-content\/uploads\/2024\/10\/yuksekokul-300x200.jpg 300w, https:\/\/en.adanaorganize.org.tr\/wp-content\/uploads\/2024\/10\/yuksekokul-1024x683.jpg 1024w, https:\/\/en.adanaorganize.org.tr\/wp-content\/uploads\/2024\/10\/yuksekokul-768x512.jpg 768w\" sizes=\"auto, (max-width: 1059px) 100vw, 1059px\" \/><\/h3>\n<h3 style=\"text-align: left;\">\u00c7ukurova Universit\u00e4t Adana Hac\u0131 Sabanc\u0131 Organisierte Industriezone Feriengymnasium<\/h3>\n<p>Das AOSB-Berufsgymnasium der \u00c7ukurova-Universit\u00e4t, das im Schuljahr 2010-2011 mit 120 Sch\u00fclern in 5 Studieng\u00e4ngen (Elektrizit\u00e4t, Elektronik, Maschinenbau, Textil und Geografische Informationssysteme) begann, setzt seine Ausbildung heute mit rund 350 Sch\u00fclern fort.<\/p>\n<h3><img loading=\"lazy\" decoding=\"async\" class=\"alignnone size-full wp-image-25390\" src=\"https:\/\/en.adanaorganize.org.tr\/wp-content\/uploads\/2024\/10\/teknoloji-koleji-2.jpg\" alt=\"\" width=\"1919\" height=\"1079\" srcset=\"https:\/\/en.adanaorganize.org.tr\/wp-content\/uploads\/2024\/10\/teknoloji-koleji-2.jpg 1919w, https:\/\/en.adanaorganize.org.tr\/wp-content\/uploads\/2024\/10\/teknoloji-koleji-2-300x169.jpg 300w, https:\/\/en.adanaorganize.org.tr\/wp-content\/uploads\/2024\/10\/teknoloji-koleji-2-1024x576.jpg 1024w, https:\/\/en.adanaorganize.org.tr\/wp-content\/uploads\/2024\/10\/teknoloji-koleji-2-768x432.jpg 768w, https:\/\/en.adanaorganize.org.tr\/wp-content\/uploads\/2024\/10\/teknoloji-koleji-2-1536x864.jpg 1536w\" sizes=\"auto, (max-width: 1919px) 100vw, 1919px\" \/><\/h3>\n<h3 style=\"text-align: left;\">Private Erkan Adana Hac\u0131 Sabanc\u0131 Organized Industrial Zone Technical High School<\/h3>\n<p>Die private berufsbildende und technische Hochschule Anatolien, die im Schuljahr 2013-2014 mit 750 Sch\u00fclern ihren Dienst aufnahm, wird derzeit von 1125 Sch\u00fclern besucht.<\/p>\n<p><img loading=\"lazy\" decoding=\"async\" class=\"alignnone size-full wp-image-25461\" src=\"https:\/\/en.adanaorganize.org.tr\/wp-content\/uploads\/2024\/11\/ANAOKULU.jpg\" alt=\"\" width=\"1439\" height=\"800\" srcset=\"https:\/\/en.adanaorganize.org.tr\/wp-content\/uploads\/2024\/11\/ANAOKULU.jpg 1439w, https:\/\/en.adanaorganize.org.tr\/wp-content\/uploads\/2024\/11\/ANAOKULU-300x167.jpg 300w, https:\/\/en.adanaorganize.org.tr\/wp-content\/uploads\/2024\/11\/ANAOKULU-1024x569.jpg 1024w, https:\/\/en.adanaorganize.org.tr\/wp-content\/uploads\/2024\/11\/ANAOKULU-768x427.jpg 768w\" sizes=\"auto, (max-width: 1439px) 100vw, 1439px\" \/><\/p>\n<h3 style=\"text-align: left;\">Adana Hac\u0131 Sabanc\u0131 Organisierte Industriezone Kindergarten<\/h3>\n<p>Der AOSB-Kindergarten verf\u00fcgt \u00fcber 8 Klassenr\u00e4ume und eine Kapazit\u00e4t von 200 Sch\u00fclern.<\/p>","protected":false},"excerpt":{"rendered":"<p>\u00c7ukurova University Adana Hac\u0131 Sabanc\u0131 Organized Industrial Zone Vacational High School \u00c7ukurova University AOSB Vocational High School, die ihr Bildungsleben mit 120 Studenten in 5 Programmen (Elektrizit\u00e4t, Elektronik, Maschinenbau, Textil und Geografische Informationssysteme) in 2010 - 2011 Bildung und Ausbildung Jahr begann, setzt seine Bildungszeit mit rund 350 Studenten heute. Private [...]<\/p>","protected":false},"author":1,"featured_media":0,"parent":25064,"menu_order":19,"comment_status":"closed","ping_status":"closed","template":"","meta":{"_acf_changed":false,"footnotes":""},"class_list":["post-25113","page","type-page","status-publish","format-standard","hentry"],"acf":[],"_links":{"self":[{"href":"https:\/\/en.adanaorganize.org.tr\/de\/wp-json\/wp\/v2\/pages\/25113","targetHints":{"allow":["GET"]}}],"collection":[{"href":"https:\/\/en.adanaorganize.org.tr\/de\/wp-json\/wp\/v2\/pages"}],"about":[{"href":"https:\/\/en.adanaorganize.org.tr\/de\/wp-json\/wp\/v2\/types\/page"}],"author":[{"embeddable":true,"href":"https:\/\/en.adanaorganize.org.tr\/de\/wp-json\/wp\/v2\/users\/1"}],"replies":[{"embeddable":true,"href":"https:\/\/en.adanaorganize.org.tr\/de\/wp-json\/wp\/v2\/comments?post=25113"}],"version-history":[{"count":0,"href":"https:\/\/en.adanaorganize.org.tr\/de\/wp-json\/wp\/v2\/pages\/25113\/revisions"}],"up":[{"embeddable":true,"href":"https:\/\/en.adanaorganize.org.tr\/de\/wp-json\/wp\/v2\/pages\/25064"}],"wp:attachment":[{"href":"https:\/\/en.adanaorganize.org.tr\/de\/wp-json\/wp\/v2\/media?parent=25113"}],"curies":[{"name":"wp","href":"https:\/\/api.w.org\/{rel}","templated":true}]}}