{"id":25083,"date":"2024-10-11T15:08:55","date_gmt":"2024-10-11T12:08:55","guid":{"rendered":"https:\/\/en.adanaorganize.org.tr\/?page_id=25083"},"modified":"2025-04-25T14:44:27","modified_gmt":"2025-04-25T11:44:27","slug":"contact","status":"publish","type":"page","link":"https:\/\/en.adanaorganize.org.tr\/de\/kontakt\/","title":{"rendered":"Kontakt"},"content":{"rendered":"<h3>KONTAKTINFORMATIONEN DER AOSB-DIENSTSTELLEN<\/h3>\n<table>\n<tbody>\n<tr>\n<th>Service-Einheit<\/th>\n<th>Kontaktperson<\/th>\n<th>Titel<\/th>\n<th>Telefon<\/th>\n<th>E-Mail<\/th>\n<\/tr>\n<tr>\n<td>Regionaler Direktor<\/td>\n<td>Ersin AKPINAR<\/td>\n<td>Regionaler Direktor<\/td>\n<td>+90 322 394 54 54<\/td>\n<td>e.akpinar@adanaorganize.org.tr<\/td>\n<\/tr>\n<tr>\n<td>Vorsitzender des Verwaltungsrats Assistent<\/td>\n<td>Yasemin SATMAZER<\/td>\n<td>Vorsitzender des Verwaltungsrats Assistent<\/td>\n<td>+90 322 394 54 54 (126)<\/td>\n<td>y.satmazer@adanaorganize.org.tr<\/td>\n<\/tr>\n<tr>\n<td>Direktion Planung und Projektierung<\/td>\n<td>Banu TANRIKULU<\/td>\n<td>\u00a0Direktor<\/td>\n<td>+90322394 54 54 (Durchwahl 205)<\/td>\n<td>b.tanrikulu@adanaorganize.org.tr<\/td>\n<\/tr>\n<tr>\n<td>Direktion Technische Dienste<\/td>\n<td>Emre OCAK<\/td>\n<td>\u00a0Direktor<\/td>\n<td>+90322393 49 43 -393 40 42<\/td>\n<td>e.ocak@adanaorganize.org.tr<\/td>\n<\/tr>\n<tr>\n<td>Umweltreferat<\/td>\n<td>Caner S\u00d6ZTANACI<\/td>\n<td>Amtierender Manager<\/td>\n<td>0 531 938 71 48<\/td>\n<td>c.soztanaci@adanaorganize.org.tr<\/td>\n<\/tr>\n<tr>\n<td>Umweltreferat<\/td>\n<td>Durmu\u015f Ali POLAT<\/td>\n<td>\u00a0Technischer Leiter<\/td>\n<td>+90322393 49 43 -\u00a0393 40 42<\/td>\n<td>d.polat@adanaorganize.org.tr<\/td>\n<\/tr>\n<tr>\n<td>Referat Unterst\u00fctzungsdienste<\/td>\n<td>Feridun KARA<\/td>\n<td>Referatsleiter Unterst\u00fctzungsdienste<\/td>\n<td>+90322394 54 54 (333) +90 533 150 13 82<\/td>\n<td>f.kara@adanaorganize.org.tr<\/td>\n<\/tr>\n<tr>\n<td>Referat Unterst\u00fctzungsdienste<\/td>\n<td>Emre KURDAK<\/td>\n<td>Assistentin f\u00fcr Unternehmenskommunikation<\/td>\n<td>+90322394 54 54 (Durchwahl 323)<\/td>\n<td>e.kurdak@adanaorganize.org.tr<\/td>\n<\/tr>\n<tr>\n<td>Referat Unterst\u00fctzungsdienste<\/td>\n<td>Dogus KIREKER<\/td>\n<td>Spezialist f\u00fcr Verwaltungsangelegenheiten<\/td>\n<td>+90322394 54 54 (Durchwahl 211)<\/td>\n<td>d.kireker@adanaorganize.org.tr<\/td>\n<\/tr>\n<tr>\n<td>Referat Unterst\u00fctzungsdienste<\/td>\n<td>Ali Cem \u00d6ZKAN<\/td>\n<td>Feldleiter der Feuerwehr<\/td>\n<td>+90322394 54 54 (306) +90 552 776 58 83 +90 552 776 58 84<\/td>\n<td>a.ozkan@adanaorganize.org.tr<\/td>\n<\/tr>\n<tr>\n<td>Referat Unterst\u00fctzungsdienste<\/td>\n<td>Dienstleistungen der Feuerwehr<\/td>\n<td>Feuerwehr-Hotline<\/td>\n<td>394 394 6<\/td>\n<td><\/td>\n<\/tr>\n<tr>\n<td>Einheit Energie<\/td>\n<td>Kaz\u0131m ZORLU<\/td>\n<td>Verwalter<\/td>\n<td>+90322394 54 54 (Durchwahl 226)<\/td>\n<td>k.zorlu@adanaorganize.org.tr<\/td>\n<\/tr>\n<tr>\n<td>Erdgas-Betriebseinheit<\/td>\n<td>\u0130rfan \u00d6ZAYDIN<\/td>\n<td>Technischer Leiter<\/td>\n<td>+90322394 54 54 (Durchwahl 212)<\/td>\n<td>i.ozaydin@adanaorganize.org.tr<\/td>\n<\/tr>\n<tr>\n<td>Referat Finanzen<\/td>\n<td>Meltem \u00d6L\u00c7ER<\/td>\n<td>Verwaltungschef<\/td>\n<td>+90322394 54 54 (Durchwahl 114)<\/td>\n<td>m.olcer@adanaorganize.org.tr<\/td>\n<\/tr>\n<tr>\n<td>Referat Zoneneinteilung und Lizenzen<\/td>\n<td>Mehmet Ali YILMAZ<\/td>\n<td>Leiter der Abteilung Zoneneinteilung und Lizenzen V.<\/td>\n<td>+90322394 54 54 (Durchwahl 123)<\/td>\n<td>m.yilmaz@adanaorganize.org.tr<\/td>\n<\/tr>\n<tr>\n<td>Referat Zoneneinteilung und Lizenzen<\/td>\n<td>Levent Cengiz AYVAZO\u011eLU<\/td>\n<td>Technischer Leiter<\/td>\n<td>+90322394 54 54 (Durchwahl 120)<\/td>\n<td>lca@adanaorganize.org.tr<\/td>\n<\/tr>\n<tr>\n<td>Referat Zoneneinteilung und Lizenzen<\/td>\n<td>Abdurrahman KARAPINAR<\/td>\n<td>Bautechniker<\/td>\n<td>+90322394 54 54 (Durchwahl 218)<\/td>\n<td>a.karapinar@adanaorganize.org.tr<\/td>\n<\/tr>\n<tr>\n<td>Referat Zoneneinteilung und Lizenzen<\/td>\n<td>Emine G\u00dcDER<\/td>\n<td>Bautechniker<\/td>\n<td>+90322394 54 54 (Durchwahl 121)<\/td>\n<td>e.guder@adanaorganize.org.tr<\/td>\n<\/tr>\n<tr>\n<td>Referat Zoneneinteilung und Lizenzen<\/td>\n<td>\u0130smail G\u00dcM\u00dc\u015eTOP<\/td>\n<td>Techniker f\u00fcr Kartenkataster<\/td>\n<td>+90322394 54 54 (Durchwahl 112)<\/td>\n<td>i.gumustop@adanaorganize.org.tr<\/td>\n<\/tr>\n<tr>\n<td>Referat f\u00fcr finanzielle Angelegenheiten<\/td>\n<td>Tanju MENTE\u015e<\/td>\n<td>Referatsleiter f\u00fcr finanzielle Angelegenheiten<\/td>\n<td>+90322394 54 54 (Durchwahl 111)<\/td>\n<td>t.mentes@adanaorganize.org.tr<\/td>\n<\/tr>\n<tr>\n<td>Referat f\u00fcr finanzielle Angelegenheiten<\/td>\n<td>Dilek D\u00f6nd\u00fc YE\u015e\u0130L<\/td>\n<td>Senior Experte<\/td>\n<td>+90322394 54 54 (Durchwahl 106)<\/td>\n<td>d.kadak@adanaorganize.org.tr<\/td>\n<\/tr>\n<tr>\n<td>Referat f\u00fcr finanzielle Angelegenheiten<\/td>\n<td>\u0130lker \u00d6ZM\u00dc\u015e<\/td>\n<td>Verwaltungschef<\/td>\n<td>+90322394 54 54 (Durchwahl 115)<\/td>\n<td>i.ozmus@adanaorganize.org.tr<\/td>\n<\/tr>\n<tr>\n<td>Referat Projektunterst\u00fctzungsb\u00fcro<\/td>\n<td>\u00d6zkan \u00d6ZBEK<\/td>\n<td>Verwaltungschef<\/td>\n<td>+90322 455 00 00 (2168)<\/td>\n<td>o.ozbek@adanaorganize.org.tr<\/td>\n<\/tr>\n<tr>\n<td>Referat Bauarbeiten<\/td>\n<td>Nil\u00fcfer BUYURGAN<\/td>\n<td>Referatsleiter Bauarbeiten<\/td>\n<td>+90322394 54 54 (Durchwahl 207)<\/td>\n<td>n.buyurgan@adanaorganize.org.tr<\/td>\n<\/tr>\n<tr>\n<td>Referat Bauarbeiten<\/td>\n<td>Tolga TOYBUKO\u011eLU<\/td>\n<td>Technischer Leiter<\/td>\n<td>+90322394 54 54 (Durchwahl 314)<\/td>\n<td>t.toybukoglu@adanaorganize.org.tr<\/td>\n<\/tr>\n<\/tbody>\n<\/table>\n<h3>KONTAKTINFORMATIONEN F\u00dcR DEN \u00d6FFENTLICHEN CAMPUS DER AOSB<\/h3>\n<table>\n<tbody>\n<tr>\n<th>Einrichtung\/Organisation<\/th>\n<th>Bevollm\u00e4chtigter Name<\/th>\n<th>Titel<\/th>\n<th>Telefon<\/th>\n<th>GSM<\/th>\n<th>Fax<\/th>\n<\/tr>\n<tr>\n<td width=\"304\">AOSB Kontaktstelle der Polizei<\/td>\n<td>Ferhat YANIT<\/td>\n<td>Leiter der Stelle<\/td>\n<td>(0322) 3943350-143<\/td>\n<td>(0552) 9452701<\/td>\n<td>-<\/td>\n<\/tr>\n<tr>\n<td rowspan=\"6\">AOSB \u0130\u015eKUR Kontaktstelle<\/td>\n<td>\u0130brahim Halil Ayd\u0131n<\/td>\n<td>Arbeits- und Berufsberaterin<\/td>\n<td>(0322) 3943350-139<\/td>\n<td>+90 506 658 32 98<\/td>\n<\/tr>\n<tr>\n<td>Muhammet K\u0131l\u0131\u00e7<\/td>\n<td>Arbeits- und Berufsberaterin<\/td>\n<td><\/td>\n<td>+90 534 833 62 83<\/td>\n<td><\/td>\n<\/tr>\n<tr>\n<td>\u0130smail K\u00fc\u00e7\u00fck<\/td>\n<td>Arbeits- und Berufsberaterin<\/td>\n<td><\/td>\n<td>+90 542 575 74 03<\/td>\n<td><\/td>\n<\/tr>\n<tr>\n<td>Salim Yaman<\/td>\n<td>Arbeits- und Berufsberaterin<\/td>\n<td><\/td>\n<td>+90 534 851 92 28<\/td>\n<td><\/td>\n<\/tr>\n<tr>\n<td>Emine Gonca Damdelen<\/td>\n<td>Arbeits- und Berufsberaterin<\/td>\n<td><\/td>\n<td>+90 532 359 40 22<\/td>\n<td><\/td>\n<\/tr>\n<tr>\n<td>Erdal Topal<\/td>\n<td>Arbeits- und Berufsberaterin<\/td>\n<td><\/td>\n<td>+90 506 370 56 77<\/td>\n<td><\/td>\n<\/tr>\n<tr>\n<td rowspan=\"3\" width=\"304\">AOSB-Verbindungsstelle der Zolldirektion<\/td>\n<td>Mehmet Tatar<\/td>\n<td>Direktor des Zentrums<\/td>\n<td>(0322) 3943350-113 (0322) 4359168<\/td>\n<td>-<\/td>\n<td>(0322) 4356504<\/td>\n<\/tr>\n<tr>\n<td>Hakan SAYAR<\/td>\n<td>Zollbeamter<\/td>\n<td><\/td>\n<td>(0542) 4169268<\/td>\n<td><\/td>\n<\/tr>\n<tr>\n<td>Ahmet GOK<\/td>\n<td>Zollbeamter<\/td>\n<td><\/td>\n<td>(0544) 3707484<\/td>\n<td><\/td>\n<\/tr>\n<tr>\n<td width=\"304\">AOSB TCDD Kontaktstelle Transport<\/td>\n<td>Mehmet Ali \u00dcNAL<\/td>\n<td>AOSB-Regionalkoordinator<\/td>\n<td>(0322) 3943350-133<\/td>\n<td>(0543) 8371471<\/td>\n<td>-<\/td>\n<\/tr>\n<tr>\n<td width=\"304\">AOSB Projektunterst\u00fctzungsb\u00fcro<\/td>\n<td>\u00d6zkan \u00d6zbek<\/td>\n<td>Verwaltungschef<\/td>\n<td>3225500781<\/td>\n<td>0552 994 4969<\/td>\n<td><\/td>\n<\/tr>\n<tr>\n<td width=\"304\">AOSB-Referat Gr\u00fcnes Osb und Nachhaltigkeit<\/td>\n<td>E. Esin Sevgi<\/td>\n<td>Senior Experte<\/td>\n<td>3225500781<\/td>\n<td>0552 994 4959<\/td>\n<td rowspan=\"5\"><\/td>\n<\/tr>\n<tr>\n<td width=\"304\">AOSB Kosgeb Repr\u00e4sentanz<\/td>\n<td>Serta\u00e7 Kul<\/td>\n<td>Projektfachassistentin<\/td>\n<td>3225500781<\/td>\n<td>0552 994 4954<\/td>\n<\/tr>\n<tr>\n<td width=\"304\">AOSB Clustering-Einheit<\/td>\n<td>Gamze G\u00fclen<\/td>\n<td>Projektfachassistentin<\/td>\n<td>3225500781<\/td>\n<td>0552 981 6397<\/td>\n<\/tr>\n<tr>\n<td width=\"304\">AOSB F&amp;E-F\u00f6rderung und Innovationsabteilung<\/td>\n<td>Ecem Nur \u00d6zkan<\/td>\n<td>Projektfachassistentin<\/td>\n<td>3225500781<\/td>\n<td><\/td>\n<\/tr>\n<tr>\n<td width=\"304\">AOSB Referat Energiemanagement<\/td>\n<td>Ali Can Ozdogan<\/td>\n<td>Projekt-Spezialist<\/td>\n<td>3225500781<\/td>\n<td>0552 9816393<\/td>\n<\/tr>\n<tr>\n<td width=\"304\">Verbindungsb\u00fcro der Kammer der Maschinenbauingenieure, Zweigstelle Adana<\/td>\n<td>Alper YILDIZ<\/td>\n<td>Spezialist \/ Maschinenbauingenieur<\/td>\n<td>(0322) 2326420<\/td>\n<td>(0555) 7061570<\/td>\n<td>(0322) 2326419<\/td>\n<\/tr>\n<\/tbody>\n<\/table>","protected":false},"excerpt":{"rendered":"<p>AOSB SERVICE UNITS CONTACT INFORMATION Service Unit Contact Person Title Telephone E-mail Regional Director Ersin AKPINAR Regional Director +90 322 394 54 54 e.akpinar@adanaorganize.org.tr Chairman of the Board of Directors Assistant Yasemin SATMAZER Chairman of the Board of Directors Assistant +90 322 394 54 54 (126) y.satmazer@adanaorganize.org.tr Planning and Project Planning Directorate Banu TANRIKULU Director [...]<\/p>","protected":false},"author":1,"featured_media":0,"parent":0,"menu_order":7,"comment_status":"closed","ping_status":"closed","template":"","meta":{"_acf_changed":false,"footnotes":""},"class_list":["post-25083","page","type-page","status-publish","format-standard","hentry"],"acf":[],"_links":{"self":[{"href":"https:\/\/en.adanaorganize.org.tr\/de\/wp-json\/wp\/v2\/pages\/25083","targetHints":{"allow":["GET"]}}],"collection":[{"href":"https:\/\/en.adanaorganize.org.tr\/de\/wp-json\/wp\/v2\/pages"}],"about":[{"href":"https:\/\/en.adanaorganize.org.tr\/de\/wp-json\/wp\/v2\/types\/page"}],"author":[{"embeddable":true,"href":"https:\/\/en.adanaorganize.org.tr\/de\/wp-json\/wp\/v2\/users\/1"}],"replies":[{"embeddable":true,"href":"https:\/\/en.adanaorganize.org.tr\/de\/wp-json\/wp\/v2\/comments?post=25083"}],"version-history":[{"count":0,"href":"https:\/\/en.adanaorganize.org.tr\/de\/wp-json\/wp\/v2\/pages\/25083\/revisions"}],"wp:attachment":[{"href":"https:\/\/en.adanaorganize.org.tr\/de\/wp-json\/wp\/v2\/media?parent=25083"}],"curies":[{"name":"wp","href":"https:\/\/api.w.org\/{rel}","templated":true}]}}