{"id":25064,"date":"2024-10-08T16:07:31","date_gmt":"2024-10-08T13:07:31","guid":{"rendered":"https:\/\/en.adanaorganize.org.tr\/?page_id=25064"},"modified":"2024-12-18T13:23:29","modified_gmt":"2024-12-18T10:23:29","slug":"why-aosb","status":"publish","type":"page","link":"https:\/\/en.adanaorganize.org.tr\/de\/warum-aosb\/","title":{"rendered":"Warum AOSB?"},"content":{"rendered":"<h3 class=\"fusion-responsive-typography-calculated\" data-fontsize=\"20\" data-lineheight=\"28px\">Warum AOSB?<\/h3>\n<ul>\n<li>B\u00fcrodienstleistungen aus einer Hand (Grundst\u00fccksverk\u00e4ufe, Baugenehmigungen, GSM-Lizenz)<\/li>\n<li>Qualit\u00e4t und g\u00fcnstige Elektrizit\u00e4t<\/li>\n<li>Erdgasverteilungsdienst<\/li>\n<li>Das billigste Trinkwasser der T\u00fcrkei<\/li>\n<li>Kl\u00e4ranlage f\u00fcr h\u00e4usliches und industrielles Abwasser<\/li>\n<li>Vollst\u00e4ndig fertiggestellte Infrastruktur und Suprastruktur<\/li>\n<li>Polizei, Gendarmerie und private Sicherheitsdienste<\/li>\n<li>Einfacher Transport per Flugzeug, Schiff, Bahn und Stra\u00dfe<\/li>\n<li>Gemeinsame Einheit f\u00fcr Gesundheit und Sicherheit, Gesundheitszentrum, Feuerwehr, OSGB-Krankenwagen, M\u00fcllabfuhr und Landschaftspflege<\/li>\n<li>Das Bazaar Shopping Center wurde gegr\u00fcndet, um den Bed\u00fcrfnissen der Unternehmen gerecht zu werden<\/li>\n<li>PTT Kargo, Textillabor der Universit\u00e4t \u00c7ukurova, Banken und Geldautomaten<\/li>\n<\/ul>\n<h3>ELEKTRIZIT\u00c4TSVERSORGUNGSUNTERNEHMEN<\/h3>\n<p>AOSB setzt seine Stromverteilungsaktivit\u00e4ten im Rahmen der 2007 erhaltenen \"OIZ Electricity Distribution License\" fort. Der Bedarf von AOSB an elektrischer Energie wird durch 15 Abg\u00e4nge von 154\/31,5kV Misis TM und 16 Abg\u00e4nge von 380\/31,5kV Misis OSB TM gedeckt, die zu TE\u0130A\u015e geh\u00f6ren, das 2023 in Betrieb genommen wurde.<\/p>\n<p>Das Stromverteilungsnetz besteht aus 9 Hauptverteilungszentren, 21 Verteilungszentren und 131 Hilfsverteilungszentren.<\/p>\n<p>Bei der Verteilung von elektrischer Energie wird ein zusammenh\u00e4ngendes, geschlossenes Ringverteilernetzsystem verwendet, um unsere Industriellen unterbrechungsfrei, kontinuierlich und in hoher Qualit\u00e4t mit Strom zu versorgen. Ende 2016 wurde das Stromverteilungsnetz vollst\u00e4ndig auf das unterirdische Netz umgestellt, und die Industrieparzellen unserer Teilnehmer werden nun eigenst\u00e4ndig \u00fcber das unterirdische Netz mit Energie versorgt.<\/p>\n<p>Das Stromverteilungsnetz der OIZ kann mit dem SCADA-System 24 Stunden am Tag \u00fcberwacht und gesteuert werden.<\/p>\n<p>Um einen kontinuierlichen und effektiven Strombetrieb aufrechtzuerhalten, leistet unser Betriebspersonal rund um die Uhr Dienst im Schichtbetrieb. Bis Ende 2023 wurden 1,7 Mrd. kWh Strom von 639 Stromabnehmern in unserer Region verbraucht. Infolge der von uns durchgef\u00fchrten Erneuerungs-, Wartungs- und Reparaturarbeiten liegt unsere Verlust- und Leckagerate im Strombereich bei %0,3 (3 pro Tausend). Dies sind die niedrigsten Werte sowohl unter den OIZ als auch in der T\u00fcrkei.<\/p>\n<h3>ERDGASDIENSTLEISTUNGEN<\/h3>\n<p>In unserer Region haben wir die Station RMS-A\/1 mit 75.000 Nm3\/h 35-70 bar Einlass und 12-19 bar Auslass und die Station RMS-A2 mit 30000 Nm\u00b3\/h 35-70 bar Einlass und 30 bar Auslass. Die A2-Station wird f\u00fcr den Bedarf eines Unternehmens eingesetzt, das Strom in Kraft-W\u00e4rme-Kopplung erzeugt.<\/p>\n<p>In unserer Region wurden 23 km Stahlleitungen mit verschiedenen Durchmessern von 2\u2033 bis 12\u2033 und 67,5 km Polyethylenleitungen verlegt. Neben diesen Leitungen gibt es insgesamt 6 RMS-B-Stationen mit 3-4 bar Leistung, 5 mit 9000 Nm\u00b3\/h und 1 mit 5000 Nm\u00b3\/h.<\/p>\n<p>Mit der oben genannten Infrastruktur wird die Industrie in unserer Region mit Erdgas versorgt. Betrieb, Wartung und Reparaturen der Stationen RMS-B, RMS-C und der Infrastruktur werden von uns durchgef\u00fchrt.<\/p>\n<p>Die Hauptaufgabe unseres Referats besteht darin, die ununterbrochene Versorgung zu gew\u00e4hrleisten, indem es daf\u00fcr sorgt, dass der Schutz und die physische Struktur der Erdgasinfrastruktur und des \u00fcbergeordneten Verteilungssystems in der Region st\u00e4ndig betriebsbereit sind. AOSB hat einen j\u00e4hrlichen Erdgasverbrauch von 175 Millionen Sm3 und wird mit einer Verlustquote von etwa %0,5 betrieben.<\/p>\n<h3>WASSERAUFBEREITUNGSDIENSTE F\u00dcR HAUSHALTE<\/h3>\n<p>Die erste Hauswasseraufbereitungsanlage, die 1992 in Betrieb genommen wurde, um den Wasserbedarf der Region zu decken, und die zweite Hauswasseraufbereitungsanlage, die 2017 in Betrieb genommen wurde, befinden sich am Fluss Ceyhan, 4,5 km von der Region entfernt. Die Gesamtkapazit\u00e4t der Anlagen betr\u00e4gt 9.250 m3 \/h und 222.000 m3 \/Tag. Das aus dem Fluss Ceyhan entnommene Wasser wird aufbereitet und in zwei Wassertanks mit einer Kapazit\u00e4t von 15.000 m 3 , zwei mit einer Kapazit\u00e4t von 6.000 m 3 und einen mit einer Kapazit\u00e4t von 4.000 m 3 in der Region gepumpt und von dort aus an die Fabriken in der Region geliefert.<\/p>\n<p>Seit dem Jahr, in dem die Anlage in Betrieb genommen wurde, werden die Unternehmen ununterbrochen mit Wasser versorgt.<\/p>\n<h3>ABWASSERREINIGUNGSDIENSTE<\/h3>\n<p>Die AOSB-Kl\u00e4ranlage, die h\u00e4usliche und industrielle Abw\u00e4sser aus Fabriken und Einrichtungen in der Adana Hac\u0131 Sabanc\u0131 Organized Industrial Zone behandelt, besteht aus physikalischen, chemischen und biologischen Kl\u00e4ranlagen.<\/p>\n<p>Die Anlage ist als 2 (zwei) Stufen ausgelegt. Der derzeitige Tagesdurchsatz der Kl\u00e4ranlage, die eine Gesamtkapazit\u00e4t von 72.000 m3 \/Tag hat (1. Stufe36.000 m3 \/Tag und 2. Stufe36.000 m3 \/Tag), schwankt zwischen 65.000 m3 \/Tag und 70.000 m3 \/Tag.<\/p>\n<p>Die Kl\u00e4ranlage wurde in \u00dcbereinstimmung mit den Normen der Europ\u00e4ischen Union f\u00fcr die zentrale Abwasserbehandlung gebaut. Die Anlage ist eine komplexe Einrichtung, die eine physikalische, chemische und biologische Behandlung sowie die Behandlung von Schwermetallen wie Stickstoff und Phosphor umfasst.<\/p>\n<p>Bei den Abw\u00e4ssern, die von den Unternehmen in der Region in die Kl\u00e4ranlage gelangen, die 482 in unserer Region produzierende Unternehmen versorgt, handelt es sich um gemischte Industrieabw\u00e4sser, die nicht nach Sektoren unterschieden werden k\u00f6nnen, und die in der Kl\u00e4ranlage behandelten Abw\u00e4sser werden gem\u00e4\u00df den Normen der Tabelle 19 der Wasserverschmutzungsverordnung in die aufnehmende Umwelt (Ceyhan-Fluss) eingeleitet.<\/p>\n<h3>INFRASTRUKTURDIENSTE<\/h3>\n<p>In der Adana Hac\u0131 Sabanc\u0131 Organized Industrial Zone werden alle Dienstleistungen wie die Instandhaltung und Reparatur der Verkehrsstra\u00dfen innerhalb der Zone, die Schaffung der Infrastruktur der neu zu er\u00f6ffnenden Stra\u00dfen, die Anlage von Gehwegen und die Betonierung des Stra\u00dfenoberbaus, die Instandhaltung und Reparatur der Kanalisationsleitungen, die Planung und Umsetzung der neu zu bauenden Wege, die Schaffung, Instandhaltung und Reinigung der Regenwasserkan\u00e4le und die Aufrechterhaltung des Dauerbetriebs der Regenwasserdurchl\u00e4sse von der Regionaldirektion durchgef\u00fchrt.<\/p>\n<h3>DIENSTLEISTUNGEN IM BEREICH RAUMORDNUNG UND LIZENZEN<\/h3>\n<p>Die Baugenehmigung, die Nutzungsgenehmigung (Iskan) und die GSM-Arbeitsplatzer\u00f6ffnungs- und Betriebsgenehmigung der Unternehmen werden von unserer Regionaldirektion erteilt. Dar\u00fcber hinaus erbringt die Regionaldirektion auch Dienstleistungen wie die \u00dcberpr\u00fcfung des Fl\u00e4chennutzungsstatus und der Anwendungspl\u00e4ne f\u00fcr Grundst\u00fccke, die Erstellung von Fl\u00e4chennutzungspl\u00e4nen, \u00c4nderungen, Parzellierungspl\u00e4nen (f\u00fcr Grundbucheintragungen), die Genehmigung und \u00dcberwachung von Projekten f\u00fcr den Bau von Industrieanlagen.<\/p>\n<h3>GEB\u00c4UDE DER REGIONALDIREKTION<\/h3>\n<p>Im Geb\u00e4ude der Regionaldirektion stehen den Unternehmern Konferenzs\u00e4le zur Verf\u00fcgung. Dar\u00fcber hinaus stehen die Baumaschinen, Feuerwehrfahrzeuge, Krankentransportfahrzeuge, M\u00fcllfahrzeuge und Kehrmaschinen der Regionaldirektion im Dienste der in der Region t\u00e4tigen Unternehmen. Die Fahrzeuge verf\u00fcgen \u00fcber ausreichende Kapazit\u00e4ten f\u00fcr alle Fragen der allgemeinen Versorgung, der Stromversorgung, der Wasserversorgung und der Abwasserentsorgung.<\/p>\n<h3>Y\u00dcRE\u011eI\u0307R STAATLICHES KRANKENHAUS AOSB BEZIRKSPOLIKLINIK<\/h3>\n<p>Das Y\u00fcre\u011fir State Hospital AOSB Neighborhood Polyclinic, das sich innerhalb unserer regionalen Grenzen befindet und einen 24\/7-Notfalldienst anbietet, verf\u00fcgt \u00fcber 9 verschiedene Niederlassungen.<\/p>\n<p>Das Y\u00fcre\u011fir State Hospital AOSB Neighborhood Polyclinic dient mit den Polikliniken f\u00fcr Brustkrankheiten, Augenheilkunde, Innere Medizin, Urologie, Hals-Nasen-Ohren-Heilkunde, allgemeine Chirurgie, Radiologie, Orthop\u00e4die und P\u00e4diatrie.<\/p>\n<h3>AOSB HANDELSZENTRUM<\/h3>\n<p>Unser 2015 fertiggestelltes Basarzentrum bietet Industriellen innerhalb von AOSB einen hohen Servicestandard, um ihr Gesch\u00e4ftsleben zu erleichtern. Das AOSB Trade Center, das Notariatsdienste, Frachtdienste und Einkaufsm\u00f6glichkeiten umfasst, erm\u00f6glicht es unseren Unternehmern, ihre t\u00e4glichen Gesch\u00e4fte innerhalb der Zone zu erledigen, w\u00e4hrend es gleichzeitig Unternehmern die M\u00f6glichkeit bietet, ihre Gesch\u00e4ftsideen mit dem Cube Entrepreneurship Center zu entwickeln.<\/p>\n<h3>CUKUROVA UNIVERSIT\u00c4T AOSB TECHNISCHE WISSENSCHAFTEN MYO TEXTIL QUALIT\u00c4TSKONTROLLE LABOR<\/h3>\n<p>\u00c7.\u00dc. Das mit Unterst\u00fctzung der Europ\u00e4ischen Union in der AOSB-Zone eingerichtete Labor f\u00fcr Textilqualit\u00e4tskontrolle bietet Textilunternehmen internationale Qualit\u00e4tskontrolldienste an. Die Einrichtung dient nicht nur Adana, sondern auch der gesamten Region.<\/p>","protected":false},"excerpt":{"rendered":"<p>Warum AOSB? B\u00fcrodienstleistungen aus einer Hand (Grundst\u00fccksverk\u00e4ufe, Baugenehmigungen, GSM-Lizenzen) Hochwertige und preiswerte Elektrizit\u00e4t Erdgasverteilungsservice Das billigste Trinkwasser der T\u00fcrkei Kl\u00e4ranlage f\u00fcr Haushalte und Industrie Vollst\u00e4ndig fertiggestellte Infrastruktur und \u00dcberbauung Polizei, Gendarmerie und private Sicherheitsdienste Einfacher Transport auf dem Luft-, See-, Schienen- und Stra\u00dfenweg Gemeinsame Gesundheits- und Sicherheitseinheit, [...]<\/p>","protected":false},"author":1,"featured_media":0,"parent":0,"menu_order":26,"comment_status":"closed","ping_status":"closed","template":"","meta":{"_acf_changed":false,"footnotes":""},"class_list":["post-25064","page","type-page","status-publish","format-standard","hentry"],"acf":[],"_links":{"self":[{"href":"https:\/\/en.adanaorganize.org.tr\/de\/wp-json\/wp\/v2\/pages\/25064","targetHints":{"allow":["GET"]}}],"collection":[{"href":"https:\/\/en.adanaorganize.org.tr\/de\/wp-json\/wp\/v2\/pages"}],"about":[{"href":"https:\/\/en.adanaorganize.org.tr\/de\/wp-json\/wp\/v2\/types\/page"}],"author":[{"embeddable":true,"href":"https:\/\/en.adanaorganize.org.tr\/de\/wp-json\/wp\/v2\/users\/1"}],"replies":[{"embeddable":true,"href":"https:\/\/en.adanaorganize.org.tr\/de\/wp-json\/wp\/v2\/comments?post=25064"}],"version-history":[{"count":0,"href":"https:\/\/en.adanaorganize.org.tr\/de\/wp-json\/wp\/v2\/pages\/25064\/revisions"}],"wp:attachment":[{"href":"https:\/\/en.adanaorganize.org.tr\/de\/wp-json\/wp\/v2\/media?parent=25064"}],"curies":[{"name":"wp","href":"https:\/\/api.w.org\/{rel}","templated":true}]}}