{"id":24994,"date":"2024-10-08T11:20:33","date_gmt":"2024-10-08T11:20:33","guid":{"rendered":"https:\/\/en.adanaorganize.org.tr\/?page_id=24994"},"modified":"2024-10-08T11:21:23","modified_gmt":"2024-10-08T11:21:23","slug":"our-policies","status":"publish","type":"page","link":"https:\/\/en.adanaorganize.org.tr\/de\/unternehmen\/unsere-richtlinien\/","title":{"rendered":"Unsere Politiken"},"content":{"rendered":"<p><strong>VISION, AUFTRAG UND WERTE<\/strong><\/p>\n<p><strong>Unsere Vision<\/strong><\/p>\n<ul>\n<li>Hervorragende Dienstleistungen mit universellen Qualit\u00e4tsstandards zu erbringen,<\/li>\n<li>Mit dem innovativen AOSB-Konzept, das wir entwickelt haben, wollen wir die Zufriedenheit unserer Teilnehmer auf h\u00f6chstem Niveau halten,<\/li>\n<li>Eine Marke zu werden, indem wir ein innovatives, dauerhaftes und beispielhaftes Modell f\u00fcr organisierte Industriezonen schaffen, das die Erfahrungen von gestern, die sich \u00e4ndernden Bed\u00fcrfnisse von heute und die Ziele von morgen ber\u00fccksichtigt,<\/li>\n<li>Die Zufriedenheit unserer Teilnehmer auf h\u00f6chstem Niveau zu halten, mit der modernsten technischen Infrastruktur im Lichte der Wissenschaft, unter Nutzung der neuen technologischen M\u00f6glichkeiten der Zeit,<\/li>\n<li>Pionier in der Entwicklung von Industrie und Technologie zu sein, vor allem im IT-Sektor, mit Schwerpunkt auf umweltfreundlichen Technologien, Respekt f\u00fcr die Natur, Qualit\u00e4t im Service und Kundenzufriedenheit.<\/li>\n<\/ul>\n<p><strong>Unser Auftrag<\/strong><\/p>\n<ul>\n<li>Wir wollen zeitgem\u00e4\u00dfe, innovative und hochwertige Dienstleistungen anbieten, die die Erwartungen unserer Teilnehmer \u00fcbertreffen,<\/li>\n<li>Die Bed\u00fcrfnisse der Umwelt und der Gesellschaft bei der Erbringung unserer Dienstleistungen in den Vordergrund zu stellen,<\/li>\n<li>Im Einklang mit den gesetzlichen Bestimmungen zu handeln und auch in Zukunft dauerhafte und vorbildliche Projekte zu realisieren, wie wir es bisher mit unserer ethischen Werten verpflichteten Unternehmensstruktur getan haben,<\/li>\n<li>Sicherstellen, dass die Industrialisierung innerhalb eines bestimmten Systems entwickelt wird,<\/li>\n<li>Weitere Verbesserung unserer Qualit\u00e4t, Wirtschaftlichkeit und unseres unverwechselbaren Serviceansatzes durch den effektiven Einsatz von Technologie,<\/li>\n<li>Zuerst unsere Stadt, dann unser Land und dann die Welt mit der OIZ-Logik zu inspirieren, die das Leben der Menschen mit den von uns geschaffenen Produktions- und Besch\u00e4ftigungskapazit\u00e4ten bereichert und zum sozialen Wohlstand beitr\u00e4gt, indem sie eine neue Zukunft schafft.<\/li>\n<\/ul>\n<p><strong>Unsere Qualit\u00e4tspolitik und Werte<\/strong><\/p>\n<ul>\n<li>Sicherstellen, dass unsere Stadt zu den wichtigen Industriezentren der T\u00fcrkei geh\u00f6rt,<\/li>\n<li>Wir wollen unsere Dienstleistungen mit unseren Projekten weiter verbessern, indem wir die aktuellen und zuk\u00fcnftigen Bed\u00fcrfnisse und Erwartungen unserer Teilnehmer, die unsere Dienstleistungen in Anspruch nehmen, erf\u00fcllen,<\/li>\n<li>Um die Zufriedenheit zu erh\u00f6hen und unseren Teilnehmern das Privileg zu gew\u00e4hren, in der Organisierten Industriezone Adana Hac\u0131 Sabanc\u0131 t\u00e4tig zu sein; Unsere Dienstleistungen, die durch das Gesetz der Organisierten Industriezone, die Vorschriften und die Entscheidungen der zust\u00e4ndigen Organe bestimmt werden, ununterbrochen, fehlerfrei und schnell zu erbringen, indem wir alle Bestimmungen der Gesetzgebung, an die wir gebunden sind, und die strukturellen Anforderungen des Qualit\u00e4tsmanagementsystems einhalten,<\/li>\n<li>St\u00e4ndige Verbesserung und Weiterentwicklung unserer Dienstleistungen und Gesch\u00e4ftsprozesse.<\/li>\n<\/ul>\n<p><strong><em>Unsere Grundwerte<\/em><\/strong><\/p>\n<p><strong><em>In unseren Dienstleistungen und Gesch\u00e4ftsprozessen, die wir auf der Grundlage der durch die Gesetze gegebenen Erm\u00e4chtigungen durchf\u00fchren:<\/em><\/strong><\/p>\n<ul>\n<li>Rechenschaftspflicht,<\/li>\n<li>Teilnahme,<\/li>\n<li>Transparenz,<\/li>\n<li>Gerechtigkeit,<\/li>\n<li>Ehrlichkeit,<\/li>\n<li>Grunds\u00e4tze und Werte des Umweltbewusstseins,<\/li>\n<\/ul>\n<p>F\u00fcr den Vorstand der Adana Organized Industrial Zone und die Mitarbeiter der Regionaldirektion ist die Bevorzugung unserer Mitarbeiter ein zentraler Wert unserer Politik.<\/p>\n<p>Die Grundbausteine unserer Werte sind faires und ehrliches Handeln, H\u00f6flichkeit, Bescheidenheit und Toleranz, Respekt vor der Gesellschaft und Sensibilit\u00e4t f\u00fcr die Umwelt sowie eine innovative Perspektive.<\/p>\n<p><strong>Unsere Priorit\u00e4ten<\/strong><\/p>\n<ul>\n<li>Qualit\u00e4t statt Quantit\u00e4t,<\/li>\n<li>Nicht nur zu produzieren, sondern mit Mehrwert zu produzieren,<\/li>\n<li>Nicht nur Industrialisierung, sondern Industrialisierung unter Ber\u00fccksichtigung des Schutzes der Umwelt,<\/li>\n<li>Nicht allein zu wachsen, sondern gemeinsam zu wachsen,<\/li>\n<li>Wissen teilen, nicht Wissen verstecken,<\/li>\n<li>Nicht weltabgewandt, sondern weltoffen zu sein,<\/li>\n<li>Es geht nicht darum, die Ressourcen zu nutzen, sondern zun\u00e4chst die Ressourcen zu identifizieren und sie dann richtig einzusetzen,<\/li>\n<li>Ein Interessenvertreter zu sein, der nicht in Konflikt mit Institutionen und Organisationen steht,<\/li>\n<li>Verbesserung des Verfahrens und des Inhalts, nicht der Form,<\/li>\n<li>Respektieren Sie zuerst die Arbeit, nicht das Kapital,<\/li>\n<li>Wir machen es einfacher, nicht schwieriger,<\/li>\n<li>Es geht nicht nur darum, ein Industriegebiet zu sein, sondern ein \u00d6kosystem aufzubauen,<\/li>\n<li>Nicht um mit Menschen Profit zu machen, sondern um unsere Mitarbeiter zu entwickeln und ihnen zu vertrauen...<\/li>\n<\/ul>\n<p>Kurz gesagt, unsere Priorit\u00e4t ist es, eine Kultur zu schaffen. Denn die Fu\u00dfspuren, der Geist und die Gene von Gesellschaften mit einer Kultur reichen in die Geschichte hinein wie die Wurzeln eines Baumes, die tief in den Boden reichen, und lassen sich von ihrer Geschichte inspirieren.<\/p>\n<p><strong>Energiepolitik<\/strong><\/p>\n<p>Als Regionaldirektion f\u00fcr das organisierte Industriegebiet Adana Hac\u0131 Sabanc\u0131 sind wir mit unserer T\u00e4tigkeit an diesem Punkt angelangt, da wir eine Institution sind, die die Energieprinzipien lebendig h\u00e4lt und sich bewusst ist, dass es m\u00f6glich ist, eine nachhaltige Entwicklung zu gew\u00e4hrleisten;<\/p>\n<ul>\n<li>Unterst\u00fctzung bei der Festlegung und Verwirklichung der Ziele der Einrichtung,<\/li>\n<li>Bereitstellung von umweltfreundlicher, sauberer, nachhaltiger, qualitativ hochwertiger und wirtschaftlicher Energie,<\/li>\n<li>Bereitstellung der erforderlichen Ressourcen in den Bereichen Personal, Technologie, Infrastruktur, Finanzen usw., um die Umwelt zu sch\u00fctzen und die Energieeffizienz bei der Durchf\u00fchrung unserer Aktivit\u00e4ten zu erh\u00f6hen,<\/li>\n<li>Beitrag zum Umweltschutz und zur Energieeffizienz durch Nutzung der nat\u00fcrlichen Ressourcen,<\/li>\n<li>Nutzung und Unterst\u00fctzung energieeffizienter Produkte, Dienstleistungen und Technologien,<\/li>\n<li>Durchf\u00fchrung von Projekten zur Verringerung der Treibhausgasemissionen, die sich aus unseren Aktivit\u00e4ten ergeben, und Vorreiterrolle f\u00fcr andere OIZ- und OIZ-Unternehmen bei der Durchf\u00fchrung von Aktivit\u00e4ten zur verst\u00e4rkten Nutzung erneuerbarer Energiequellen,<\/li>\n<li>Die Verwendung umweltfreundlicher, energieeffizienter Technologien bei der Gestaltung der geplanten oder in Zukunft entwickelten Designaktivit\u00e4ten,<\/li>\n<li>Erf\u00fcllung der geltenden rechtlichen und sonstigen Anforderungen in Bezug auf Energie,<\/li>\n<li>Zusammenarbeit mit allen Institutionen und Organisationen, die einen Beitrag zu unseren Prozessen und Aktivit\u00e4ten leisten,<\/li>\n<li>Wir erkl\u00e4ren und verpflichten uns hiermit, eine kontinuierliche Verbesserung und einen nachhaltigen Service auf transparente Weise zu gew\u00e4hrleisten, indem wir Studien und Sensibilisierungsma\u00dfnahmen f\u00fcr unsere Mitarbeiter und Stakeholder durchf\u00fchren, einen umweltfreundlichen und sparsamen Umgang mit Energie sicherstellen und das Verantwortungsbewusstsein st\u00e4rken.<\/li>\n<\/ul>","protected":false},"excerpt":{"rendered":"<p>VISION, MISSION UND WERTE Unsere Vision Wir wollen hervorragende Dienstleistungen mit universellen Qualit\u00e4tsstandards anbieten, die Zufriedenheit unserer Teilnehmer mit dem von uns geschaffenen innovativen AOSB-Konzept auf h\u00f6chstem Niveau halten, eine Marke werden, indem wir ein innovatives, dauerhaftes und beispielhaftes Modell einer organisierten Industriezone im Hinblick auf [...]<\/p>","protected":false},"author":1,"featured_media":0,"parent":24988,"menu_order":20,"comment_status":"closed","ping_status":"closed","template":"","meta":{"_acf_changed":false,"footnotes":""},"class_list":["post-24994","page","type-page","status-publish","format-standard","hentry"],"acf":[],"_links":{"self":[{"href":"https:\/\/en.adanaorganize.org.tr\/de\/wp-json\/wp\/v2\/pages\/24994","targetHints":{"allow":["GET"]}}],"collection":[{"href":"https:\/\/en.adanaorganize.org.tr\/de\/wp-json\/wp\/v2\/pages"}],"about":[{"href":"https:\/\/en.adanaorganize.org.tr\/de\/wp-json\/wp\/v2\/types\/page"}],"author":[{"embeddable":true,"href":"https:\/\/en.adanaorganize.org.tr\/de\/wp-json\/wp\/v2\/users\/1"}],"replies":[{"embeddable":true,"href":"https:\/\/en.adanaorganize.org.tr\/de\/wp-json\/wp\/v2\/comments?post=24994"}],"version-history":[{"count":0,"href":"https:\/\/en.adanaorganize.org.tr\/de\/wp-json\/wp\/v2\/pages\/24994\/revisions"}],"up":[{"embeddable":true,"href":"https:\/\/en.adanaorganize.org.tr\/de\/wp-json\/wp\/v2\/pages\/24988"}],"wp:attachment":[{"href":"https:\/\/en.adanaorganize.org.tr\/de\/wp-json\/wp\/v2\/media?parent=24994"}],"curies":[{"name":"wp","href":"https:\/\/api.w.org\/{rel}","templated":true}]}}