{"id":24992,"date":"2024-10-08T11:15:00","date_gmt":"2024-10-08T11:15:00","guid":{"rendered":"https:\/\/en.adanaorganize.org.tr\/?page_id=24992"},"modified":"2025-04-08T08:45:29","modified_gmt":"2025-04-08T05:45:29","slug":"message-from-the-president","status":"publish","type":"page","link":"https:\/\/en.adanaorganize.org.tr\/de\/unternehmen\/botschaft-des-prasidenten\/","title":{"rendered":"Botschaft des Pr\u00e4sidenten"},"content":{"rendered":"<p><img loading=\"lazy\" decoding=\"async\" class=\"alignnone size-full wp-image-26895\" src=\"https:\/\/en.adanaorganize.org.tr\/wp-content\/uploads\/2025\/04\/bekir-sutcu.jpg.webp\" alt=\"\" width=\"1600\" height=\"900\" srcset=\"https:\/\/en.adanaorganize.org.tr\/wp-content\/uploads\/2025\/04\/bekir-sutcu.jpg.webp 1600w, https:\/\/en.adanaorganize.org.tr\/wp-content\/uploads\/2025\/04\/bekir-sutcu.jpg-300x169.webp 300w, https:\/\/en.adanaorganize.org.tr\/wp-content\/uploads\/2025\/04\/bekir-sutcu.jpg-1024x576.webp 1024w, https:\/\/en.adanaorganize.org.tr\/wp-content\/uploads\/2025\/04\/bekir-sutcu.jpg-768x432.webp 768w, https:\/\/en.adanaorganize.org.tr\/wp-content\/uploads\/2025\/04\/bekir-sutcu.jpg-1536x864.webp 1536w\" sizes=\"auto, (max-width: 1600px) 100vw, 1600px\" \/><\/p>\n<p><strong>Sehr geehrte Industrielle, Interessenvertreter und die gesch\u00e4tzte \u00d6ffentlichkeit,<\/strong><\/p>\n<p>Als Adana Hac\u0131 Sabanc\u0131 Organized Industrial Zone (AOSB) gehen wir mit einer gro\u00dfen Vision und unersch\u00fctterlicher Entschlossenheit ins Jahr 2025. Indem wir die Kraft der industriellen Produktion mit nachhaltiger Entwicklung verbinden, setzen wir unsere Bem\u00fchungen fort, unsere Region zum f\u00fchrenden Industriezentrum der T\u00fcrkei zu machen. Im Einklang mit diesem Ziel zielt unser umfassender Entwicklungs- und Transformationsplan darauf ab, unsere bestehenden Kapazit\u00e4ten zu st\u00e4rken, innovative Schritte zu unternehmen und unsere Region mit zukunftsweisenden Projekten in die Zukunft zu f\u00fchren. Ihre Unterst\u00fctzung und Ihre Beitr\u00e4ge sind unsere gr\u00f6\u00dfte St\u00e4rke auf diesem Weg.<\/p>\n<h3><strong>Expansion und Investitionsbereiche<\/strong><\/h3>\n<p>Zus\u00e4tzlich zu unserer derzeitigen Fl\u00e4che von 17 Millionen Quadratmetern planen wir, unser Gebiet um weitere 6 Millionen Quadratmeter zu erweitern. Im Rahmen dieser Erweiterung wollen wir 100 neue Gewerbefl\u00e4chen schaffen, die unseren Investoren mehr M\u00f6glichkeiten bieten. Dar\u00fcber hinaus bauen wir ein \u00d6kosystem auf, das die Bed\u00fcrfnisse unserer Industriellen durch Schl\u00fcsselprojekte erf\u00fcllt, darunter ein neues\u00a0<strong>40.000 m\u00b3\/Tag Kl\u00e4ranlage<\/strong>, a\u00a0<strong>Kl\u00e4rschlammverbrennungsanlage mit einer Kapazit\u00e4t von 120 Tonnen\/Tag<\/strong>und eine\u00a0<strong>Feuerwache<\/strong>Dies alles wird unsere Infrastruktur st\u00e4rken.<\/p>\n<h3><strong>Nachhaltigkeit und gr\u00fcne Transformation<\/strong><\/h3>\n<p>Wir wollen eine aktive Rolle bei der Bek\u00e4mpfung der globalen Klimakrise spielen und unser Ziel erreichen\u00a0<strong>\"Netto-Null-Kohlenstoff\"<\/strong>\u00a0Ziel zu erreichen, beschleunigen wir unsere\u00a0<strong>Green-Deal-Initiativen<\/strong>. Durch die F\u00f6rderung von Projekten zur Steigerung der Energieeffizienz und die Einf\u00fchrung umweltfreundlicher Praktiken stellen wir sicher, dass unsere Industriellen in diese Prozesse eingebunden werden. Diese Schritte zielen darauf ab, unserer Verantwortung f\u00fcr die Umwelt gerecht zu werden und gleichzeitig die Wettbewerbsf\u00e4higkeit unserer Industrie zu verbessern.<\/p>\n<h3><strong>Bildung und soziale Unterst\u00fctzung<\/strong><\/h3>\n<p>Zur Unterst\u00fctzung\u00a0<strong>Besch\u00e4ftigung von Frauen<\/strong>haben wir eine\u00a0<strong>Kindergartenprojekt<\/strong>\u00a0mit einer Kapazit\u00e4t von\u00a0<strong>200 Studenten<\/strong>\u00a0f\u00fcr die Kinder (3-6 Jahre) von berufst\u00e4tigen M\u00fcttern in unserem Industriegebiet. Dieses Projekt ermutigt nicht nur erwerbst\u00e4tige M\u00fctter zur Teilnahme am Erwerbsleben, sondern tr\u00e4gt auch zur Bildung der k\u00fcnftigen Generationen bei. Durch unsere Bildungs- und Sozialinitiativen wollen wir unsere Region nicht nur zu einem Produktionszentrum machen, sondern auch zu einem\u00a0<strong>bewohnbarer Raum<\/strong>.<\/p>\n<h3><strong>Digitale Transformation und Industrie 4.0-Anwendungen<\/strong><\/h3>\n<p>Die digitale Transformation und Industrie 4.0-Anwendungen geh\u00f6ren zu unseren obersten Priorit\u00e4ten. Um die Produktivit\u00e4t unserer Industriellen zu steigern, f\u00f6rdern wir die digitale Transformation durch\u00a0<strong>Automatisierungssysteme<\/strong>\u00a0und\u00a0<strong>innovative L\u00f6sungen<\/strong>. Auf diese Weise wollen wir den AOSB als einen\u00a0<strong>bahnbrechende Drehscheibe f\u00fcr die intelligente Industrie<\/strong>.<\/p>\n<h3><strong>Projekte zur Steigerung der Energieeffizienz<\/strong><\/h3>\n<p>Wir unternehmen auch bedeutende Schritte in\u00a0<strong>Energie-Effizienz<\/strong>. Durch die F\u00f6rderung der Teilnahme an der\u00a0<strong>Wettbewerb f\u00fcr industrielle Energieeffizienzprojekte (SENVER-25)<\/strong>, organisiert von der\u00a0<strong>Ministerium f\u00fcr Energie und nat\u00fcrliche Ressourcen<\/strong>wollen wir das Bewusstsein f\u00fcr Energieeinsparungen und Energieeffizienz sch\u00e4rfen. Diese Bem\u00fchungen tragen nicht nur dazu bei\u00a0<strong>Umweltvertr\u00e4glichkeit<\/strong>\u00a0sondern auch unseren Industriellen helfen\u00a0<strong>Kosten senken<\/strong>\u00a0und erhalten eine\u00a0<strong>Wettbewerbsvorteil<\/strong>.<\/p>\n<p>Als AOSB bewegen wir uns zuversichtlich auf unsere Ziele f\u00fcr 2025 zu:\u00a0<strong>Steigerung unserer industriellen Produktionskapazit\u00e4t, Gew\u00e4hrleistung einer nachhaltigen Entwicklung und Entwicklung zur f\u00fchrenden organisierten Industriezone der T\u00fcrkei<\/strong>. Wir glauben, dass wir mit Ihrer Unterst\u00fctzung und Ihren Beitr\u00e4gen auf diesem Weg noch st\u00e4rker werden.<\/p>\n<p>Wir w\u00fcnschen Ihnen allen viel Erfolg und gr\u00fc\u00dfen Sie herzlich auf dem Weg in eine gemeinsame Zukunft.<\/p>\n<p><strong>Bekir S\u00dcTC\u00dc<\/strong><br \/>\nVorsitzender des Vorstands, AOSB<\/p>","protected":false},"excerpt":{"rendered":"<p>Sehr geehrte Industrielle, Interessenvertreter und gesch\u00e4tzte \u00d6ffentlichkeit, als Adana Hac\u0131 Sabanc\u0131 Organized Industrial Zone (AOSB) gehen wir mit einer gro\u00dfen Vision und unersch\u00fctterlicher Entschlossenheit ins Jahr 2025. Indem wir die Kraft der industriellen Produktion mit nachhaltiger Entwicklung verbinden, setzen wir unsere Bem\u00fchungen fort, unsere Region zum f\u00fchrenden Industriezentrum der T\u00fcrkei zu machen. Im Einklang mit diesem Ziel, [...]<\/p>","protected":false},"author":1,"featured_media":0,"parent":24988,"menu_order":16,"comment_status":"closed","ping_status":"closed","template":"","meta":{"_acf_changed":false,"footnotes":""},"class_list":["post-24992","page","type-page","status-publish","format-standard","hentry"],"acf":[],"_links":{"self":[{"href":"https:\/\/en.adanaorganize.org.tr\/de\/wp-json\/wp\/v2\/pages\/24992","targetHints":{"allow":["GET"]}}],"collection":[{"href":"https:\/\/en.adanaorganize.org.tr\/de\/wp-json\/wp\/v2\/pages"}],"about":[{"href":"https:\/\/en.adanaorganize.org.tr\/de\/wp-json\/wp\/v2\/types\/page"}],"author":[{"embeddable":true,"href":"https:\/\/en.adanaorganize.org.tr\/de\/wp-json\/wp\/v2\/users\/1"}],"replies":[{"embeddable":true,"href":"https:\/\/en.adanaorganize.org.tr\/de\/wp-json\/wp\/v2\/comments?post=24992"}],"version-history":[{"count":0,"href":"https:\/\/en.adanaorganize.org.tr\/de\/wp-json\/wp\/v2\/pages\/24992\/revisions"}],"up":[{"embeddable":true,"href":"https:\/\/en.adanaorganize.org.tr\/de\/wp-json\/wp\/v2\/pages\/24988"}],"wp:attachment":[{"href":"https:\/\/en.adanaorganize.org.tr\/de\/wp-json\/wp\/v2\/media?parent=24992"}],"curies":[{"name":"wp","href":"https:\/\/api.w.org\/{rel}","templated":true}]}}