{"id":24988,"date":"2024-10-08T10:55:47","date_gmt":"2024-10-08T10:55:47","guid":{"rendered":"https:\/\/en.adanaorganize.org.tr\/?page_id=24988"},"modified":"2025-05-22T13:39:04","modified_gmt":"2025-05-22T10:39:04","slug":"corporate","status":"publish","type":"page","link":"https:\/\/en.adanaorganize.org.tr\/de\/unternehmen\/","title":{"rendered":"Unternehmen"},"content":{"rendered":"<h2 style=\"text-align: left;\">ADANA HACI SABANCI ORGANISIERTE INDUSTRIEZONE<\/h2>\n<p><img loading=\"lazy\" decoding=\"async\" class=\"alignnone wp-image-24989 size-full\" src=\"https:\/\/en.adanaorganize.org.tr\/wp-content\/uploads\/2024\/10\/aosb-bina-1024x681-1.jpg\" alt=\"\" width=\"1024\" height=\"681\" srcset=\"https:\/\/en.adanaorganize.org.tr\/wp-content\/uploads\/2024\/10\/aosb-bina-1024x681-1.jpg 1024w, https:\/\/en.adanaorganize.org.tr\/wp-content\/uploads\/2024\/10\/aosb-bina-1024x681-1-300x200.jpg 300w, https:\/\/en.adanaorganize.org.tr\/wp-content\/uploads\/2024\/10\/aosb-bina-1024x681-1-768x511.jpg 768w\" sizes=\"auto, (max-width: 1024px) 100vw, 1024px\" \/><\/p>\n<p>Seit 1973 ist die Adana Hac\u0131 Sabanc\u0131 Organized Industrial Zone (AOSB) ein Industriestandort, in dem Industrielle mit Vertrauen investieren und die Produktion und Besch\u00e4ftigung kontinuierlich gef\u00f6rdert werden. Seit seiner Gr\u00fcndung hat es sich zu einem der wichtigsten organisierten Industriegebiete nicht nur in Adana, sondern auch in der T\u00fcrkei entwickelt.<\/p>\n<p>Mit ihrer umfangreichen Infrastruktur, ihrem ununterbrochenen Dienstleistungsverst\u00e4ndnis f\u00fcr die Industrie und ihrer Vision, die eine nachhaltige Produktion unterst\u00fctzt, tr\u00e4gt sie sowohl zur regionalen Wirtschaft als auch zur industriellen St\u00e4rke unseres Landes bei.<\/p>\n<p>Auf einer Gesamtfl\u00e4che von rund 2.200 Hektar beherbergt AOSB mehr als 500 Industrieunternehmen und mehr als 42.000 Besch\u00e4ftigte, die in vielen Sektoren - von Textilien \u00fcber Maschinen bis hin zu Chemie und Lebensmitteln - produzieren. Mit seiner modernen Infrastruktur, seinen energieeffizienten Verfahren, umweltfreundlichen Projekten und attraktiven Vorteilen f\u00fcr Investoren ist AOSB nach wie vor die erste Wahl f\u00fcr regionale Industrielle.<\/p>\n<p>AOSB spielt eine aktive Rolle in den Bereichen Bildung, Besch\u00e4ftigung, Umwelt und soziale Verantwortung mit dem Ziel, nicht nur produktionsorientiert, sondern auch ein Lebens- und Entwicklungsraum zu sein. Strukturen wie die \u00c7ukurova-Universit\u00e4t, die AOSB-Berufsschule, die AOSB-Fachschule f\u00fcr Technik, die AOSB-Nachbarschafts-Poliklinik, die mit modernem Design und technologischen Ger\u00e4ten ausgestattet ist, der Kindergarten mit einer Kapazit\u00e4t von 200 Sch\u00fclern und die Betonmischanlage mit einer Produktionskapazit\u00e4t von 260 m3\/Stunde tragen zur Ausbildung von qualifizierten Arbeitskr\u00e4ften bei, w\u00e4hrend in Zusammenarbeit mit der Industrie ein sich st\u00e4ndig weiterentwickelndes \u00d6kosystem geschaffen wird.<\/p>\n<p>Unsere Vision ist es, Adana zu einer Markenstadt in der Industrie mit einer innovativen, umweltfreundlichen und digitalisierten Produktionsinfrastruktur zu machen und AOSB als Modell f\u00fcr eine organisierte Industriezone in der T\u00fcrkei und der Region in der Welt zu f\u00f6rdern.<\/p>\n<p>Unser Auftrag: Effizientere und wettbewerbsf\u00e4higere Produktionsprozesse durch die Bereitstellung von Infrastruktur und Dienstleistungen nach internationalen Standards f\u00fcr unsere Industriellen; Schaffung eines nachhaltigen und umweltfreundlichen industriellen \u00d6kosystems, das die regionale Entwicklung unterst\u00fctzt.<\/p>","protected":false},"excerpt":{"rendered":"<p>ADANA HACI SABANCI ORGANISIERTE INDUSTRIEZONE Seit 1973 fungiert die Adana Hac\u0131 Sabanc\u0131 Organisierte Industriezone (AOSB) als industrieller Standort, an dem Industrielle mit Vertrauen investieren und an dem Produktion und Besch\u00e4ftigung kontinuierlich gef\u00f6rdert werden. Seit ihrer Gr\u00fcndung hat sie sich zu einer der wichtigsten organisierten Industriezonen nicht nur in Adana, sondern auch [...]<\/p>","protected":false},"author":1,"featured_media":0,"parent":0,"menu_order":8,"comment_status":"closed","ping_status":"closed","template":"","meta":{"_acf_changed":false,"footnotes":""},"class_list":["post-24988","page","type-page","status-publish","format-standard","hentry"],"acf":[],"_links":{"self":[{"href":"https:\/\/en.adanaorganize.org.tr\/de\/wp-json\/wp\/v2\/pages\/24988","targetHints":{"allow":["GET"]}}],"collection":[{"href":"https:\/\/en.adanaorganize.org.tr\/de\/wp-json\/wp\/v2\/pages"}],"about":[{"href":"https:\/\/en.adanaorganize.org.tr\/de\/wp-json\/wp\/v2\/types\/page"}],"author":[{"embeddable":true,"href":"https:\/\/en.adanaorganize.org.tr\/de\/wp-json\/wp\/v2\/users\/1"}],"replies":[{"embeddable":true,"href":"https:\/\/en.adanaorganize.org.tr\/de\/wp-json\/wp\/v2\/comments?post=24988"}],"version-history":[{"count":0,"href":"https:\/\/en.adanaorganize.org.tr\/de\/wp-json\/wp\/v2\/pages\/24988\/revisions"}],"wp:attachment":[{"href":"https:\/\/en.adanaorganize.org.tr\/de\/wp-json\/wp\/v2\/media?parent=24988"}],"curies":[{"name":"wp","href":"https:\/\/api.w.org\/{rel}","templated":true}]}}